{"id":42340,"date":"2021-05-16T14:50:35","date_gmt":"2021-05-16T13:50:35","guid":{"rendered":"https:\/\/ev-charger-shop.com\/?post_type=product&#038;p=42340"},"modified":"2021-05-16T15:41:05","modified_gmt":"2021-05-16T14:41:05","slug":"charging-cable-gc-type-2-7-2-kw-32a-7m-long-ev10","status":"publish","type":"product","link":"https:\/\/ev-charger-shop.com\/de\/shop\/accessories\/charging-cable-gc-type-2-7-2-kw-32a-7m-long-ev10\/","title":{"rendered":"Ladekabel - GC - Typ 2 - 7,2 kW - 32A - 7m L\u00e4nge - EV10"},"content":{"rendered":"<div class=\"page\" title=\"Page 14\">\n<div class=\"section\">\n<div class=\"layoutArea\">\n<div class=\"column\">\n<p>GV EV Typ 2 zu Typ 2 EV-Ladekabel<\/p>\n<table>\n<tbody>\n<tr>\n<td width=\"255\">\n<ul>\n<li>Leistung: 7,2 kW<\/li>\n<\/ul>\n<\/td>\n<td width=\"255\">\n<ul>\n<li>Typ 2 zu Typ 2<\/li>\n<\/ul>\n<\/td>\n<\/tr>\n<tr>\n<td width=\"255\">\n<ul>\n<li>7m L\u00e4nge<\/li>\n<\/ul>\n<\/td>\n<td width=\"255\">\n<ul>\n<li>Schwarz<\/li>\n<\/ul>\n<\/td>\n<\/tr>\n<tr>\n<td width=\"255\">\n<ul>\n<li>24 Monate Garantie<\/li>\n<\/ul>\n<\/td>\n<td width=\"255\">\n<ul>\n<li>Temperaturbereich:<\/li>\n<li>-30\u00b0C bis +50\u00b0C<\/li>\n<\/ul>\n<\/td>\n<\/tr>\n<tr>\n<td width=\"255\">\n<ul>\n<li>Gewicht: 3,5kg<\/li>\n<\/ul>\n<\/td>\n<td width=\"255\">\n<ul>\n<li>Zertifizierung: IP55, UL94V-0<\/li>\n<\/ul>\n<\/td>\n<\/tr>\n<tr>\n<td width=\"255\">\n<ul>\n<li>Produktname: EV10<\/li>\n<\/ul>\n<\/td>\n<td width=\"255\">\n<ul>\n<li>Tasche inklusive<\/li>\n<\/ul>\n<\/td>\n<\/tr>\n<tr>\n<td width=\"255\">\n<ul>\n<li>Resistent gegen Besch\u00e4digungen<\/li>\n<\/ul>\n<\/td>\n<td width=\"255\">\n<ul>\n<li>Fl\u00fcssigkeitsresistent<\/li>\n<\/ul>\n<\/td>\n<\/tr>\n<\/tbody>\n<\/table>\n<\/div>\n<\/div>\n<\/div>\n<\/div>","protected":false},"excerpt":{"rendered":"<p>Mit dem GC Typ 2 Kabel k\u00f6nnen Sie Ihr Elektroauto schnell mit bis zu 7,2kW Leistung aufladen. Sparen Sie mehrere Stunden durch die Verk\u00fcrzung der AC-Ladezeit bei minimalem unterbrechungsfreiem Laden.<br \/>\nDas 7 Meter lange GC-Kabel verf\u00fcgt \u00fcber den g\u00e4ngigsten Typ-2-Stecker, so dass Sie Ihr Elektrofahrzeug bequem an jede Ladestation in Europa anschlie\u00dfen k\u00f6nnen.<br \/>\nDie verst\u00e4rkte Kabelkonstruktion sorgt f\u00fcr Langlebigkeit mit bis zu 10.000 Anschl\u00fcssen. Eine Reihe von Normen gew\u00e4hrleistet die Sicherheit der Verwendung sowie die Widerstandsf\u00e4higkeit gegen mechanische Besch\u00e4digungen.<\/p>\n<p>&nbsp;<\/p>","protected":false},"featured_media":42235,"template":"","meta":{"_monsterinsights_skip_tracking":false,"_monsterinsights_sitenote_active":false,"_monsterinsights_sitenote_note":"","_monsterinsights_sitenote_category":0},"product_brand":[],"product_cat":[51,186],"product_tag":[],"class_list":{"0":"post-42340","1":"product","2":"type-product","3":"status-publish","4":"has-post-thumbnail","6":"product_cat-accessories","7":"product_cat-charging-cable","9":"first","10":"instock","11":"taxable","12":"shipping-taxable","13":"purchasable","14":"product-type-simple"},"yoast_head":"<!-- This site is optimized with the Yoast SEO plugin v27.2 - https:\/\/yoast.com\/product\/yoast-seo-wordpress\/ -->\n<title>GC EV Type 2 EV Charging Cable EV10 from the EV Charger Shop<\/title>\n<meta name=\"description\" content=\"GC Type 2 EV Charging Cable, EV10 with bag, for tidy storage from the EV Charger Shop the online portal for all EV needs.\" \/>\n<meta name=\"robots\" content=\"index, follow, max-snippet:-1, max-image-preview:large, max-video-preview:-1\" \/>\n<link rel=\"canonical\" href=\"http:\/\/ev-charger-shop.com\/de\/shop\/accessories\/charging-cable-gc-type-2-7-2-kw-32a-7m-long-ev10\/\" \/>\n<meta property=\"og:locale\" content=\"de_DE\" \/>\n<meta property=\"og:type\" content=\"article\" \/>\n<meta property=\"og:title\" content=\"GC EV Type 2 EV Charging Cable EV10 from the EV Charger Shop\" \/>\n<meta property=\"og:description\" content=\"GC Type 2 EV Charging Cable, EV10 with bag, for tidy storage from the EV Charger Shop the online portal for all EV needs.\" \/>\n<meta property=\"og:url\" content=\"http:\/\/ev-charger-shop.com\/de\/shop\/accessories\/charging-cable-gc-type-2-7-2-kw-32a-7m-long-ev10\/\" \/>\n<meta property=\"og:site_name\" content=\"EVIG\" \/>\n<meta property=\"article:modified_time\" content=\"2021-05-16T14:41:05+00:00\" \/>\n<meta property=\"og:image\" content=\"https:\/\/ev-charger-shop.com\/wp-content\/uploads\/2021\/04\/Screenshot-2021-04-22-at-20.54.53.png\" \/>\n\t<meta property=\"og:image:width\" content=\"778\" \/>\n\t<meta property=\"og:image:height\" content=\"722\" \/>\n\t<meta property=\"og:image:type\" content=\"image\/png\" \/>\n<meta name=\"twitter:card\" content=\"summary_large_image\" \/>\n<meta name=\"twitter:label1\" content=\"Gesch\u00e4tzte Lesezeit\" \/>\n\t<meta name=\"twitter:data1\" content=\"1\u00a0Minute\" \/>\n<script type=\"application\/ld+json\" class=\"yoast-schema-graph\">{\"@context\":\"https:\/\/schema.org\",\"@graph\":[{\"@type\":\"WebPage\",\"@id\":\"http:\/\/ev-charger-shop.com\/de\/shop\/accessories\/charging-cable-gc-type-2-7-2-kw-32a-7m-long-ev10\/\",\"url\":\"http:\/\/ev-charger-shop.com\/de\/shop\/accessories\/charging-cable-gc-type-2-7-2-kw-32a-7m-long-ev10\/\",\"name\":\"GC EV Type 2 EV Charging Cable EV10 from the EV Charger Shop\",\"isPartOf\":{\"@id\":\"https:\/\/ev-charger-shop.com\/#website\"},\"primaryImageOfPage\":{\"@id\":\"http:\/\/ev-charger-shop.com\/de\/shop\/accessories\/charging-cable-gc-type-2-7-2-kw-32a-7m-long-ev10\/#primaryimage\"},\"image\":{\"@id\":\"http:\/\/ev-charger-shop.com\/de\/shop\/accessories\/charging-cable-gc-type-2-7-2-kw-32a-7m-long-ev10\/#primaryimage\"},\"thumbnailUrl\":\"https:\/\/ev-charger-shop.com\/wp-content\/uploads\/2021\/04\/Screenshot-2021-04-22-at-20.54.53.png\",\"datePublished\":\"2021-05-16T13:50:35+00:00\",\"dateModified\":\"2021-05-16T14:41:05+00:00\",\"description\":\"GC Type 2 EV Charging Cable, EV10 with bag, for tidy storage from the EV Charger Shop the online portal for all EV needs.\",\"breadcrumb\":{\"@id\":\"http:\/\/ev-charger-shop.com\/de\/shop\/accessories\/charging-cable-gc-type-2-7-2-kw-32a-7m-long-ev10\/#breadcrumb\"},\"inLanguage\":\"de\",\"potentialAction\":[{\"@type\":\"ReadAction\",\"target\":[\"http:\/\/ev-charger-shop.com\/de\/shop\/accessories\/charging-cable-gc-type-2-7-2-kw-32a-7m-long-ev10\/\"]}]},{\"@type\":\"ImageObject\",\"inLanguage\":\"de\",\"@id\":\"http:\/\/ev-charger-shop.com\/de\/shop\/accessories\/charging-cable-gc-type-2-7-2-kw-32a-7m-long-ev10\/#primaryimage\",\"url\":\"https:\/\/ev-charger-shop.com\/wp-content\/uploads\/2021\/04\/Screenshot-2021-04-22-at-20.54.53.png\",\"contentUrl\":\"https:\/\/ev-charger-shop.com\/wp-content\/uploads\/2021\/04\/Screenshot-2021-04-22-at-20.54.53.png\",\"width\":778,\"height\":722,\"caption\":\"GC Cable with Bag\"},{\"@type\":\"BreadcrumbList\",\"@id\":\"http:\/\/ev-charger-shop.com\/de\/shop\/accessories\/charging-cable-gc-type-2-7-2-kw-32a-7m-long-ev10\/#breadcrumb\",\"itemListElement\":[{\"@type\":\"ListItem\",\"position\":1,\"name\":\"Home\",\"item\":\"https:\/\/ev-charger-shop.com\/\"},{\"@type\":\"ListItem\",\"position\":2,\"name\":\"Shop\",\"item\":\"https:\/\/ev-charger-shop.com\/de\/shop\/\"},{\"@type\":\"ListItem\",\"position\":3,\"name\":\"Charging Cable &#8211; GC &#8211; Type 2 &#8211; 7,2 kW &#8211; 32A &#8211; 7m Long &#8211; EV10\"}]},{\"@type\":\"WebSite\",\"@id\":\"https:\/\/ev-charger-shop.com\/#website\",\"url\":\"https:\/\/ev-charger-shop.com\/\",\"name\":\"EVIG\",\"description\":\"The EV Innovation Group\",\"publisher\":{\"@id\":\"https:\/\/ev-charger-shop.com\/#organization\"},\"potentialAction\":[{\"@type\":\"SearchAction\",\"target\":{\"@type\":\"EntryPoint\",\"urlTemplate\":\"https:\/\/ev-charger-shop.com\/?s={search_term_string}\"},\"query-input\":{\"@type\":\"PropertyValueSpecification\",\"valueRequired\":true,\"valueName\":\"search_term_string\"}}],\"inLanguage\":\"de\"},{\"@type\":\"Organization\",\"@id\":\"https:\/\/ev-charger-shop.com\/#organization\",\"name\":\"EVIG electric vehicle chargers\",\"url\":\"https:\/\/ev-charger-shop.com\/\",\"logo\":{\"@type\":\"ImageObject\",\"inLanguage\":\"de\",\"@id\":\"https:\/\/ev-charger-shop.com\/#\/schema\/logo\/image\/\",\"url\":\"https:\/\/ev-charger-shop.com\/wp-content\/uploads\/2019\/08\/evig-icon.svg\",\"contentUrl\":\"https:\/\/ev-charger-shop.com\/wp-content\/uploads\/2019\/08\/evig-icon.svg\",\"width\":66,\"height\":66,\"caption\":\"EVIG electric vehicle chargers\"},\"image\":{\"@id\":\"https:\/\/ev-charger-shop.com\/#\/schema\/logo\/image\/\"},\"sameAs\":[\"https:\/\/instagram.com\/eviggmbh?igshid=18y9i2pnmf79a\",\"https:\/\/www.linkedin.com\/company\/ev-ig\/\"]}]}<\/script>\n<!-- \/ Yoast SEO plugin. -->","yoast_head_json":{"title":"GC EV Type 2 EV Charging Cable EV10 from the EV Charger Shop","description":"GC Type 2 EV Charging Cable, EV10 with bag, for tidy storage from the EV Charger Shop the online portal for all EV needs.","robots":{"index":"index","follow":"follow","max-snippet":"max-snippet:-1","max-image-preview":"max-image-preview:large","max-video-preview":"max-video-preview:-1"},"canonical":"http:\/\/ev-charger-shop.com\/de\/shop\/accessories\/charging-cable-gc-type-2-7-2-kw-32a-7m-long-ev10\/","og_locale":"de_DE","og_type":"article","og_title":"GC EV Type 2 EV Charging Cable EV10 from the EV Charger Shop","og_description":"GC Type 2 EV Charging Cable, EV10 with bag, for tidy storage from the EV Charger Shop the online portal for all EV needs.","og_url":"http:\/\/ev-charger-shop.com\/de\/shop\/accessories\/charging-cable-gc-type-2-7-2-kw-32a-7m-long-ev10\/","og_site_name":"EVIG","article_modified_time":"2021-05-16T14:41:05+00:00","og_image":[{"width":778,"height":722,"url":"https:\/\/ev-charger-shop.com\/wp-content\/uploads\/2021\/04\/Screenshot-2021-04-22-at-20.54.53.png","type":"image\/png"}],"twitter_card":"summary_large_image","twitter_misc":{"Gesch\u00e4tzte Lesezeit":"1\u00a0Minute"},"schema":{"@context":"https:\/\/schema.org","@graph":[{"@type":"WebPage","@id":"http:\/\/ev-charger-shop.com\/de\/shop\/accessories\/charging-cable-gc-type-2-7-2-kw-32a-7m-long-ev10\/","url":"http:\/\/ev-charger-shop.com\/de\/shop\/accessories\/charging-cable-gc-type-2-7-2-kw-32a-7m-long-ev10\/","name":"GC EV Type 2 EV Charging Cable EV10 from the EV Charger Shop","isPartOf":{"@id":"https:\/\/ev-charger-shop.com\/#website"},"primaryImageOfPage":{"@id":"http:\/\/ev-charger-shop.com\/de\/shop\/accessories\/charging-cable-gc-type-2-7-2-kw-32a-7m-long-ev10\/#primaryimage"},"image":{"@id":"http:\/\/ev-charger-shop.com\/de\/shop\/accessories\/charging-cable-gc-type-2-7-2-kw-32a-7m-long-ev10\/#primaryimage"},"thumbnailUrl":"https:\/\/ev-charger-shop.com\/wp-content\/uploads\/2021\/04\/Screenshot-2021-04-22-at-20.54.53.png","datePublished":"2021-05-16T13:50:35+00:00","dateModified":"2021-05-16T14:41:05+00:00","description":"GC Type 2 EV Charging Cable, EV10 with bag, for tidy storage from the EV Charger Shop the online portal for all EV needs.","breadcrumb":{"@id":"http:\/\/ev-charger-shop.com\/de\/shop\/accessories\/charging-cable-gc-type-2-7-2-kw-32a-7m-long-ev10\/#breadcrumb"},"inLanguage":"de","potentialAction":[{"@type":"ReadAction","target":["http:\/\/ev-charger-shop.com\/de\/shop\/accessories\/charging-cable-gc-type-2-7-2-kw-32a-7m-long-ev10\/"]}]},{"@type":"ImageObject","inLanguage":"de","@id":"http:\/\/ev-charger-shop.com\/de\/shop\/accessories\/charging-cable-gc-type-2-7-2-kw-32a-7m-long-ev10\/#primaryimage","url":"https:\/\/ev-charger-shop.com\/wp-content\/uploads\/2021\/04\/Screenshot-2021-04-22-at-20.54.53.png","contentUrl":"https:\/\/ev-charger-shop.com\/wp-content\/uploads\/2021\/04\/Screenshot-2021-04-22-at-20.54.53.png","width":778,"height":722,"caption":"GC Cable with Bag"},{"@type":"BreadcrumbList","@id":"http:\/\/ev-charger-shop.com\/de\/shop\/accessories\/charging-cable-gc-type-2-7-2-kw-32a-7m-long-ev10\/#breadcrumb","itemListElement":[{"@type":"ListItem","position":1,"name":"Home","item":"https:\/\/ev-charger-shop.com\/"},{"@type":"ListItem","position":2,"name":"Shop","item":"https:\/\/ev-charger-shop.com\/de\/shop\/"},{"@type":"ListItem","position":3,"name":"Charging Cable &#8211; GC &#8211; Type 2 &#8211; 7,2 kW &#8211; 32A &#8211; 7m Long &#8211; EV10"}]},{"@type":"WebSite","@id":"https:\/\/ev-charger-shop.com\/#website","url":"https:\/\/ev-charger-shop.com\/","name":"EVIG","description":"The EV Innovation Group","publisher":{"@id":"https:\/\/ev-charger-shop.com\/#organization"},"potentialAction":[{"@type":"SearchAction","target":{"@type":"EntryPoint","urlTemplate":"https:\/\/ev-charger-shop.com\/?s={search_term_string}"},"query-input":{"@type":"PropertyValueSpecification","valueRequired":true,"valueName":"search_term_string"}}],"inLanguage":"de"},{"@type":"Organization","@id":"https:\/\/ev-charger-shop.com\/#organization","name":"EVIG electric vehicle chargers","url":"https:\/\/ev-charger-shop.com\/","logo":{"@type":"ImageObject","inLanguage":"de","@id":"https:\/\/ev-charger-shop.com\/#\/schema\/logo\/image\/","url":"https:\/\/ev-charger-shop.com\/wp-content\/uploads\/2019\/08\/evig-icon.svg","contentUrl":"https:\/\/ev-charger-shop.com\/wp-content\/uploads\/2019\/08\/evig-icon.svg","width":66,"height":66,"caption":"EVIG electric vehicle chargers"},"image":{"@id":"https:\/\/ev-charger-shop.com\/#\/schema\/logo\/image\/"},"sameAs":["https:\/\/instagram.com\/eviggmbh?igshid=18y9i2pnmf79a","https:\/\/www.linkedin.com\/company\/ev-ig\/"]}]}},"_links":{"self":[{"href":"https:\/\/ev-charger-shop.com\/de\/wp-json\/wp\/v2\/product\/42340","targetHints":{"allow":["GET"]}}],"collection":[{"href":"https:\/\/ev-charger-shop.com\/de\/wp-json\/wp\/v2\/product"}],"about":[{"href":"https:\/\/ev-charger-shop.com\/de\/wp-json\/wp\/v2\/types\/product"}],"wp:featuredmedia":[{"embeddable":true,"href":"https:\/\/ev-charger-shop.com\/de\/wp-json\/wp\/v2\/media\/42235"}],"wp:attachment":[{"href":"https:\/\/ev-charger-shop.com\/de\/wp-json\/wp\/v2\/media?parent=42340"}],"wp:term":[{"taxonomy":"product_brand","embeddable":true,"href":"https:\/\/ev-charger-shop.com\/de\/wp-json\/wp\/v2\/product_brand?post=42340"},{"taxonomy":"product_cat","embeddable":true,"href":"https:\/\/ev-charger-shop.com\/de\/wp-json\/wp\/v2\/product_cat?post=42340"},{"taxonomy":"product_tag","embeddable":true,"href":"https:\/\/ev-charger-shop.com\/de\/wp-json\/wp\/v2\/product_tag?post=42340"}],"curies":[{"name":"wp","href":"https:\/\/api.w.org\/{rel}","templated":true}]}}