{"id":42084,"date":"2021-01-19T13:22:57","date_gmt":"2021-01-19T13:22:57","guid":{"rendered":"https:\/\/ev-charger-shop.com\/?post_type=product&#038;p=42084"},"modified":"2025-09-19T09:46:22","modified_gmt":"2025-09-19T08:46:22","slug":"pulsar-plus-22-kw-with-5m-cable","status":"publish","type":"product","link":"https:\/\/ev-charger-shop.com\/de\/shop\/home-charger\/pulsar-plus-22-kw-with-5m-cable\/","title":{"rendered":"Wallbox Pulsar Plus 22kW mit 5m Kabel"},"content":{"rendered":"<div class=\"page\" title=\"Page 1\">\n<div class=\"section\">\n<div class=\"layoutArea\">\n<div class=\"column\">\n<div class=\"page\" title=\"Page 1\">\n<div class=\"section\">\n<div class=\"layoutArea\">\n<div class=\"column\">\n<table>\n<tbody>\n<tr>\n<td width=\"255\">\n<ul>\n<li>Leistung: bis zu 22kW (3-Phasen)<\/li>\n<\/ul>\n<\/td>\n<td width=\"255\">\n<ul>\n<li>5m langes Kabel mit Typ 2-Stecker<\/li>\n<\/ul>\n<\/td>\n<\/tr>\n<tr>\n<td width=\"255\">\n<ul>\n<li>Verbunden \u00fcber WiFi und Bluetooth<\/li>\n<\/ul>\n<\/td>\n<td width=\"255\">\n<ul>\n<li>LED Ladestatusanzeige<\/li>\n<\/ul>\n<\/td>\n<\/tr>\n<tr>\n<td width=\"255\">\n<ul>\n<li>Steuerung \u00fcber myWallbox-App<\/li>\n<\/ul>\n<\/td>\n<td width=\"255\">\n<ul>\n<li>Authentifizierung per App\n(Nicht RFID-f\u00e4hig)<\/li>\n<\/ul>\n<\/td>\n<\/tr>\n<tr>\n<td width=\"255\">\n<ul>\n<li>OCPP befindet sich in der Entwicklung<\/li>\n<\/ul>\n<\/td>\n<td width=\"255\">\n<ul>\n<li>Lastmanagement in Kombination mit Wallbox Power Sharing und Power Boost (separat erh\u00e4ltlich)<\/li>\n<\/ul>\n<\/td>\n<\/tr>\n<tr>\n<td width=\"255\">\n<ul>\n<li>Betriebstemperatur: -25\u00b0C bis 40\u00b0C<\/li>\n<\/ul>\n<\/td>\n<td width=\"255\">\n<ul>\n<li>IP54 &amp; IK08<\/li>\n<\/ul>\n<\/td>\n<\/tr>\n<tr>\n<td width=\"255\">\n<ul>\n<li>Installation mit RCB-Typ-A-Schutzschalter<\/li>\n<\/ul>\n<\/td>\n<td width=\"255\">\n<ul>\n<li>2 Jahre Herstellergarantie<\/li>\n<\/ul>\n<\/td>\n<\/tr>\n<\/tbody>\n<\/table>\n<\/div>\n<\/div>\n<div class=\"layoutArea\">\n<div class=\"column\">\n<p>Die Wallbox Pulsar Plus wurde in 2019 als Fortsetzung der Wallbox Pulsar-Produktlinie herausgebracht.<\/p>\n<h4>Datenbl\u00e4tter<\/h4>\n<p><a href=\"https:\/\/ev-charger-shop.com\/wp-content\/uploads\/2020\/05\/Wallbox-IG-PULSAR-and-PULSAR-PLUS_ML.pdf\" target=\"_blank\" rel=\"noopener noreferrer\">Wallbox IG-PULSAR-and-PULSAR-PLUS_ML<\/a><\/p>\n<p><a href=\"https:\/\/ev-charger-shop.com\/wp-content\/uploads\/2020\/05\/Wallbox-Pulsar-Plus_DE.pdf\" target=\"_blank\" rel=\"noopener noreferrer\">DE_Wallbox Pulsar Plus<\/a><\/p>\n<p><a href=\"https:\/\/ev-charger-shop.com\/wp-content\/uploads\/2020\/05\/WallBox-Pulsar-Plus_EN.pdf\" target=\"_blank\" rel=\"noopener noreferrer\">EN_WallBox Pulsar Plus<\/a><\/p>\n<h4>\u00dcBER WALLBOX<\/h4>\n<p>Wallbox beschreibt sich selbst als ein globales Scale-up, das sich der Ver\u00e4nderung der weltweiten Energienutzung verschrieben hat. Von Barcelona aus ist das in 2015 gegr\u00fcndete Unternehmen in \u00fcber 40 L\u00e4ndern aktiv und hat B\u00fcros in Barcelona, Madrid, China und den USA. Wallbox ist ein sehr ehrgeiziges Unternehmen, das ein Verst\u00e4ndnis f\u00fcr die Bed\u00fcrfnisse der Verbraucher mit Innovationsgeist und einem Auge f\u00fcr Design verbindet.<\/p>\n<p>In ihren eigenen Worten: \"Wir entwickeln intelligente Ladesysteme f\u00fcr Elektrofahrzeuge, die modernste Technologie mit einem herausragenden Design kombinieren, weil wir glauben, dass Design genauso wichtig ist wie Technologie. Und um ein ganzheitliches Erlebnis zu bieten, wird die Kommunikation zwischen dem Auto und dem Ladeger\u00e4t \u00fcber eine einfach zu bedienende App gesteuert. Wir sind ein Team von Tr\u00e4umern, Machern und Gestaltern, das weltweit daran arbeitet, den Weg zum nachhaltigen elektrischen Transport zu ebnen. Mehr als 200 engagierte Experten aus \u00fcber 20 verschiedenen Nationen arbeiten gemeinsam daran, dieses Ziel zu erreichen.\"<\/p>\n<p><a href=\"https:\/\/wallbox.com\/en_catalog\/\">www.wallbox.com<\/a><\/p>\n<\/div>\n<\/div>\n<\/div>\n<\/div>\n<\/div>\n<\/div>\n<\/div>\n<\/div>","protected":false},"excerpt":{"rendered":"<h3 style=\"text-align: left;\">Merkmale<\/h3>\n<ul>\n<li>KfW 441 und KfW 439 f\u00f6rderf\u00e4hige Wallbox<\/li>\n<li>Ladung mit bis zu 22 kW (bis zu 10-mal schneller als an einer normalen Haushaltssteckdose)<\/li>\n<li>kompaktes und leichtes Design ( 166 x 163 x 82mm)<\/li>\n<li>Lieferung mit einem 5m langen Ladekabel und Typ 2-Stecker<\/li>\n<li>Praktische L\u00f6sungen f\u00fcr die Kabelaufbewahrung mit Kabel- und Steckerhalterung (separat erh\u00e4ltlich)<\/li>\n<li>\u00dcberwachung und Steuerung der Ladung \u00fcber App<\/li>\n<li>Erh\u00e4ltlich in schwarz oder wei\u00df<\/li>\n<\/ul>\n<p>Wallbox Pulsar Plus ist ein praktisches, intelligentes Ladesystem f\u00fcr Elektrofahrzeuge und Plug-in-Hybride, das \u00fcber Wi-Fi oder Bluetooth mit der Lademanagement-Plattform myWallbox verbunden wird. Der Pulsar Plus ist serienm\u00e4\u00dfig mit einem integrierten DC-Auslaufschutz ausgestattet.<\/p>","protected":false},"featured_media":120,"template":"","meta":{"_monsterinsights_skip_tracking":false,"_monsterinsights_sitenote_active":false,"_monsterinsights_sitenote_note":"","_monsterinsights_sitenote_category":0},"product_brand":[],"product_cat":[25,171],"product_tag":[174,175,176],"class_list":{"0":"post-42084","1":"product","2":"type-product","3":"status-publish","4":"has-post-thumbnail","6":"product_cat-home-charger","7":"product_cat-wallbox","8":"product_tag-22kw","9":"product_tag-5m","10":"product_tag-type2","11":"product_shipping_class-wallbox","12":"pa_cable-5m-typ2","13":"pa_power-22kw","15":"first","16":"instock","17":"taxable","18":"shipping-taxable","19":"purchasable","20":"product-type-simple"},"yoast_head":"<!-- This site is optimized with the Yoast SEO plugin v27.2 - https:\/\/yoast.com\/product\/yoast-seo-wordpress\/ -->\n<title>Wallbox Pulsar Plus 22kW with 5m Cable | EV Charger Shop<\/title>\n<meta name=\"description\" content=\"Wallbox Pulsar Plus 22kW with 5m Cable | Type 2 EV charger sold in black and white | Electric car charger from Wallbox | Home Pod\" \/>\n<meta name=\"robots\" content=\"index, follow, max-snippet:-1, max-image-preview:large, max-video-preview:-1\" \/>\n<link rel=\"canonical\" href=\"https:\/\/ev-charger-shop.com\/de\/shop\/home-charger\/pulsar-plus-22-kw-with-5m-cable\/\" \/>\n<meta property=\"og:locale\" content=\"de_DE\" \/>\n<meta property=\"og:type\" content=\"article\" \/>\n<meta property=\"og:title\" content=\"Wallbox Pulsar Plus 22kW with 5m Cable | EV Charger Shop\" \/>\n<meta property=\"og:description\" content=\"Wallbox Pulsar Plus 22kW with 5m Cable | Type 2 EV charger sold in black and white | Electric car charger from Wallbox | Home Pod\" \/>\n<meta property=\"og:url\" content=\"https:\/\/ev-charger-shop.com\/de\/shop\/home-charger\/pulsar-plus-22-kw-with-5m-cable\/\" \/>\n<meta property=\"og:site_name\" content=\"EVIG\" \/>\n<meta property=\"article:modified_time\" content=\"2025-09-19T08:46:22+00:00\" \/>\n<meta property=\"og:image\" content=\"https:\/\/ev-charger-shop.com\/wp-content\/uploads\/2019\/09\/pulsar-plus1.jpg\" \/>\n\t<meta property=\"og:image:width\" content=\"658\" \/>\n\t<meta property=\"og:image:height\" content=\"658\" \/>\n\t<meta property=\"og:image:type\" content=\"image\/jpeg\" \/>\n<meta name=\"twitter:card\" content=\"summary_large_image\" \/>\n<meta name=\"twitter:label1\" content=\"Gesch\u00e4tzte Lesezeit\" \/>\n\t<meta name=\"twitter:data1\" content=\"2\u00a0Minuten\" \/>\n<script type=\"application\/ld+json\" class=\"yoast-schema-graph\">{\"@context\":\"https:\/\/schema.org\",\"@graph\":[{\"@type\":\"WebPage\",\"@id\":\"https:\/\/ev-charger-shop.com\/shop\/home-charger\/pulsar-plus-22-kw-with-5m-cable\/\",\"url\":\"https:\/\/ev-charger-shop.com\/shop\/home-charger\/pulsar-plus-22-kw-with-5m-cable\/\",\"name\":\"Wallbox Pulsar Plus 22kW with 5m Cable | EV Charger Shop\",\"isPartOf\":{\"@id\":\"https:\/\/ev-charger-shop.com\/#website\"},\"primaryImageOfPage\":{\"@id\":\"https:\/\/ev-charger-shop.com\/shop\/home-charger\/pulsar-plus-22-kw-with-5m-cable\/#primaryimage\"},\"image\":{\"@id\":\"https:\/\/ev-charger-shop.com\/shop\/home-charger\/pulsar-plus-22-kw-with-5m-cable\/#primaryimage\"},\"thumbnailUrl\":\"https:\/\/ev-charger-shop.com\/wp-content\/uploads\/2019\/09\/pulsar-plus1.jpg\",\"datePublished\":\"2021-01-19T13:22:57+00:00\",\"dateModified\":\"2025-09-19T08:46:22+00:00\",\"description\":\"Wallbox Pulsar Plus 22kW with 5m Cable | Type 2 EV charger sold in black and white | Electric car charger from Wallbox | Home Pod\",\"breadcrumb\":{\"@id\":\"https:\/\/ev-charger-shop.com\/shop\/home-charger\/pulsar-plus-22-kw-with-5m-cable\/#breadcrumb\"},\"inLanguage\":\"de\",\"potentialAction\":[{\"@type\":\"ReadAction\",\"target\":[\"https:\/\/ev-charger-shop.com\/shop\/home-charger\/pulsar-plus-22-kw-with-5m-cable\/\"]}]},{\"@type\":\"ImageObject\",\"inLanguage\":\"de\",\"@id\":\"https:\/\/ev-charger-shop.com\/shop\/home-charger\/pulsar-plus-22-kw-with-5m-cable\/#primaryimage\",\"url\":\"https:\/\/ev-charger-shop.com\/wp-content\/uploads\/2019\/09\/pulsar-plus1.jpg\",\"contentUrl\":\"https:\/\/ev-charger-shop.com\/wp-content\/uploads\/2019\/09\/pulsar-plus1.jpg\",\"width\":658,\"height\":658,\"caption\":\"Wallbox pulsar plus ev charger in black\"},{\"@type\":\"BreadcrumbList\",\"@id\":\"https:\/\/ev-charger-shop.com\/shop\/home-charger\/pulsar-plus-22-kw-with-5m-cable\/#breadcrumb\",\"itemListElement\":[{\"@type\":\"ListItem\",\"position\":1,\"name\":\"Home\",\"item\":\"https:\/\/ev-charger-shop.com\/\"},{\"@type\":\"ListItem\",\"position\":2,\"name\":\"Shop\",\"item\":\"https:\/\/ev-charger-shop.com\/de\/shop\/\"},{\"@type\":\"ListItem\",\"position\":3,\"name\":\"Wallbox Pulsar Plus 22kW with 5m Cable\"}]},{\"@type\":\"WebSite\",\"@id\":\"https:\/\/ev-charger-shop.com\/#website\",\"url\":\"https:\/\/ev-charger-shop.com\/\",\"name\":\"EVIG\",\"description\":\"The EV Innovation Group\",\"publisher\":{\"@id\":\"https:\/\/ev-charger-shop.com\/#organization\"},\"potentialAction\":[{\"@type\":\"SearchAction\",\"target\":{\"@type\":\"EntryPoint\",\"urlTemplate\":\"https:\/\/ev-charger-shop.com\/?s={search_term_string}\"},\"query-input\":{\"@type\":\"PropertyValueSpecification\",\"valueRequired\":true,\"valueName\":\"search_term_string\"}}],\"inLanguage\":\"de\"},{\"@type\":\"Organization\",\"@id\":\"https:\/\/ev-charger-shop.com\/#organization\",\"name\":\"EVIG electric vehicle chargers\",\"url\":\"https:\/\/ev-charger-shop.com\/\",\"logo\":{\"@type\":\"ImageObject\",\"inLanguage\":\"de\",\"@id\":\"https:\/\/ev-charger-shop.com\/#\/schema\/logo\/image\/\",\"url\":\"https:\/\/ev-charger-shop.com\/wp-content\/uploads\/2019\/08\/evig-icon.svg\",\"contentUrl\":\"https:\/\/ev-charger-shop.com\/wp-content\/uploads\/2019\/08\/evig-icon.svg\",\"width\":66,\"height\":66,\"caption\":\"EVIG electric vehicle chargers\"},\"image\":{\"@id\":\"https:\/\/ev-charger-shop.com\/#\/schema\/logo\/image\/\"},\"sameAs\":[\"https:\/\/instagram.com\/eviggmbh?igshid=18y9i2pnmf79a\",\"https:\/\/www.linkedin.com\/company\/ev-ig\/\"]}]}<\/script>\n<!-- \/ Yoast SEO plugin. -->","yoast_head_json":{"title":"Wallbox Pulsar Plus 22kW with 5m Cable | EV Charger Shop","description":"Wallbox Pulsar Plus 22kW with 5m Cable | Type 2 EV charger sold in black and white | Electric car charger from Wallbox | Home Pod","robots":{"index":"index","follow":"follow","max-snippet":"max-snippet:-1","max-image-preview":"max-image-preview:large","max-video-preview":"max-video-preview:-1"},"canonical":"https:\/\/ev-charger-shop.com\/de\/shop\/home-charger\/pulsar-plus-22-kw-with-5m-cable\/","og_locale":"de_DE","og_type":"article","og_title":"Wallbox Pulsar Plus 22kW with 5m Cable | EV Charger Shop","og_description":"Wallbox Pulsar Plus 22kW with 5m Cable | Type 2 EV charger sold in black and white | Electric car charger from Wallbox | Home Pod","og_url":"https:\/\/ev-charger-shop.com\/de\/shop\/home-charger\/pulsar-plus-22-kw-with-5m-cable\/","og_site_name":"EVIG","article_modified_time":"2025-09-19T08:46:22+00:00","og_image":[{"width":658,"height":658,"url":"https:\/\/ev-charger-shop.com\/wp-content\/uploads\/2019\/09\/pulsar-plus1.jpg","type":"image\/jpeg"}],"twitter_card":"summary_large_image","twitter_misc":{"Gesch\u00e4tzte Lesezeit":"2\u00a0Minuten"},"schema":{"@context":"https:\/\/schema.org","@graph":[{"@type":"WebPage","@id":"https:\/\/ev-charger-shop.com\/shop\/home-charger\/pulsar-plus-22-kw-with-5m-cable\/","url":"https:\/\/ev-charger-shop.com\/shop\/home-charger\/pulsar-plus-22-kw-with-5m-cable\/","name":"Wallbox Pulsar Plus 22kW with 5m Cable | EV Charger Shop","isPartOf":{"@id":"https:\/\/ev-charger-shop.com\/#website"},"primaryImageOfPage":{"@id":"https:\/\/ev-charger-shop.com\/shop\/home-charger\/pulsar-plus-22-kw-with-5m-cable\/#primaryimage"},"image":{"@id":"https:\/\/ev-charger-shop.com\/shop\/home-charger\/pulsar-plus-22-kw-with-5m-cable\/#primaryimage"},"thumbnailUrl":"https:\/\/ev-charger-shop.com\/wp-content\/uploads\/2019\/09\/pulsar-plus1.jpg","datePublished":"2021-01-19T13:22:57+00:00","dateModified":"2025-09-19T08:46:22+00:00","description":"Wallbox Pulsar Plus 22kW with 5m Cable | Type 2 EV charger sold in black and white | Electric car charger from Wallbox | Home Pod","breadcrumb":{"@id":"https:\/\/ev-charger-shop.com\/shop\/home-charger\/pulsar-plus-22-kw-with-5m-cable\/#breadcrumb"},"inLanguage":"de","potentialAction":[{"@type":"ReadAction","target":["https:\/\/ev-charger-shop.com\/shop\/home-charger\/pulsar-plus-22-kw-with-5m-cable\/"]}]},{"@type":"ImageObject","inLanguage":"de","@id":"https:\/\/ev-charger-shop.com\/shop\/home-charger\/pulsar-plus-22-kw-with-5m-cable\/#primaryimage","url":"https:\/\/ev-charger-shop.com\/wp-content\/uploads\/2019\/09\/pulsar-plus1.jpg","contentUrl":"https:\/\/ev-charger-shop.com\/wp-content\/uploads\/2019\/09\/pulsar-plus1.jpg","width":658,"height":658,"caption":"Wallbox pulsar plus ev charger in black"},{"@type":"BreadcrumbList","@id":"https:\/\/ev-charger-shop.com\/shop\/home-charger\/pulsar-plus-22-kw-with-5m-cable\/#breadcrumb","itemListElement":[{"@type":"ListItem","position":1,"name":"Home","item":"https:\/\/ev-charger-shop.com\/"},{"@type":"ListItem","position":2,"name":"Shop","item":"https:\/\/ev-charger-shop.com\/de\/shop\/"},{"@type":"ListItem","position":3,"name":"Wallbox Pulsar Plus 22kW with 5m Cable"}]},{"@type":"WebSite","@id":"https:\/\/ev-charger-shop.com\/#website","url":"https:\/\/ev-charger-shop.com\/","name":"EVIG","description":"The EV Innovation Group","publisher":{"@id":"https:\/\/ev-charger-shop.com\/#organization"},"potentialAction":[{"@type":"SearchAction","target":{"@type":"EntryPoint","urlTemplate":"https:\/\/ev-charger-shop.com\/?s={search_term_string}"},"query-input":{"@type":"PropertyValueSpecification","valueRequired":true,"valueName":"search_term_string"}}],"inLanguage":"de"},{"@type":"Organization","@id":"https:\/\/ev-charger-shop.com\/#organization","name":"EVIG electric vehicle chargers","url":"https:\/\/ev-charger-shop.com\/","logo":{"@type":"ImageObject","inLanguage":"de","@id":"https:\/\/ev-charger-shop.com\/#\/schema\/logo\/image\/","url":"https:\/\/ev-charger-shop.com\/wp-content\/uploads\/2019\/08\/evig-icon.svg","contentUrl":"https:\/\/ev-charger-shop.com\/wp-content\/uploads\/2019\/08\/evig-icon.svg","width":66,"height":66,"caption":"EVIG electric vehicle chargers"},"image":{"@id":"https:\/\/ev-charger-shop.com\/#\/schema\/logo\/image\/"},"sameAs":["https:\/\/instagram.com\/eviggmbh?igshid=18y9i2pnmf79a","https:\/\/www.linkedin.com\/company\/ev-ig\/"]}]}},"_links":{"self":[{"href":"https:\/\/ev-charger-shop.com\/de\/wp-json\/wp\/v2\/product\/42084","targetHints":{"allow":["GET"]}}],"collection":[{"href":"https:\/\/ev-charger-shop.com\/de\/wp-json\/wp\/v2\/product"}],"about":[{"href":"https:\/\/ev-charger-shop.com\/de\/wp-json\/wp\/v2\/types\/product"}],"wp:featuredmedia":[{"embeddable":true,"href":"https:\/\/ev-charger-shop.com\/de\/wp-json\/wp\/v2\/media\/120"}],"wp:attachment":[{"href":"https:\/\/ev-charger-shop.com\/de\/wp-json\/wp\/v2\/media?parent=42084"}],"wp:term":[{"taxonomy":"product_brand","embeddable":true,"href":"https:\/\/ev-charger-shop.com\/de\/wp-json\/wp\/v2\/product_brand?post=42084"},{"taxonomy":"product_cat","embeddable":true,"href":"https:\/\/ev-charger-shop.com\/de\/wp-json\/wp\/v2\/product_cat?post=42084"},{"taxonomy":"product_tag","embeddable":true,"href":"https:\/\/ev-charger-shop.com\/de\/wp-json\/wp\/v2\/product_tag?post=42084"}],"curies":[{"name":"wp","href":"https:\/\/api.w.org\/{rel}","templated":true}]}}