{"id":38765,"date":"2020-12-16T16:52:03","date_gmt":"2020-12-16T16:52:03","guid":{"rendered":"https:\/\/ev-charger-shop.com\/?post_type=product&#038;p=38765"},"modified":"2023-09-04T07:48:34","modified_gmt":"2023-09-04T06:48:34","slug":"wayboxox-pro-3-0-cellular-socket","status":"publish","type":"product","link":"https:\/\/ev-charger-shop.com\/de\/shop\/home-charger\/wayboxox-pro-3-0-cellular-socket\/","title":{"rendered":"Enel X WayBox Pro 3.0 Cellular with Socket"},"content":{"rendered":"<table>\n<tbody>\n<tr>\n<td width=\"255\">\n<ul>\n<li>Leistung: bis zu 22kW (3-Phasen)<\/li>\n<\/ul>\n<\/td>\n<td width=\"255\">\n<ul>\n<li>Typ 2-Steckdose. Sie ben\u00f6tigen ein separates Ladekabel.<\/li>\n<\/ul>\n<\/td>\n<\/tr>\n<tr>\n<td width=\"255\">\n<ul>\n<li>Verbunden \u00fcber SIM, WiFi und Bluetooth<\/li>\n<\/ul>\n<\/td>\n<td width=\"255\">\n<ul>\n<li>LED Ladestatusanzeige<\/li>\n<\/ul>\n<\/td>\n<\/tr>\n<tr>\n<td width=\"255\">\n<ul>\n<li>Gesteuert \u00fcber JuicePass App<\/li>\n<\/ul>\n<\/td>\n<td width=\"255\">\n<ul>\n<li>Authentifizierung per RFID oder App<\/li>\n<\/ul>\n<\/td>\n<\/tr>\n<tr>\n<td width=\"255\">\n<ul>\n<li>OCPP-bereit<\/li>\n<\/ul>\n<\/td>\n<td width=\"255\">\n<ul>\n<li>Lastmanagement aktivierbar<\/li>\n<\/ul>\n<\/td>\n<\/tr>\n<tr>\n<td width=\"255\">\n<ul>\n<li>Temperaturbereich: -40\u00b0C to +60\u00b0C<\/li>\n<\/ul>\n<\/td>\n<td width=\"255\">\n<ul>\n<li>IP55 &amp; IK08<\/li>\n<\/ul>\n<\/td>\n<\/tr>\n<tr>\n<td width=\"255\">\n<ul>\n<li>Installation mit RCB-Typ-A-Schutzschalter<\/li>\n<\/ul>\n<\/td>\n<td width=\"255\">\n<ul>\n<li>ein Jahr Herstellergarantie<\/li>\n<\/ul>\n<\/td>\n<\/tr>\n<\/tbody>\n<\/table>\n<p>&nbsp;<\/p>\n<p><a href=\"https:\/\/ev-charger-shop.com\/wp-content\/uploads\/2020\/12\/Datasheet-JuiceBox-Pro-JuiceBox-Pro-Cellular-English.pdf\">English Datasheet JuiceBox Pro &amp; JuiceBox Pro Cellular<\/a><\/p>\n<p><a href=\"https:\/\/ev-charger-shop.com\/wp-content\/uploads\/2020\/12\/Datasheet-JuiceBox-Pro-Pro-Cellular-Deutsch.pdf\">Deutsch Datasheet JuiceBox Pro &amp; JuiceBox Pro Cellular<\/a><\/p>\n<p>&nbsp;<\/p>\n<h4>\u00dcber Enel X<\/h4>\n<p>Enel (Italiens gr\u00f6\u00dfter Stromversorger) wurde 1962 aus dem Zusammenschluss von mehr als tausend Energieerzeugern gegr\u00fcndet. Enel X entstand 2017 und ist der globale Gesch\u00e4ftsbereich von Enel. Das Unternehmen ist weltweit f\u00fchrend im Bereich fortschrittlicher Energiel\u00f6sungen. Er widmet sich der Entwicklung innovativer Produkte und digitaler L\u00f6sungen in Sektoren, in denen Energie das gr\u00f6\u00dfte Transformationspotenzial aufweist: St\u00e4dte, Haushalte, Industrie und Elektromobilit\u00e4t.  \u200b\n\nMit mehr als 170.000 \u00f6ffentlichen und privaten EV-Ladepunkten rund um den Globus ist Enel X ein f\u00fchrender Akteur im Bereich der Elektromobilit\u00e4t. Innovation und Nachhaltigkeit stehen seit der Gr\u00fcndung im Mittelpunkt der Unternehmensstrategie und bilden die Basis aller Enel X Produkte und Dienstleistungen.<\/p>\n<p><a href=\"http:\/\/www.enelx.com\/\">www.enelx.com<\/a><\/p>","protected":false},"excerpt":{"rendered":"<ul>\n<li>KfW 441 und KfW 439 f\u00f6rderf\u00e4hige Wallbox<\/li>\n<li>Versand innerhalb von 15 Tagen<\/li>\n<\/ul>","protected":false},"featured_media":38754,"template":"","meta":{"_monsterinsights_skip_tracking":false,"_monsterinsights_sitenote_active":false,"_monsterinsights_sitenote_note":"","_monsterinsights_sitenote_category":0},"product_brand":[],"product_cat":[168,25],"product_tag":[],"class_list":{"0":"post-38765","1":"product","2":"type-product","3":"status-publish","4":"has-post-thumbnail","6":"product_cat-enel-x","7":"product_cat-home-charger","8":"product_shipping_class-wallbox","10":"first","11":"instock","12":"taxable","13":"shipping-taxable","14":"purchasable","15":"product-type-simple"},"yoast_head":"<!-- This site is optimized with the Yoast SEO plugin v27.2 - https:\/\/yoast.com\/product\/yoast-seo-wordpress\/ -->\n<title>Enel X WayBox Pro 3.0 Cellular with Socket | EV Charger Shop<\/title>\n<meta name=\"description\" content=\"Enel X WayBox Pro 3.0 Cellular with Socket | EV Charger Shop. This is Enel&#039;s premium EV Charger without a cable.\" \/>\n<meta name=\"robots\" content=\"index, follow, max-snippet:-1, max-image-preview:large, max-video-preview:-1\" \/>\n<link rel=\"canonical\" href=\"https:\/\/ev-charger-shop.com\/de\/shop\/home-charger\/wayboxox-pro-3-0-cellular-socket\/\" \/>\n<meta property=\"og:locale\" content=\"de_DE\" \/>\n<meta property=\"og:type\" content=\"article\" \/>\n<meta property=\"og:title\" content=\"Enel X WayBox Pro 3.0 Cellular with Socket | EV Charger Shop\" \/>\n<meta property=\"og:description\" content=\"Enel X WayBox Pro 3.0 Cellular with Socket | EV Charger Shop. This is Enel&#039;s premium EV Charger without a cable.\" \/>\n<meta property=\"og:url\" content=\"https:\/\/ev-charger-shop.com\/de\/shop\/home-charger\/wayboxox-pro-3-0-cellular-socket\/\" \/>\n<meta property=\"og:site_name\" content=\"EVIG\" \/>\n<meta property=\"article:modified_time\" content=\"2023-09-04T06:48:34+00:00\" \/>\n<meta property=\"og:image\" content=\"https:\/\/ev-charger-shop.com\/wp-content\/uploads\/2020\/12\/ENEL-X-JuicePro-2.jpg\" \/>\n\t<meta property=\"og:image:width\" content=\"1440\" \/>\n\t<meta property=\"og:image:height\" content=\"1920\" \/>\n\t<meta property=\"og:image:type\" content=\"image\/jpeg\" \/>\n<meta name=\"twitter:card\" content=\"summary_large_image\" \/>\n<meta name=\"twitter:label1\" content=\"Gesch\u00e4tzte Lesezeit\" \/>\n\t<meta name=\"twitter:data1\" content=\"1\u00a0Minute\" \/>\n<script type=\"application\/ld+json\" class=\"yoast-schema-graph\">{\"@context\":\"https:\/\/schema.org\",\"@graph\":[{\"@type\":\"WebPage\",\"@id\":\"https:\/\/ev-charger-shop.com\/shop\/home-charger\/wayboxox-pro-3-0-cellular-socket\/\",\"url\":\"https:\/\/ev-charger-shop.com\/shop\/home-charger\/wayboxox-pro-3-0-cellular-socket\/\",\"name\":\"Enel X WayBox Pro 3.0 Cellular with Socket | EV Charger Shop\",\"isPartOf\":{\"@id\":\"https:\/\/ev-charger-shop.com\/#website\"},\"primaryImageOfPage\":{\"@id\":\"https:\/\/ev-charger-shop.com\/shop\/home-charger\/wayboxox-pro-3-0-cellular-socket\/#primaryimage\"},\"image\":{\"@id\":\"https:\/\/ev-charger-shop.com\/shop\/home-charger\/wayboxox-pro-3-0-cellular-socket\/#primaryimage\"},\"thumbnailUrl\":\"https:\/\/ev-charger-shop.com\/wp-content\/uploads\/2020\/12\/ENEL-X-JuicePro-2.jpg\",\"datePublished\":\"2020-12-16T16:52:03+00:00\",\"dateModified\":\"2023-09-04T06:48:34+00:00\",\"description\":\"Enel X WayBox Pro 3.0 Cellular with Socket | EV Charger Shop. This is Enel's premium EV Charger without a cable.\",\"breadcrumb\":{\"@id\":\"https:\/\/ev-charger-shop.com\/shop\/home-charger\/wayboxox-pro-3-0-cellular-socket\/#breadcrumb\"},\"inLanguage\":\"de\",\"potentialAction\":[{\"@type\":\"ReadAction\",\"target\":[\"https:\/\/ev-charger-shop.com\/shop\/home-charger\/wayboxox-pro-3-0-cellular-socket\/\"]}]},{\"@type\":\"ImageObject\",\"inLanguage\":\"de\",\"@id\":\"https:\/\/ev-charger-shop.com\/shop\/home-charger\/wayboxox-pro-3-0-cellular-socket\/#primaryimage\",\"url\":\"https:\/\/ev-charger-shop.com\/wp-content\/uploads\/2020\/12\/ENEL-X-JuicePro-2.jpg\",\"contentUrl\":\"https:\/\/ev-charger-shop.com\/wp-content\/uploads\/2020\/12\/ENEL-X-JuicePro-2.jpg\",\"width\":1440,\"height\":1920,\"caption\":\"Enel X JuicePro 2 ev charger\"},{\"@type\":\"BreadcrumbList\",\"@id\":\"https:\/\/ev-charger-shop.com\/shop\/home-charger\/wayboxox-pro-3-0-cellular-socket\/#breadcrumb\",\"itemListElement\":[{\"@type\":\"ListItem\",\"position\":1,\"name\":\"Home\",\"item\":\"https:\/\/ev-charger-shop.com\/\"},{\"@type\":\"ListItem\",\"position\":2,\"name\":\"Shop\",\"item\":\"https:\/\/ev-charger-shop.com\/de\/shop\/\"},{\"@type\":\"ListItem\",\"position\":3,\"name\":\"Enel X WayBox Pro 3.0 Cellular with Socket\"}]},{\"@type\":\"WebSite\",\"@id\":\"https:\/\/ev-charger-shop.com\/#website\",\"url\":\"https:\/\/ev-charger-shop.com\/\",\"name\":\"EVIG\",\"description\":\"The EV Innovation Group\",\"publisher\":{\"@id\":\"https:\/\/ev-charger-shop.com\/#organization\"},\"potentialAction\":[{\"@type\":\"SearchAction\",\"target\":{\"@type\":\"EntryPoint\",\"urlTemplate\":\"https:\/\/ev-charger-shop.com\/?s={search_term_string}\"},\"query-input\":{\"@type\":\"PropertyValueSpecification\",\"valueRequired\":true,\"valueName\":\"search_term_string\"}}],\"inLanguage\":\"de\"},{\"@type\":\"Organization\",\"@id\":\"https:\/\/ev-charger-shop.com\/#organization\",\"name\":\"EVIG electric vehicle chargers\",\"url\":\"https:\/\/ev-charger-shop.com\/\",\"logo\":{\"@type\":\"ImageObject\",\"inLanguage\":\"de\",\"@id\":\"https:\/\/ev-charger-shop.com\/#\/schema\/logo\/image\/\",\"url\":\"https:\/\/ev-charger-shop.com\/wp-content\/uploads\/2019\/08\/evig-icon.svg\",\"contentUrl\":\"https:\/\/ev-charger-shop.com\/wp-content\/uploads\/2019\/08\/evig-icon.svg\",\"width\":66,\"height\":66,\"caption\":\"EVIG electric vehicle chargers\"},\"image\":{\"@id\":\"https:\/\/ev-charger-shop.com\/#\/schema\/logo\/image\/\"},\"sameAs\":[\"https:\/\/instagram.com\/eviggmbh?igshid=18y9i2pnmf79a\",\"https:\/\/www.linkedin.com\/company\/ev-ig\/\"]}]}<\/script>\n<!-- \/ Yoast SEO plugin. -->","yoast_head_json":{"title":"Enel X WayBox Pro 3.0 Cellular with Socket | EV Charger Shop","description":"Enel X WayBox Pro 3.0 Cellular with Socket | EV Charger Shop. This is Enel's premium EV Charger without a cable.","robots":{"index":"index","follow":"follow","max-snippet":"max-snippet:-1","max-image-preview":"max-image-preview:large","max-video-preview":"max-video-preview:-1"},"canonical":"https:\/\/ev-charger-shop.com\/de\/shop\/home-charger\/wayboxox-pro-3-0-cellular-socket\/","og_locale":"de_DE","og_type":"article","og_title":"Enel X WayBox Pro 3.0 Cellular with Socket | EV Charger Shop","og_description":"Enel X WayBox Pro 3.0 Cellular with Socket | EV Charger Shop. This is Enel's premium EV Charger without a cable.","og_url":"https:\/\/ev-charger-shop.com\/de\/shop\/home-charger\/wayboxox-pro-3-0-cellular-socket\/","og_site_name":"EVIG","article_modified_time":"2023-09-04T06:48:34+00:00","og_image":[{"width":1440,"height":1920,"url":"https:\/\/ev-charger-shop.com\/wp-content\/uploads\/2020\/12\/ENEL-X-JuicePro-2.jpg","type":"image\/jpeg"}],"twitter_card":"summary_large_image","twitter_misc":{"Gesch\u00e4tzte Lesezeit":"1\u00a0Minute"},"schema":{"@context":"https:\/\/schema.org","@graph":[{"@type":"WebPage","@id":"https:\/\/ev-charger-shop.com\/shop\/home-charger\/wayboxox-pro-3-0-cellular-socket\/","url":"https:\/\/ev-charger-shop.com\/shop\/home-charger\/wayboxox-pro-3-0-cellular-socket\/","name":"Enel X WayBox Pro 3.0 Cellular with Socket | EV Charger Shop","isPartOf":{"@id":"https:\/\/ev-charger-shop.com\/#website"},"primaryImageOfPage":{"@id":"https:\/\/ev-charger-shop.com\/shop\/home-charger\/wayboxox-pro-3-0-cellular-socket\/#primaryimage"},"image":{"@id":"https:\/\/ev-charger-shop.com\/shop\/home-charger\/wayboxox-pro-3-0-cellular-socket\/#primaryimage"},"thumbnailUrl":"https:\/\/ev-charger-shop.com\/wp-content\/uploads\/2020\/12\/ENEL-X-JuicePro-2.jpg","datePublished":"2020-12-16T16:52:03+00:00","dateModified":"2023-09-04T06:48:34+00:00","description":"Enel X WayBox Pro 3.0 Cellular with Socket | EV Charger Shop. This is Enel's premium EV Charger without a cable.","breadcrumb":{"@id":"https:\/\/ev-charger-shop.com\/shop\/home-charger\/wayboxox-pro-3-0-cellular-socket\/#breadcrumb"},"inLanguage":"de","potentialAction":[{"@type":"ReadAction","target":["https:\/\/ev-charger-shop.com\/shop\/home-charger\/wayboxox-pro-3-0-cellular-socket\/"]}]},{"@type":"ImageObject","inLanguage":"de","@id":"https:\/\/ev-charger-shop.com\/shop\/home-charger\/wayboxox-pro-3-0-cellular-socket\/#primaryimage","url":"https:\/\/ev-charger-shop.com\/wp-content\/uploads\/2020\/12\/ENEL-X-JuicePro-2.jpg","contentUrl":"https:\/\/ev-charger-shop.com\/wp-content\/uploads\/2020\/12\/ENEL-X-JuicePro-2.jpg","width":1440,"height":1920,"caption":"Enel X JuicePro 2 ev charger"},{"@type":"BreadcrumbList","@id":"https:\/\/ev-charger-shop.com\/shop\/home-charger\/wayboxox-pro-3-0-cellular-socket\/#breadcrumb","itemListElement":[{"@type":"ListItem","position":1,"name":"Home","item":"https:\/\/ev-charger-shop.com\/"},{"@type":"ListItem","position":2,"name":"Shop","item":"https:\/\/ev-charger-shop.com\/de\/shop\/"},{"@type":"ListItem","position":3,"name":"Enel X WayBox Pro 3.0 Cellular with Socket"}]},{"@type":"WebSite","@id":"https:\/\/ev-charger-shop.com\/#website","url":"https:\/\/ev-charger-shop.com\/","name":"EVIG","description":"The EV Innovation Group","publisher":{"@id":"https:\/\/ev-charger-shop.com\/#organization"},"potentialAction":[{"@type":"SearchAction","target":{"@type":"EntryPoint","urlTemplate":"https:\/\/ev-charger-shop.com\/?s={search_term_string}"},"query-input":{"@type":"PropertyValueSpecification","valueRequired":true,"valueName":"search_term_string"}}],"inLanguage":"de"},{"@type":"Organization","@id":"https:\/\/ev-charger-shop.com\/#organization","name":"EVIG electric vehicle chargers","url":"https:\/\/ev-charger-shop.com\/","logo":{"@type":"ImageObject","inLanguage":"de","@id":"https:\/\/ev-charger-shop.com\/#\/schema\/logo\/image\/","url":"https:\/\/ev-charger-shop.com\/wp-content\/uploads\/2019\/08\/evig-icon.svg","contentUrl":"https:\/\/ev-charger-shop.com\/wp-content\/uploads\/2019\/08\/evig-icon.svg","width":66,"height":66,"caption":"EVIG electric vehicle chargers"},"image":{"@id":"https:\/\/ev-charger-shop.com\/#\/schema\/logo\/image\/"},"sameAs":["https:\/\/instagram.com\/eviggmbh?igshid=18y9i2pnmf79a","https:\/\/www.linkedin.com\/company\/ev-ig\/"]}]}},"_links":{"self":[{"href":"https:\/\/ev-charger-shop.com\/de\/wp-json\/wp\/v2\/product\/38765","targetHints":{"allow":["GET"]}}],"collection":[{"href":"https:\/\/ev-charger-shop.com\/de\/wp-json\/wp\/v2\/product"}],"about":[{"href":"https:\/\/ev-charger-shop.com\/de\/wp-json\/wp\/v2\/types\/product"}],"wp:featuredmedia":[{"embeddable":true,"href":"https:\/\/ev-charger-shop.com\/de\/wp-json\/wp\/v2\/media\/38754"}],"wp:attachment":[{"href":"https:\/\/ev-charger-shop.com\/de\/wp-json\/wp\/v2\/media?parent=38765"}],"wp:term":[{"taxonomy":"product_brand","embeddable":true,"href":"https:\/\/ev-charger-shop.com\/de\/wp-json\/wp\/v2\/product_brand?post=38765"},{"taxonomy":"product_cat","embeddable":true,"href":"https:\/\/ev-charger-shop.com\/de\/wp-json\/wp\/v2\/product_cat?post=38765"},{"taxonomy":"product_tag","embeddable":true,"href":"https:\/\/ev-charger-shop.com\/de\/wp-json\/wp\/v2\/product_tag?post=38765"}],"curies":[{"name":"wp","href":"https:\/\/api.w.org\/{rel}","templated":true}]}}