{"id":38736,"date":"2020-12-16T15:38:34","date_gmt":"2020-12-16T15:38:34","guid":{"rendered":"https:\/\/ev-charger-shop.com\/?post_type=product&#038;p=38736"},"modified":"2025-09-19T09:51:21","modified_gmt":"2025-09-19T08:51:21","slug":"juicebox-2-01-11kw","status":"publish","type":"product","link":"https:\/\/ev-charger-shop.com\/de\/shop\/home-charger\/juicebox-2-01-11kw\/","title":{"rendered":"Enel X WayBox 2.01 11kW with 5m Cable"},"content":{"rendered":"<p>Enel X WayBox 2.01 is a high quality EV charger for home use. Smart functionality of the wallbox is provided via a WiFi connection and JuicePass app interface. A built in DC leakage protection means the installation cost is reduced as an RCB Type A can be used instead of an expensive RCB Type B.<\/p>\n<p>Die Ladestation hat einen Typ 2-Stecker und ist mit dem richtigen Ladekabel f\u00fcr Elektroautos aller Automarken geeignet.<\/p>\n<table>\n<tbody>\n<tr>\n<td width=\"255\">\n<ul>\n<li>Leistung: 11kW (3-Phasig, 16 Ampere)<\/li>\n<\/ul>\n<\/td>\n<td width=\"255\">\n<ul>\n<li>5m langes Ladekabel mit Typ 2-Stecker<\/li>\n<\/ul>\n<\/td>\n<\/tr>\n<tr>\n<td width=\"255\">\n<ul>\n<li>Verbunden \u00fcber WiFi<\/li>\n<\/ul>\n<\/td>\n<td width=\"255\">\n<ul>\n<li>LED Ladestatusanzeige<\/li>\n<\/ul>\n<\/td>\n<\/tr>\n<tr>\n<td width=\"255\">\n<ul>\n<li>Gesteuert \u00fcber JuicePass App<\/li>\n<\/ul>\n<\/td>\n<td width=\"255\">\n<ul>\n<li>Authentifizierung per App\n(Nicht RFID-f\u00e4hig)<\/li>\n<\/ul>\n<\/td>\n<\/tr>\n<tr>\n<td width=\"255\">\n<ul>\n<li>OCPP-bereit<\/li>\n<\/ul>\n<\/td>\n<td width=\"255\">\n<ul>\n<li>Lastmanagement aktivierbar<\/li>\n<\/ul>\n<\/td>\n<\/tr>\n<tr>\n<td width=\"255\">\n<ul>\n<li>Temperaturbereich: -40\u00b0C to +60\u00b0C<\/li>\n<\/ul>\n<\/td>\n<td width=\"255\">\n<ul>\n<li>IP66 &amp; IK10<\/li>\n<\/ul>\n<\/td>\n<\/tr>\n<tr>\n<td width=\"255\">\n<ul>\n<li>Installation mit RCB-Typ-A-Schutzschalter<\/li>\n<\/ul>\n<\/td>\n<td width=\"255\">\n<ul>\n<li>2 Jahre Herstellergarantie<\/li>\n<\/ul>\n<\/td>\n<\/tr>\n<\/tbody>\n<\/table>\n<p>&nbsp;<\/p>\n<h4>Datenbl\u00e4tter<\/h4>\n<p><a href=\"https:\/\/ev-charger-shop.com\/wp-content\/uploads\/2020\/12\/Datasheet-JuiceBox.pdf\">English Datasheet JuiceBox<\/a><\/p>\n<p><a href=\"https:\/\/ev-charger-shop.com\/wp-content\/uploads\/2020\/12\/Datasheet-JuiceBox-Deutsch.pdf\">Deutsch Datasheet JuiceBox<\/a><\/p>\n<p>&nbsp;<\/p>\n<h4>\u00dcber Enel X<\/h4>\n<p>Enel (Italiens gr\u00f6\u00dfter Stromversorger) wurde 1962 aus dem Zusammenschluss von mehr als tausend Energieerzeugern gegr\u00fcndet. Enel X entstand 2017 und ist der globale Gesch\u00e4ftsbereich von Enel. Das Unternehmen ist weltweit f\u00fchrend im Bereich fortschrittlicher Energiel\u00f6sungen. Er widmet sich der Entwicklung innovativer Produkte und digitaler L\u00f6sungen in Sektoren, in denen Energie das gr\u00f6\u00dfte Transformationspotenzial aufweist: St\u00e4dte, Haushalte, Industrie und Elektromobilit\u00e4t.  \u200b\n\nMit mehr als 170.000 \u00f6ffentlichen und privaten EV-Ladepunkten rund um den Globus ist Enel X ein f\u00fchrender Akteur im Bereich der Elektromobilit\u00e4t. Innovation und Nachhaltigkeit stehen seit der Gr\u00fcndung im Mittelpunkt der Unternehmensstrategie und bilden die Basis aller Enel X Produkte und Dienstleistungen.<\/p>\n<p><a href=\"http:\/\/www.enelx.com\/\">www.enelx.com<\/a><\/p>","protected":false},"excerpt":{"rendered":"<p>&nbsp;<\/p>\n<ul>\n<li>Bis zu 11kW Leistung<\/li>\n<li>Gesteuert \u00fcber kostenlose JuicePass App<\/li>\n<li>5m langes Kabel mit Typ 2-Stecker integriert<\/li>\n<li>Versand innerhalb von 15 Tagen<\/li>\n<\/ul>","protected":false},"featured_media":38746,"template":"","meta":{"_monsterinsights_skip_tracking":false,"_monsterinsights_sitenote_active":false,"_monsterinsights_sitenote_note":"","_monsterinsights_sitenote_category":0},"product_brand":[],"product_cat":[168,25],"product_tag":[173,175,176],"class_list":{"0":"post-38736","1":"product","2":"type-product","3":"status-publish","4":"has-post-thumbnail","6":"product_cat-enel-x","7":"product_cat-home-charger","8":"product_tag-11kw","9":"product_tag-5m","10":"product_tag-type2","11":"product_shipping_class-wallbox","12":"pa_cable-7m-typ2","13":"pa_power-up-to-11kw","15":"first","16":"instock","17":"taxable","18":"shipping-taxable","19":"purchasable","20":"product-type-simple"},"yoast_head":"<!-- This site is optimized with the Yoast SEO plugin v27.2 - https:\/\/yoast.com\/product\/yoast-seo-wordpress\/ -->\n<title>Enel X WayBox 2.01 11kW with 5m Cable | EV Charger Shop<\/title>\n<meta name=\"description\" content=\"Type 2 EV home charger, the Enel X WayBox 2.01 11kW with 5m Cable and holder. Smart Wallbox with free JuicePass app.\" \/>\n<meta name=\"robots\" content=\"index, follow, max-snippet:-1, max-image-preview:large, max-video-preview:-1\" \/>\n<link rel=\"canonical\" href=\"https:\/\/ev-charger-shop.com\/de\/shop\/home-charger\/juicebox-2-01-11kw\/\" \/>\n<meta property=\"og:locale\" content=\"de_DE\" \/>\n<meta property=\"og:type\" content=\"article\" \/>\n<meta property=\"og:title\" content=\"Enel X WayBox 2.01 11kW with 5m Cable | EV Charger Shop\" \/>\n<meta property=\"og:description\" content=\"Type 2 EV home charger, the Enel X WayBox 2.01 11kW with 5m Cable and holder. Smart Wallbox with free JuicePass app.\" \/>\n<meta property=\"og:url\" content=\"https:\/\/ev-charger-shop.com\/de\/shop\/home-charger\/juicebox-2-01-11kw\/\" \/>\n<meta property=\"og:site_name\" content=\"EVIG\" \/>\n<meta property=\"article:modified_time\" content=\"2025-09-19T08:51:21+00:00\" \/>\n<meta property=\"og:image\" content=\"https:\/\/ev-charger-shop.com\/wp-content\/uploads\/2020\/12\/JuiceBox-whitebackground.jpg\" \/>\n\t<meta property=\"og:image:width\" content=\"1044\" \/>\n\t<meta property=\"og:image:height\" content=\"1436\" \/>\n\t<meta property=\"og:image:type\" content=\"image\/jpeg\" \/>\n<meta name=\"twitter:card\" content=\"summary_large_image\" \/>\n<meta name=\"twitter:label1\" content=\"Gesch\u00e4tzte Lesezeit\" \/>\n\t<meta name=\"twitter:data1\" content=\"2\u00a0Minuten\" \/>\n<script type=\"application\/ld+json\" class=\"yoast-schema-graph\">{\"@context\":\"https:\/\/schema.org\",\"@graph\":[{\"@type\":\"WebPage\",\"@id\":\"https:\/\/ev-charger-shop.com\/shop\/home-charger\/juicebox-2-01-11kw\/\",\"url\":\"https:\/\/ev-charger-shop.com\/shop\/home-charger\/juicebox-2-01-11kw\/\",\"name\":\"Enel X WayBox 2.01 11kW with 5m Cable | EV Charger Shop\",\"isPartOf\":{\"@id\":\"https:\/\/ev-charger-shop.com\/#website\"},\"primaryImageOfPage\":{\"@id\":\"https:\/\/ev-charger-shop.com\/shop\/home-charger\/juicebox-2-01-11kw\/#primaryimage\"},\"image\":{\"@id\":\"https:\/\/ev-charger-shop.com\/shop\/home-charger\/juicebox-2-01-11kw\/#primaryimage\"},\"thumbnailUrl\":\"https:\/\/ev-charger-shop.com\/wp-content\/uploads\/2020\/12\/JuiceBox-whitebackground.jpg\",\"datePublished\":\"2020-12-16T15:38:34+00:00\",\"dateModified\":\"2025-09-19T08:51:21+00:00\",\"description\":\"Type 2 EV home charger, the Enel X WayBox 2.01 11kW with 5m Cable and holder. Smart Wallbox with free JuicePass app.\",\"breadcrumb\":{\"@id\":\"https:\/\/ev-charger-shop.com\/shop\/home-charger\/juicebox-2-01-11kw\/#breadcrumb\"},\"inLanguage\":\"de\",\"potentialAction\":[{\"@type\":\"ReadAction\",\"target\":[\"https:\/\/ev-charger-shop.com\/shop\/home-charger\/juicebox-2-01-11kw\/\"]}]},{\"@type\":\"ImageObject\",\"inLanguage\":\"de\",\"@id\":\"https:\/\/ev-charger-shop.com\/shop\/home-charger\/juicebox-2-01-11kw\/#primaryimage\",\"url\":\"https:\/\/ev-charger-shop.com\/wp-content\/uploads\/2020\/12\/JuiceBox-whitebackground.jpg\",\"contentUrl\":\"https:\/\/ev-charger-shop.com\/wp-content\/uploads\/2020\/12\/JuiceBox-whitebackground.jpg\",\"width\":1044,\"height\":1436,\"caption\":\"JuiceBox 2.01 7m Cable\"},{\"@type\":\"BreadcrumbList\",\"@id\":\"https:\/\/ev-charger-shop.com\/shop\/home-charger\/juicebox-2-01-11kw\/#breadcrumb\",\"itemListElement\":[{\"@type\":\"ListItem\",\"position\":1,\"name\":\"Home\",\"item\":\"https:\/\/ev-charger-shop.com\/\"},{\"@type\":\"ListItem\",\"position\":2,\"name\":\"Shop\",\"item\":\"https:\/\/ev-charger-shop.com\/de\/shop\/\"},{\"@type\":\"ListItem\",\"position\":3,\"name\":\"Enel X WayBox 2.01 11kW with 5m Cable\"}]},{\"@type\":\"WebSite\",\"@id\":\"https:\/\/ev-charger-shop.com\/#website\",\"url\":\"https:\/\/ev-charger-shop.com\/\",\"name\":\"EVIG\",\"description\":\"The EV Innovation Group\",\"publisher\":{\"@id\":\"https:\/\/ev-charger-shop.com\/#organization\"},\"potentialAction\":[{\"@type\":\"SearchAction\",\"target\":{\"@type\":\"EntryPoint\",\"urlTemplate\":\"https:\/\/ev-charger-shop.com\/?s={search_term_string}\"},\"query-input\":{\"@type\":\"PropertyValueSpecification\",\"valueRequired\":true,\"valueName\":\"search_term_string\"}}],\"inLanguage\":\"de\"},{\"@type\":\"Organization\",\"@id\":\"https:\/\/ev-charger-shop.com\/#organization\",\"name\":\"EVIG electric vehicle chargers\",\"url\":\"https:\/\/ev-charger-shop.com\/\",\"logo\":{\"@type\":\"ImageObject\",\"inLanguage\":\"de\",\"@id\":\"https:\/\/ev-charger-shop.com\/#\/schema\/logo\/image\/\",\"url\":\"https:\/\/ev-charger-shop.com\/wp-content\/uploads\/2019\/08\/evig-icon.svg\",\"contentUrl\":\"https:\/\/ev-charger-shop.com\/wp-content\/uploads\/2019\/08\/evig-icon.svg\",\"width\":66,\"height\":66,\"caption\":\"EVIG electric vehicle chargers\"},\"image\":{\"@id\":\"https:\/\/ev-charger-shop.com\/#\/schema\/logo\/image\/\"},\"sameAs\":[\"https:\/\/instagram.com\/eviggmbh?igshid=18y9i2pnmf79a\",\"https:\/\/www.linkedin.com\/company\/ev-ig\/\"]}]}<\/script>\n<!-- \/ Yoast SEO plugin. -->","yoast_head_json":{"title":"Enel X WayBox 2.01 11kW with 5m Cable | EV Charger Shop","description":"Type 2 EV home charger, the Enel X WayBox 2.01 11kW with 5m Cable and holder. Smart Wallbox with free JuicePass app.","robots":{"index":"index","follow":"follow","max-snippet":"max-snippet:-1","max-image-preview":"max-image-preview:large","max-video-preview":"max-video-preview:-1"},"canonical":"https:\/\/ev-charger-shop.com\/de\/shop\/home-charger\/juicebox-2-01-11kw\/","og_locale":"de_DE","og_type":"article","og_title":"Enel X WayBox 2.01 11kW with 5m Cable | EV Charger Shop","og_description":"Type 2 EV home charger, the Enel X WayBox 2.01 11kW with 5m Cable and holder. Smart Wallbox with free JuicePass app.","og_url":"https:\/\/ev-charger-shop.com\/de\/shop\/home-charger\/juicebox-2-01-11kw\/","og_site_name":"EVIG","article_modified_time":"2025-09-19T08:51:21+00:00","og_image":[{"width":1044,"height":1436,"url":"https:\/\/ev-charger-shop.com\/wp-content\/uploads\/2020\/12\/JuiceBox-whitebackground.jpg","type":"image\/jpeg"}],"twitter_card":"summary_large_image","twitter_misc":{"Gesch\u00e4tzte Lesezeit":"2\u00a0Minuten"},"schema":{"@context":"https:\/\/schema.org","@graph":[{"@type":"WebPage","@id":"https:\/\/ev-charger-shop.com\/shop\/home-charger\/juicebox-2-01-11kw\/","url":"https:\/\/ev-charger-shop.com\/shop\/home-charger\/juicebox-2-01-11kw\/","name":"Enel X WayBox 2.01 11kW with 5m Cable | EV Charger Shop","isPartOf":{"@id":"https:\/\/ev-charger-shop.com\/#website"},"primaryImageOfPage":{"@id":"https:\/\/ev-charger-shop.com\/shop\/home-charger\/juicebox-2-01-11kw\/#primaryimage"},"image":{"@id":"https:\/\/ev-charger-shop.com\/shop\/home-charger\/juicebox-2-01-11kw\/#primaryimage"},"thumbnailUrl":"https:\/\/ev-charger-shop.com\/wp-content\/uploads\/2020\/12\/JuiceBox-whitebackground.jpg","datePublished":"2020-12-16T15:38:34+00:00","dateModified":"2025-09-19T08:51:21+00:00","description":"Type 2 EV home charger, the Enel X WayBox 2.01 11kW with 5m Cable and holder. Smart Wallbox with free JuicePass app.","breadcrumb":{"@id":"https:\/\/ev-charger-shop.com\/shop\/home-charger\/juicebox-2-01-11kw\/#breadcrumb"},"inLanguage":"de","potentialAction":[{"@type":"ReadAction","target":["https:\/\/ev-charger-shop.com\/shop\/home-charger\/juicebox-2-01-11kw\/"]}]},{"@type":"ImageObject","inLanguage":"de","@id":"https:\/\/ev-charger-shop.com\/shop\/home-charger\/juicebox-2-01-11kw\/#primaryimage","url":"https:\/\/ev-charger-shop.com\/wp-content\/uploads\/2020\/12\/JuiceBox-whitebackground.jpg","contentUrl":"https:\/\/ev-charger-shop.com\/wp-content\/uploads\/2020\/12\/JuiceBox-whitebackground.jpg","width":1044,"height":1436,"caption":"JuiceBox 2.01 7m Cable"},{"@type":"BreadcrumbList","@id":"https:\/\/ev-charger-shop.com\/shop\/home-charger\/juicebox-2-01-11kw\/#breadcrumb","itemListElement":[{"@type":"ListItem","position":1,"name":"Home","item":"https:\/\/ev-charger-shop.com\/"},{"@type":"ListItem","position":2,"name":"Shop","item":"https:\/\/ev-charger-shop.com\/de\/shop\/"},{"@type":"ListItem","position":3,"name":"Enel X WayBox 2.01 11kW with 5m Cable"}]},{"@type":"WebSite","@id":"https:\/\/ev-charger-shop.com\/#website","url":"https:\/\/ev-charger-shop.com\/","name":"EVIG","description":"The EV Innovation Group","publisher":{"@id":"https:\/\/ev-charger-shop.com\/#organization"},"potentialAction":[{"@type":"SearchAction","target":{"@type":"EntryPoint","urlTemplate":"https:\/\/ev-charger-shop.com\/?s={search_term_string}"},"query-input":{"@type":"PropertyValueSpecification","valueRequired":true,"valueName":"search_term_string"}}],"inLanguage":"de"},{"@type":"Organization","@id":"https:\/\/ev-charger-shop.com\/#organization","name":"EVIG electric vehicle chargers","url":"https:\/\/ev-charger-shop.com\/","logo":{"@type":"ImageObject","inLanguage":"de","@id":"https:\/\/ev-charger-shop.com\/#\/schema\/logo\/image\/","url":"https:\/\/ev-charger-shop.com\/wp-content\/uploads\/2019\/08\/evig-icon.svg","contentUrl":"https:\/\/ev-charger-shop.com\/wp-content\/uploads\/2019\/08\/evig-icon.svg","width":66,"height":66,"caption":"EVIG electric vehicle chargers"},"image":{"@id":"https:\/\/ev-charger-shop.com\/#\/schema\/logo\/image\/"},"sameAs":["https:\/\/instagram.com\/eviggmbh?igshid=18y9i2pnmf79a","https:\/\/www.linkedin.com\/company\/ev-ig\/"]}]}},"_links":{"self":[{"href":"https:\/\/ev-charger-shop.com\/de\/wp-json\/wp\/v2\/product\/38736","targetHints":{"allow":["GET"]}}],"collection":[{"href":"https:\/\/ev-charger-shop.com\/de\/wp-json\/wp\/v2\/product"}],"about":[{"href":"https:\/\/ev-charger-shop.com\/de\/wp-json\/wp\/v2\/types\/product"}],"wp:featuredmedia":[{"embeddable":true,"href":"https:\/\/ev-charger-shop.com\/de\/wp-json\/wp\/v2\/media\/38746"}],"wp:attachment":[{"href":"https:\/\/ev-charger-shop.com\/de\/wp-json\/wp\/v2\/media?parent=38736"}],"wp:term":[{"taxonomy":"product_brand","embeddable":true,"href":"https:\/\/ev-charger-shop.com\/de\/wp-json\/wp\/v2\/product_brand?post=38736"},{"taxonomy":"product_cat","embeddable":true,"href":"https:\/\/ev-charger-shop.com\/de\/wp-json\/wp\/v2\/product_cat?post=38736"},{"taxonomy":"product_tag","embeddable":true,"href":"https:\/\/ev-charger-shop.com\/de\/wp-json\/wp\/v2\/product_tag?post=38736"}],"curies":[{"name":"wp","href":"https:\/\/api.w.org\/{rel}","templated":true}]}}