{"id":318,"date":"2020-05-27T20:37:57","date_gmt":"2020-05-27T19:37:57","guid":{"rendered":"http:\/\/ev-charger-shop.com\/?post_type=product&#038;p=318"},"modified":"2025-09-19T09:54:51","modified_gmt":"2025-09-19T08:54:51","slug":"wallbox-pulsar-stand-from-there-ev-charger-shop","status":"publish","type":"product","link":"https:\/\/ev-charger-shop.com\/de\/shop\/stands\/wallbox-pulsar-stand-from-there-ev-charger-shop\/","title":{"rendered":"Wallbox Pulsar S\u00e4ule"},"content":{"rendered":"<p>St\u00e4nder f\u00fcr WallBox Pulsar und Pulsar Plus<\/p>\n<h4>\u00dcBER WALLBOX<\/h4>\n<p>Wallbox beschreibt sich selbst als ein globales Scale-up, das sich der Ver\u00e4nderung der weltweiten Energienutzung verschrieben hat. Von Barcelona aus ist das in 2015 gegr\u00fcndete Unternehmen in \u00fcber 40 L\u00e4ndern aktiv und hat B\u00fcros in Barcelona, Madrid, China und den USA. Wallbox ist ein sehr ehrgeiziges Unternehmen, das ein Verst\u00e4ndnis f\u00fcr die Bed\u00fcrfnisse der Verbraucher mit Innovationsgeist und einem Auge f\u00fcr Design verbindet.<\/p>\n<p>In ihren eigenen Worten: \"Wir entwickeln intelligente Ladesysteme f\u00fcr Elektrofahrzeuge, die modernste Technologie mit einem herausragenden Design kombinieren, weil wir glauben, dass Design genauso wichtig ist wie Technologie. Und um ein ganzheitliches Erlebnis zu bieten, wird die Kommunikation zwischen dem Auto und dem Ladeger\u00e4t \u00fcber eine einfach zu bedienende App gesteuert. Wir sind ein Team von Tr\u00e4umern, Machern und Gestaltern, das weltweit daran arbeitet, den Weg zum nachhaltigen elektrischen Transport zu ebnen. Mehr als 200 engagierte Experten aus \u00fcber 20 verschiedenen Nationen arbeiten gemeinsam daran, dieses Ziel zu erreichen.\"<\/p>\n<p><a href=\"https:\/\/wallbox.com\/en_catalog\/\">www.wallbox.com<\/a><\/p>","protected":false},"excerpt":{"rendered":"<p>Size (L*B*T): 154,1 * 209,9 * 25,7\/21,4cm<\/p>\n<p>Gewicht: 10 kg<\/p>\n<p>Material:  Aluminium and Stahl<\/p>","protected":false},"featured_media":2684,"template":"","meta":{"_monsterinsights_skip_tracking":false,"_monsterinsights_sitenote_active":false,"_monsterinsights_sitenote_note":"","_monsterinsights_sitenote_category":0},"product_brand":[],"product_cat":[42,171],"product_tag":[],"class_list":{"0":"post-318","1":"product","2":"type-product","3":"status-publish","4":"has-post-thumbnail","6":"product_cat-stands","7":"product_cat-wallbox","8":"product_shipping_class-stands","10":"first","11":"outofstock","12":"taxable","13":"shipping-taxable","14":"purchasable","15":"product-type-simple"},"yoast_head":"<!-- This site is optimized with the Yoast SEO plugin v27.2 - https:\/\/yoast.com\/product\/yoast-seo-wordpress\/ -->\n<title>WallBox Pulsar Stand from there EV Charger Shop<\/title>\n<meta name=\"description\" content=\"WallBox Pulsar Stand an excellent quality product from Wallbox, sold by from there EV Charger Shop in our online webshop.\" \/>\n<meta name=\"robots\" content=\"index, follow, max-snippet:-1, max-image-preview:large, max-video-preview:-1\" \/>\n<link rel=\"canonical\" href=\"https:\/\/ev-charger-shop.com\/de\/shop\/stands\/wallbox-pulsar-stand-from-there-ev-charger-shop\/\" \/>\n<meta property=\"og:locale\" content=\"de_DE\" \/>\n<meta property=\"og:type\" content=\"article\" \/>\n<meta property=\"og:title\" content=\"WallBox Pulsar Stand from there EV Charger Shop\" \/>\n<meta property=\"og:description\" content=\"WallBox Pulsar Stand an excellent quality product from Wallbox, sold by from there EV Charger Shop in our online webshop.\" \/>\n<meta property=\"og:url\" content=\"https:\/\/ev-charger-shop.com\/de\/shop\/stands\/wallbox-pulsar-stand-from-there-ev-charger-shop\/\" \/>\n<meta property=\"og:site_name\" content=\"EVIG\" \/>\n<meta property=\"article:modified_time\" content=\"2025-09-19T08:54:51+00:00\" \/>\n<meta property=\"og:image\" content=\"https:\/\/ev-charger-shop.com\/wp-content\/uploads\/2020\/09\/Screenshot-2020-05-26-at-20.28.04.png\" \/>\n\t<meta property=\"og:image:width\" content=\"632\" \/>\n\t<meta property=\"og:image:height\" content=\"962\" \/>\n\t<meta property=\"og:image:type\" content=\"image\/png\" \/>\n<meta name=\"twitter:card\" content=\"summary_large_image\" \/>\n<meta name=\"twitter:label1\" content=\"Gesch\u00e4tzte Lesezeit\" \/>\n\t<meta name=\"twitter:data1\" content=\"1\u00a0Minute\" \/>\n<script type=\"application\/ld+json\" class=\"yoast-schema-graph\">{\"@context\":\"https:\/\/schema.org\",\"@graph\":[{\"@type\":\"WebPage\",\"@id\":\"https:\/\/ev-charger-shop.com\/shop\/stands\/wallbox-pulsar-stand-from-there-ev-charger-shop\/\",\"url\":\"https:\/\/ev-charger-shop.com\/shop\/stands\/wallbox-pulsar-stand-from-there-ev-charger-shop\/\",\"name\":\"WallBox Pulsar Stand from there EV Charger Shop\",\"isPartOf\":{\"@id\":\"https:\/\/ev-charger-shop.com\/#website\"},\"primaryImageOfPage\":{\"@id\":\"https:\/\/ev-charger-shop.com\/shop\/stands\/wallbox-pulsar-stand-from-there-ev-charger-shop\/#primaryimage\"},\"image\":{\"@id\":\"https:\/\/ev-charger-shop.com\/shop\/stands\/wallbox-pulsar-stand-from-there-ev-charger-shop\/#primaryimage\"},\"thumbnailUrl\":\"https:\/\/ev-charger-shop.com\/wp-content\/uploads\/2020\/09\/Screenshot-2020-05-26-at-20.28.04.png\",\"datePublished\":\"2020-05-27T19:37:57+00:00\",\"dateModified\":\"2025-09-19T08:54:51+00:00\",\"description\":\"WallBox Pulsar Stand an excellent quality product from Wallbox, sold by from there EV Charger Shop in our online webshop.\",\"breadcrumb\":{\"@id\":\"https:\/\/ev-charger-shop.com\/shop\/stands\/wallbox-pulsar-stand-from-there-ev-charger-shop\/#breadcrumb\"},\"inLanguage\":\"de\",\"potentialAction\":[{\"@type\":\"ReadAction\",\"target\":[\"https:\/\/ev-charger-shop.com\/shop\/stands\/wallbox-pulsar-stand-from-there-ev-charger-shop\/\"]}]},{\"@type\":\"ImageObject\",\"inLanguage\":\"de\",\"@id\":\"https:\/\/ev-charger-shop.com\/shop\/stands\/wallbox-pulsar-stand-from-there-ev-charger-shop\/#primaryimage\",\"url\":\"https:\/\/ev-charger-shop.com\/wp-content\/uploads\/2020\/09\/Screenshot-2020-05-26-at-20.28.04.png\",\"contentUrl\":\"https:\/\/ev-charger-shop.com\/wp-content\/uploads\/2020\/09\/Screenshot-2020-05-26-at-20.28.04.png\",\"width\":632,\"height\":962,\"caption\":\"Wallbox Stand for the Wallbox range of EV Chargers, Pulsar, Pulsar Plus, Copper SB and Commander II from the EV Charger Shop.\"},{\"@type\":\"BreadcrumbList\",\"@id\":\"https:\/\/ev-charger-shop.com\/shop\/stands\/wallbox-pulsar-stand-from-there-ev-charger-shop\/#breadcrumb\",\"itemListElement\":[{\"@type\":\"ListItem\",\"position\":1,\"name\":\"Home\",\"item\":\"https:\/\/ev-charger-shop.com\/\"},{\"@type\":\"ListItem\",\"position\":2,\"name\":\"Shop\",\"item\":\"https:\/\/ev-charger-shop.com\/de\/shop\/\"},{\"@type\":\"ListItem\",\"position\":3,\"name\":\"WallBox Pulsar Stand\"}]},{\"@type\":\"WebSite\",\"@id\":\"https:\/\/ev-charger-shop.com\/#website\",\"url\":\"https:\/\/ev-charger-shop.com\/\",\"name\":\"EVIG\",\"description\":\"The EV Innovation Group\",\"publisher\":{\"@id\":\"https:\/\/ev-charger-shop.com\/#organization\"},\"potentialAction\":[{\"@type\":\"SearchAction\",\"target\":{\"@type\":\"EntryPoint\",\"urlTemplate\":\"https:\/\/ev-charger-shop.com\/?s={search_term_string}\"},\"query-input\":{\"@type\":\"PropertyValueSpecification\",\"valueRequired\":true,\"valueName\":\"search_term_string\"}}],\"inLanguage\":\"de\"},{\"@type\":\"Organization\",\"@id\":\"https:\/\/ev-charger-shop.com\/#organization\",\"name\":\"EVIG electric vehicle chargers\",\"url\":\"https:\/\/ev-charger-shop.com\/\",\"logo\":{\"@type\":\"ImageObject\",\"inLanguage\":\"de\",\"@id\":\"https:\/\/ev-charger-shop.com\/#\/schema\/logo\/image\/\",\"url\":\"https:\/\/ev-charger-shop.com\/wp-content\/uploads\/2019\/08\/evig-icon.svg\",\"contentUrl\":\"https:\/\/ev-charger-shop.com\/wp-content\/uploads\/2019\/08\/evig-icon.svg\",\"width\":66,\"height\":66,\"caption\":\"EVIG electric vehicle chargers\"},\"image\":{\"@id\":\"https:\/\/ev-charger-shop.com\/#\/schema\/logo\/image\/\"},\"sameAs\":[\"https:\/\/instagram.com\/eviggmbh?igshid=18y9i2pnmf79a\",\"https:\/\/www.linkedin.com\/company\/ev-ig\/\"]}]}<\/script>\n<!-- \/ Yoast SEO plugin. -->","yoast_head_json":{"title":"WallBox Pulsar Stand from there EV Charger Shop","description":"WallBox Pulsar Stand an excellent quality product from Wallbox, sold by from there EV Charger Shop in our online webshop.","robots":{"index":"index","follow":"follow","max-snippet":"max-snippet:-1","max-image-preview":"max-image-preview:large","max-video-preview":"max-video-preview:-1"},"canonical":"https:\/\/ev-charger-shop.com\/de\/shop\/stands\/wallbox-pulsar-stand-from-there-ev-charger-shop\/","og_locale":"de_DE","og_type":"article","og_title":"WallBox Pulsar Stand from there EV Charger Shop","og_description":"WallBox Pulsar Stand an excellent quality product from Wallbox, sold by from there EV Charger Shop in our online webshop.","og_url":"https:\/\/ev-charger-shop.com\/de\/shop\/stands\/wallbox-pulsar-stand-from-there-ev-charger-shop\/","og_site_name":"EVIG","article_modified_time":"2025-09-19T08:54:51+00:00","og_image":[{"width":632,"height":962,"url":"https:\/\/ev-charger-shop.com\/wp-content\/uploads\/2020\/09\/Screenshot-2020-05-26-at-20.28.04.png","type":"image\/png"}],"twitter_card":"summary_large_image","twitter_misc":{"Gesch\u00e4tzte Lesezeit":"1\u00a0Minute"},"schema":{"@context":"https:\/\/schema.org","@graph":[{"@type":"WebPage","@id":"https:\/\/ev-charger-shop.com\/shop\/stands\/wallbox-pulsar-stand-from-there-ev-charger-shop\/","url":"https:\/\/ev-charger-shop.com\/shop\/stands\/wallbox-pulsar-stand-from-there-ev-charger-shop\/","name":"WallBox Pulsar Stand from there EV Charger Shop","isPartOf":{"@id":"https:\/\/ev-charger-shop.com\/#website"},"primaryImageOfPage":{"@id":"https:\/\/ev-charger-shop.com\/shop\/stands\/wallbox-pulsar-stand-from-there-ev-charger-shop\/#primaryimage"},"image":{"@id":"https:\/\/ev-charger-shop.com\/shop\/stands\/wallbox-pulsar-stand-from-there-ev-charger-shop\/#primaryimage"},"thumbnailUrl":"https:\/\/ev-charger-shop.com\/wp-content\/uploads\/2020\/09\/Screenshot-2020-05-26-at-20.28.04.png","datePublished":"2020-05-27T19:37:57+00:00","dateModified":"2025-09-19T08:54:51+00:00","description":"WallBox Pulsar Stand an excellent quality product from Wallbox, sold by from there EV Charger Shop in our online webshop.","breadcrumb":{"@id":"https:\/\/ev-charger-shop.com\/shop\/stands\/wallbox-pulsar-stand-from-there-ev-charger-shop\/#breadcrumb"},"inLanguage":"de","potentialAction":[{"@type":"ReadAction","target":["https:\/\/ev-charger-shop.com\/shop\/stands\/wallbox-pulsar-stand-from-there-ev-charger-shop\/"]}]},{"@type":"ImageObject","inLanguage":"de","@id":"https:\/\/ev-charger-shop.com\/shop\/stands\/wallbox-pulsar-stand-from-there-ev-charger-shop\/#primaryimage","url":"https:\/\/ev-charger-shop.com\/wp-content\/uploads\/2020\/09\/Screenshot-2020-05-26-at-20.28.04.png","contentUrl":"https:\/\/ev-charger-shop.com\/wp-content\/uploads\/2020\/09\/Screenshot-2020-05-26-at-20.28.04.png","width":632,"height":962,"caption":"Wallbox Stand for the Wallbox range of EV Chargers, Pulsar, Pulsar Plus, Copper SB and Commander II from the EV Charger Shop."},{"@type":"BreadcrumbList","@id":"https:\/\/ev-charger-shop.com\/shop\/stands\/wallbox-pulsar-stand-from-there-ev-charger-shop\/#breadcrumb","itemListElement":[{"@type":"ListItem","position":1,"name":"Home","item":"https:\/\/ev-charger-shop.com\/"},{"@type":"ListItem","position":2,"name":"Shop","item":"https:\/\/ev-charger-shop.com\/de\/shop\/"},{"@type":"ListItem","position":3,"name":"WallBox Pulsar Stand"}]},{"@type":"WebSite","@id":"https:\/\/ev-charger-shop.com\/#website","url":"https:\/\/ev-charger-shop.com\/","name":"EVIG","description":"The EV Innovation Group","publisher":{"@id":"https:\/\/ev-charger-shop.com\/#organization"},"potentialAction":[{"@type":"SearchAction","target":{"@type":"EntryPoint","urlTemplate":"https:\/\/ev-charger-shop.com\/?s={search_term_string}"},"query-input":{"@type":"PropertyValueSpecification","valueRequired":true,"valueName":"search_term_string"}}],"inLanguage":"de"},{"@type":"Organization","@id":"https:\/\/ev-charger-shop.com\/#organization","name":"EVIG electric vehicle chargers","url":"https:\/\/ev-charger-shop.com\/","logo":{"@type":"ImageObject","inLanguage":"de","@id":"https:\/\/ev-charger-shop.com\/#\/schema\/logo\/image\/","url":"https:\/\/ev-charger-shop.com\/wp-content\/uploads\/2019\/08\/evig-icon.svg","contentUrl":"https:\/\/ev-charger-shop.com\/wp-content\/uploads\/2019\/08\/evig-icon.svg","width":66,"height":66,"caption":"EVIG electric vehicle chargers"},"image":{"@id":"https:\/\/ev-charger-shop.com\/#\/schema\/logo\/image\/"},"sameAs":["https:\/\/instagram.com\/eviggmbh?igshid=18y9i2pnmf79a","https:\/\/www.linkedin.com\/company\/ev-ig\/"]}]}},"_links":{"self":[{"href":"https:\/\/ev-charger-shop.com\/de\/wp-json\/wp\/v2\/product\/318","targetHints":{"allow":["GET"]}}],"collection":[{"href":"https:\/\/ev-charger-shop.com\/de\/wp-json\/wp\/v2\/product"}],"about":[{"href":"https:\/\/ev-charger-shop.com\/de\/wp-json\/wp\/v2\/types\/product"}],"wp:featuredmedia":[{"embeddable":true,"href":"https:\/\/ev-charger-shop.com\/de\/wp-json\/wp\/v2\/media\/2684"}],"wp:attachment":[{"href":"https:\/\/ev-charger-shop.com\/de\/wp-json\/wp\/v2\/media?parent=318"}],"wp:term":[{"taxonomy":"product_brand","embeddable":true,"href":"https:\/\/ev-charger-shop.com\/de\/wp-json\/wp\/v2\/product_brand?post=318"},{"taxonomy":"product_cat","embeddable":true,"href":"https:\/\/ev-charger-shop.com\/de\/wp-json\/wp\/v2\/product_cat?post=318"},{"taxonomy":"product_tag","embeddable":true,"href":"https:\/\/ev-charger-shop.com\/de\/wp-json\/wp\/v2\/product_tag?post=318"}],"curies":[{"name":"wp","href":"https:\/\/api.w.org\/{rel}","templated":true}]}}