{"id":2643,"date":"2020-09-29T10:18:50","date_gmt":"2020-09-29T09:18:50","guid":{"rendered":"https:\/\/ev-charger-shop.com\/product\/import-placeholder-for-260\/"},"modified":"2025-09-19T09:50:12","modified_gmt":"2025-09-19T08:50:12","slug":"innogy-ebox-3-0-professional-from-the-ev-charger-shop","status":"publish","type":"product","link":"https:\/\/ev-charger-shop.com\/de\/shop\/home-charger\/innogy-ebox-3-0-professional-from-the-ev-charger-shop\/","title":{"rendered":"Innogy eBox 3.0 Professional"},"content":{"rendered":"<div class=\"page\" title=\"Page 1\">\n<div class=\"section\">\n<div class=\"layoutArea\">\n<div class=\"column\">\n<div class=\"page\" title=\"Page 1\">\n<div class=\"section\">\n<div class=\"layoutArea\">\n<div class=\"column\">\n<table>\n<tbody>\n<tr>\n<td width=\"255\">\n<ul>\n<li>Leistung: bis zu 22kW (3-Phasen)<\/li>\n<\/ul>\n<\/td>\n<td width=\"255\">\n<ul>\n<li>Socket version: Type 2 Plug assembly<\/li>\n<\/ul>\n<\/td>\n<\/tr>\n<tr>\n<td width=\"255\">\n<ul>\n<li>Steuern \u00fcber eCharge App (eignet sich zum Privatnutz) oder eOperate (Mehrger\u00e4te-Standorte)<\/li>\n<\/ul>\n<\/td>\n<td width=\"255\">\n<ul>\n<li>User authentication by Plug&amp;Charge, RFID or eCharge+ App.<\/li>\n<\/ul>\n<\/td>\n<\/tr>\n<tr>\n<td width=\"255\">\n<ul>\n<li>Verbunden \u00fcber LTE, WiFi, LAN und Bluetooth<\/li>\n<\/ul>\n<\/td>\n<td width=\"255\">\n<ul>\n<li>LEDs display charging status, user identification and vehicle connection.<\/li>\n<\/ul>\n<\/td>\n<\/tr>\n<tr>\n<td width=\"255\">\n<ul>\n<li>OCPP 1.6 J &amp; 2.0<\/li>\n<li>LG2WAN compatable<\/li>\n<\/ul>\n<\/td>\n<td width=\"255\">\n<ul>\n<li>Lastmanagement aktivierbar<\/li>\n<\/ul>\n<\/td>\n<\/tr>\n<tr>\n<td width=\"255\">\n<ul>\n<li>Temperaturbereich: -30\u00b0C to +50\u00b0C<br \/>\nThermische \u00dcberlastsicherung reduziert die Leistung bei h\u00f6heren Temperaturen<\/li>\n<\/ul>\n<\/td>\n<td width=\"255\">\n<ul>\n<li>Wetter- und schlagfest (IP55 &amp; IK10)<\/li>\n<\/ul>\n<\/td>\n<\/tr>\n<tr>\n<td width=\"255\">\n<ul>\n<li>Installation mit RCB-Typ-A-Schutzschalter<\/li>\n<\/ul>\n<\/td>\n<td width=\"255\">\n<ul>\n<li>2 Jahre Herstellergarantie<\/li>\n<\/ul>\n<\/td>\n<\/tr>\n<\/tbody>\n<\/table>\n<p>&nbsp;<\/p>\n<h4>Die zukunftssichere Abrechnungsl\u00f6sung f\u00fcr Ihre Kunden, Mitarbeiter und G\u00e4ste.<\/h4>\n<p>The Innogy eBox professional is the future-proof charging solution for professional demands. At this intelligent charging box your customers, employees or guests charge their electric vehicle within only 60 minutes. The eBox professional can be operated intuitively, lights up when approaching and communicates with the user via coloured LED signals. The eBox professional is fit for the future due to the intelligent networking with the digital services of innogy. Every vehicle type and all billing methods are supported.<\/p>\n<h4>Branding Options<\/h4>\n<p>F\u00fcr Kunden, die gro\u00dfe Mengen bestellen, haben wir neben g\u00fcnstigen Rabattstrukturen auch die M\u00f6glichkeit, die Ladeger\u00e4te mit einem individuellen Branding zu versehen. Bei Interesse kontaktieren Sie uns bitte \u00fcber das <a href=\"https:\/\/ev-charger-shop.com\/de\/contact-us\/\">Kontaktformular<\/a>.<\/p>\n<\/div>\n<\/div>\n<\/div>\n<\/div>\n<h4>Datenbl\u00e4tter<\/h4>\n<div class=\"page\" title=\"Page 1\">\n<div class=\"section\">\n<div class=\"layoutArea\">\n<div class=\"column\">\n<p><a href=\"https:\/\/stw.ev-charger-shop.com\/wp-content\/uploads\/2020\/05\/Innogy-eBox-Professional-Datasheet_EN.pdf\" target=\"_blank\" rel=\"noopener noreferrer\">Innogy eBox Professional Datasheet_EN<\/a><\/p>\n<p><a href=\"https:\/\/stw.ev-charger-shop.com\/wp-content\/uploads\/2020\/05\/Innogy-eBox-Professional-Datenblatt_DE.pdf\" target=\"_blank\" rel=\"noopener noreferrer\">Innogy eBox Professional Datenblatt_DE<\/a><\/p>\n<\/div>\n<\/div>\n<div class=\"layoutArea\">\n<h4 class=\"column\">About Innogy<\/h4>\n<p>Innogy has made the energy transition its purpose. In addition to driving innovation in the energy and heating sector, innogy is committed to expanding electromobility and already operates one of Europe&#8217;s largest charging networks with more than 45,000 charging points in Europe. Innogy&#8217;s focus on innovation and quality makes it one of the leading names in the sector.<\/p>\n<p><a href=\"http:\/\/www.innogy-emobility.com\">www.innogy-emobility.com<\/a><\/p>\n<\/div>\n<\/div>\n<\/div>\n<\/div>\n<\/div>\n<\/div>\n<\/div>","protected":false},"excerpt":{"rendered":"<h4 style=\"text-align: center;\">Merkmale<\/h4>\n<ul>\n<li>KfW 441 und KfW 439 f\u00f6rderf\u00e4hige Wallbox<\/li>\n<li>Schnellladung mit 22 kW (bis zu 10-mal schneller als an einer normalen Haushaltssteckdose)<\/li>\n<li>Sichtbar im Ladestations-Finder, im Navigationssystem und in der App.<\/li>\n<li>Bequeme Bezahlung \u00fcber RFID, Plug&amp;Charge oder eCharge+ App<\/li>\n<li>eClick-Dockingstation erm\u00f6glicht die einfache Montage an der Wand oder am ePole Duo-Stativ<\/li>\n<\/ul>\n<p style=\"text-align: center;\">","protected":false},"featured_media":2677,"template":"","meta":{"_monsterinsights_skip_tracking":false,"_monsterinsights_sitenote_active":false,"_monsterinsights_sitenote_note":"","_monsterinsights_sitenote_category":0},"product_brand":[],"product_cat":[25],"product_tag":[],"class_list":{"0":"post-2643","1":"product","2":"type-product","3":"status-publish","4":"has-post-thumbnail","6":"product_cat-home-charger","7":"product_shipping_class-wallbox","9":"first","10":"instock","11":"taxable","12":"shipping-taxable","13":"purchasable","14":"product-type-simple"},"yoast_head":"<!-- This site is optimized with the Yoast SEO plugin v27.2 - https:\/\/yoast.com\/product\/yoast-seo-wordpress\/ -->\n<title>Innogy eBox 3.0 Professional from the EV Charger Shop<\/title>\n<meta name=\"description\" content=\"Innogy eBox 3.0 Professional from the EV Charger Shop, this is the premium offering from Innogy.\" \/>\n<meta name=\"robots\" content=\"index, follow, max-snippet:-1, max-image-preview:large, max-video-preview:-1\" \/>\n<link rel=\"canonical\" href=\"https:\/\/ev-charger-shop.com\/de\/shop\/home-charger\/innogy-ebox-3-0-professional-from-the-ev-charger-shop\/\" \/>\n<meta property=\"og:locale\" content=\"de_DE\" \/>\n<meta property=\"og:type\" content=\"article\" \/>\n<meta property=\"og:title\" content=\"Innogy eBox 3.0 Professional from the EV Charger Shop\" \/>\n<meta property=\"og:description\" content=\"Innogy eBox 3.0 Professional from the EV Charger Shop, this is the premium offering from Innogy.\" \/>\n<meta property=\"og:url\" content=\"https:\/\/ev-charger-shop.com\/de\/shop\/home-charger\/innogy-ebox-3-0-professional-from-the-ev-charger-shop\/\" \/>\n<meta property=\"og:site_name\" content=\"EVIG\" \/>\n<meta property=\"article:modified_time\" content=\"2025-09-19T08:50:12+00:00\" \/>\n<meta property=\"og:image\" content=\"https:\/\/ev-charger-shop.com\/wp-content\/uploads\/2020\/09\/Screenshot-2020-07-07-at-17.05.08.png\" \/>\n\t<meta property=\"og:image:width\" content=\"284\" \/>\n\t<meta property=\"og:image:height\" content=\"263\" \/>\n\t<meta property=\"og:image:type\" content=\"image\/png\" \/>\n<meta name=\"twitter:card\" content=\"summary_large_image\" \/>\n<meta name=\"twitter:label1\" content=\"Gesch\u00e4tzte Lesezeit\" \/>\n\t<meta name=\"twitter:data1\" content=\"2\u00a0Minuten\" \/>\n<script type=\"application\/ld+json\" class=\"yoast-schema-graph\">{\"@context\":\"https:\/\/schema.org\",\"@graph\":[{\"@type\":\"WebPage\",\"@id\":\"https:\/\/ev-charger-shop.com\/shop\/home-charger\/innogy-ebox-3-0-professional-from-the-ev-charger-shop\/\",\"url\":\"https:\/\/ev-charger-shop.com\/shop\/home-charger\/innogy-ebox-3-0-professional-from-the-ev-charger-shop\/\",\"name\":\"Innogy eBox 3.0 Professional from the EV Charger Shop\",\"isPartOf\":{\"@id\":\"https:\/\/ev-charger-shop.com\/#website\"},\"primaryImageOfPage\":{\"@id\":\"https:\/\/ev-charger-shop.com\/shop\/home-charger\/innogy-ebox-3-0-professional-from-the-ev-charger-shop\/#primaryimage\"},\"image\":{\"@id\":\"https:\/\/ev-charger-shop.com\/shop\/home-charger\/innogy-ebox-3-0-professional-from-the-ev-charger-shop\/#primaryimage\"},\"thumbnailUrl\":\"https:\/\/ev-charger-shop.com\/wp-content\/uploads\/2020\/09\/Screenshot-2020-07-07-at-17.05.08.png\",\"datePublished\":\"2020-09-29T09:18:50+00:00\",\"dateModified\":\"2025-09-19T08:50:12+00:00\",\"description\":\"Innogy eBox 3.0 Professional from the EV Charger Shop, this is the premium offering from Innogy.\",\"breadcrumb\":{\"@id\":\"https:\/\/ev-charger-shop.com\/shop\/home-charger\/innogy-ebox-3-0-professional-from-the-ev-charger-shop\/#breadcrumb\"},\"inLanguage\":\"de\",\"potentialAction\":[{\"@type\":\"ReadAction\",\"target\":[\"https:\/\/ev-charger-shop.com\/shop\/home-charger\/innogy-ebox-3-0-professional-from-the-ev-charger-shop\/\"]}]},{\"@type\":\"ImageObject\",\"inLanguage\":\"de\",\"@id\":\"https:\/\/ev-charger-shop.com\/shop\/home-charger\/innogy-ebox-3-0-professional-from-the-ev-charger-shop\/#primaryimage\",\"url\":\"https:\/\/ev-charger-shop.com\/wp-content\/uploads\/2020\/09\/Screenshot-2020-07-07-at-17.05.08.png\",\"contentUrl\":\"https:\/\/ev-charger-shop.com\/wp-content\/uploads\/2020\/09\/Screenshot-2020-07-07-at-17.05.08.png\",\"width\":284,\"height\":263,\"caption\":\"Innogy eBox 3.0 Professional ev charger 11kW & 22kW premium EV Charger from the EV Charger Shop.\"},{\"@type\":\"BreadcrumbList\",\"@id\":\"https:\/\/ev-charger-shop.com\/shop\/home-charger\/innogy-ebox-3-0-professional-from-the-ev-charger-shop\/#breadcrumb\",\"itemListElement\":[{\"@type\":\"ListItem\",\"position\":1,\"name\":\"Home\",\"item\":\"https:\/\/ev-charger-shop.com\/\"},{\"@type\":\"ListItem\",\"position\":2,\"name\":\"Shop\",\"item\":\"https:\/\/ev-charger-shop.com\/de\/shop\/\"},{\"@type\":\"ListItem\",\"position\":3,\"name\":\"Innogy eBox 3.0 Professional\"}]},{\"@type\":\"WebSite\",\"@id\":\"https:\/\/ev-charger-shop.com\/#website\",\"url\":\"https:\/\/ev-charger-shop.com\/\",\"name\":\"EVIG\",\"description\":\"The EV Innovation Group\",\"publisher\":{\"@id\":\"https:\/\/ev-charger-shop.com\/#organization\"},\"potentialAction\":[{\"@type\":\"SearchAction\",\"target\":{\"@type\":\"EntryPoint\",\"urlTemplate\":\"https:\/\/ev-charger-shop.com\/?s={search_term_string}\"},\"query-input\":{\"@type\":\"PropertyValueSpecification\",\"valueRequired\":true,\"valueName\":\"search_term_string\"}}],\"inLanguage\":\"de\"},{\"@type\":\"Organization\",\"@id\":\"https:\/\/ev-charger-shop.com\/#organization\",\"name\":\"EVIG electric vehicle chargers\",\"url\":\"https:\/\/ev-charger-shop.com\/\",\"logo\":{\"@type\":\"ImageObject\",\"inLanguage\":\"de\",\"@id\":\"https:\/\/ev-charger-shop.com\/#\/schema\/logo\/image\/\",\"url\":\"https:\/\/ev-charger-shop.com\/wp-content\/uploads\/2019\/08\/evig-icon.svg\",\"contentUrl\":\"https:\/\/ev-charger-shop.com\/wp-content\/uploads\/2019\/08\/evig-icon.svg\",\"width\":66,\"height\":66,\"caption\":\"EVIG electric vehicle chargers\"},\"image\":{\"@id\":\"https:\/\/ev-charger-shop.com\/#\/schema\/logo\/image\/\"},\"sameAs\":[\"https:\/\/instagram.com\/eviggmbh?igshid=18y9i2pnmf79a\",\"https:\/\/www.linkedin.com\/company\/ev-ig\/\"]}]}<\/script>\n<!-- \/ Yoast SEO plugin. -->","yoast_head_json":{"title":"Innogy eBox 3.0 Professional from the EV Charger Shop","description":"Innogy eBox 3.0 Professional from the EV Charger Shop, this is the premium offering from Innogy.","robots":{"index":"index","follow":"follow","max-snippet":"max-snippet:-1","max-image-preview":"max-image-preview:large","max-video-preview":"max-video-preview:-1"},"canonical":"https:\/\/ev-charger-shop.com\/de\/shop\/home-charger\/innogy-ebox-3-0-professional-from-the-ev-charger-shop\/","og_locale":"de_DE","og_type":"article","og_title":"Innogy eBox 3.0 Professional from the EV Charger Shop","og_description":"Innogy eBox 3.0 Professional from the EV Charger Shop, this is the premium offering from Innogy.","og_url":"https:\/\/ev-charger-shop.com\/de\/shop\/home-charger\/innogy-ebox-3-0-professional-from-the-ev-charger-shop\/","og_site_name":"EVIG","article_modified_time":"2025-09-19T08:50:12+00:00","og_image":[{"width":284,"height":263,"url":"https:\/\/ev-charger-shop.com\/wp-content\/uploads\/2020\/09\/Screenshot-2020-07-07-at-17.05.08.png","type":"image\/png"}],"twitter_card":"summary_large_image","twitter_misc":{"Gesch\u00e4tzte Lesezeit":"2\u00a0Minuten"},"schema":{"@context":"https:\/\/schema.org","@graph":[{"@type":"WebPage","@id":"https:\/\/ev-charger-shop.com\/shop\/home-charger\/innogy-ebox-3-0-professional-from-the-ev-charger-shop\/","url":"https:\/\/ev-charger-shop.com\/shop\/home-charger\/innogy-ebox-3-0-professional-from-the-ev-charger-shop\/","name":"Innogy eBox 3.0 Professional from the EV Charger Shop","isPartOf":{"@id":"https:\/\/ev-charger-shop.com\/#website"},"primaryImageOfPage":{"@id":"https:\/\/ev-charger-shop.com\/shop\/home-charger\/innogy-ebox-3-0-professional-from-the-ev-charger-shop\/#primaryimage"},"image":{"@id":"https:\/\/ev-charger-shop.com\/shop\/home-charger\/innogy-ebox-3-0-professional-from-the-ev-charger-shop\/#primaryimage"},"thumbnailUrl":"https:\/\/ev-charger-shop.com\/wp-content\/uploads\/2020\/09\/Screenshot-2020-07-07-at-17.05.08.png","datePublished":"2020-09-29T09:18:50+00:00","dateModified":"2025-09-19T08:50:12+00:00","description":"Innogy eBox 3.0 Professional from the EV Charger Shop, this is the premium offering from Innogy.","breadcrumb":{"@id":"https:\/\/ev-charger-shop.com\/shop\/home-charger\/innogy-ebox-3-0-professional-from-the-ev-charger-shop\/#breadcrumb"},"inLanguage":"de","potentialAction":[{"@type":"ReadAction","target":["https:\/\/ev-charger-shop.com\/shop\/home-charger\/innogy-ebox-3-0-professional-from-the-ev-charger-shop\/"]}]},{"@type":"ImageObject","inLanguage":"de","@id":"https:\/\/ev-charger-shop.com\/shop\/home-charger\/innogy-ebox-3-0-professional-from-the-ev-charger-shop\/#primaryimage","url":"https:\/\/ev-charger-shop.com\/wp-content\/uploads\/2020\/09\/Screenshot-2020-07-07-at-17.05.08.png","contentUrl":"https:\/\/ev-charger-shop.com\/wp-content\/uploads\/2020\/09\/Screenshot-2020-07-07-at-17.05.08.png","width":284,"height":263,"caption":"Innogy eBox 3.0 Professional ev charger 11kW & 22kW premium EV Charger from the EV Charger Shop."},{"@type":"BreadcrumbList","@id":"https:\/\/ev-charger-shop.com\/shop\/home-charger\/innogy-ebox-3-0-professional-from-the-ev-charger-shop\/#breadcrumb","itemListElement":[{"@type":"ListItem","position":1,"name":"Home","item":"https:\/\/ev-charger-shop.com\/"},{"@type":"ListItem","position":2,"name":"Shop","item":"https:\/\/ev-charger-shop.com\/de\/shop\/"},{"@type":"ListItem","position":3,"name":"Innogy eBox 3.0 Professional"}]},{"@type":"WebSite","@id":"https:\/\/ev-charger-shop.com\/#website","url":"https:\/\/ev-charger-shop.com\/","name":"EVIG","description":"The EV Innovation Group","publisher":{"@id":"https:\/\/ev-charger-shop.com\/#organization"},"potentialAction":[{"@type":"SearchAction","target":{"@type":"EntryPoint","urlTemplate":"https:\/\/ev-charger-shop.com\/?s={search_term_string}"},"query-input":{"@type":"PropertyValueSpecification","valueRequired":true,"valueName":"search_term_string"}}],"inLanguage":"de"},{"@type":"Organization","@id":"https:\/\/ev-charger-shop.com\/#organization","name":"EVIG electric vehicle chargers","url":"https:\/\/ev-charger-shop.com\/","logo":{"@type":"ImageObject","inLanguage":"de","@id":"https:\/\/ev-charger-shop.com\/#\/schema\/logo\/image\/","url":"https:\/\/ev-charger-shop.com\/wp-content\/uploads\/2019\/08\/evig-icon.svg","contentUrl":"https:\/\/ev-charger-shop.com\/wp-content\/uploads\/2019\/08\/evig-icon.svg","width":66,"height":66,"caption":"EVIG electric vehicle chargers"},"image":{"@id":"https:\/\/ev-charger-shop.com\/#\/schema\/logo\/image\/"},"sameAs":["https:\/\/instagram.com\/eviggmbh?igshid=18y9i2pnmf79a","https:\/\/www.linkedin.com\/company\/ev-ig\/"]}]}},"_links":{"self":[{"href":"https:\/\/ev-charger-shop.com\/de\/wp-json\/wp\/v2\/product\/2643","targetHints":{"allow":["GET"]}}],"collection":[{"href":"https:\/\/ev-charger-shop.com\/de\/wp-json\/wp\/v2\/product"}],"about":[{"href":"https:\/\/ev-charger-shop.com\/de\/wp-json\/wp\/v2\/types\/product"}],"wp:featuredmedia":[{"embeddable":true,"href":"https:\/\/ev-charger-shop.com\/de\/wp-json\/wp\/v2\/media\/2677"}],"wp:attachment":[{"href":"https:\/\/ev-charger-shop.com\/de\/wp-json\/wp\/v2\/media?parent=2643"}],"wp:term":[{"taxonomy":"product_brand","embeddable":true,"href":"https:\/\/ev-charger-shop.com\/de\/wp-json\/wp\/v2\/product_brand?post=2643"},{"taxonomy":"product_cat","embeddable":true,"href":"https:\/\/ev-charger-shop.com\/de\/wp-json\/wp\/v2\/product_cat?post=2643"},{"taxonomy":"product_tag","embeddable":true,"href":"https:\/\/ev-charger-shop.com\/de\/wp-json\/wp\/v2\/product_tag?post=2643"}],"curies":[{"name":"wp","href":"https:\/\/api.w.org\/{rel}","templated":true}]}}