{"id":260,"date":"2020-05-03T20:15:27","date_gmt":"2020-05-03T19:15:27","guid":{"rendered":"http:\/\/ev-charger-shop.com\/?post_type=product&#038;p=260"},"modified":"2025-07-28T12:31:22","modified_gmt":"2025-07-28T11:31:22","slug":"ebox-professional","status":"publish","type":"product","link":"https:\/\/ev-charger-shop.com\/de\/shop\/home-charger\/ebox-professional\/","title":{"rendered":"Innogy\/Compleo eBox Professional"},"content":{"rendered":"<div class=\"page\" title=\"Innogy eBox 3.0 Professional EV Charger\">\n<div class=\"section\">\n<div class=\"layoutArea\">\n<div class=\"column\">\n<div class=\"page\" title=\"Page 1\">\n<div class=\"section\">\n<div class=\"layoutArea\">\n<p class=\"column\">The Innogy\/Compleo eBox professional is a future-proof charging solution, suitable for home or business use.\u00a0 This intelligent wallbox benefits from the cutting-edge digital services of Innogy. As a result, it is perfect for charging the vehichles of customers, employees or guests.<\/p>\n<p>Die smarte Funktionalit\u00e4t der Wallbox wird \u00fcber eine WLAN-, LAN- oder Mobilfunknetz-Verbindung und die App-Schnittstelle von Innogy bereitgestellt. Die f\u00fcr die private Nutzung konzipierte eCharge+ App ist kostenlos und lebenslange SIM-Daten sind inklusive. Ein eingebauter DC-Leckschutz reduziert die Installationskosten, da ein RCB Typ A anstelle eines teuren RCB Typ B verwendet werden kann. Die eClick-Dockingstation erm\u00f6glicht eine einfache Montage an der Wand oder an ePole Duo Lades\u00e4ulen. Die eClick ist im Preis enthalten.<\/p>\n<p>Die Typ 2-Steckdose ist mit allen Fahrzeugmodellen in Europa kompatibel.<\/p>\n<\/div>\n<\/div>\n<div><\/div>\n<div class=\"section\">\n<div class=\"layoutArea\">\n<div class=\"column\">\n<table>\n<tbody>\n<tr>\n<td width=\"255\">\n<ul>\n<li>Leistung: bis zu 22kW (3-Phasen)<\/li>\n<\/ul>\n<\/td>\n<td width=\"255\">\n<ul>\n<li>Typ 2-Steckdose. Sie ben\u00f6tigen ein separates Ladekabel<\/li>\n<\/ul>\n<\/td>\n<\/tr>\n<tr>\n<td width=\"255\">\n<ul>\n<li>Steuerung \u00fcber eCharge+ (Heimgebrauch) oder eOperate (Ladestationen-Netzwerk)<\/li>\n<\/ul>\n<\/td>\n<td width=\"255\">\n<ul>\n<li>Authentifizierung \u00fcber RFID, Plug&amp;Charge oder eCharge+ App<\/li>\n<\/ul>\n<\/td>\n<\/tr>\n<tr>\n<td width=\"255\">\n<ul>\n<li>Vernetzbar \u00fcber WLAN, Mobilfunknetze oder LAN. Bluetooth wird f\u00fcr die Einrichtung verwendet<\/li>\n<\/ul>\n<\/td>\n<td width=\"255\">\n<ul>\n<li>LEDs zeigen Benutzeridentifizierung, Verbindung zum Fahrzeug, und Ladestatus an<\/li>\n<\/ul>\n<\/td>\n<\/tr>\n<tr>\n<td width=\"255\">\n<ul>\n<li>OCPP1.6J &amp; 2.0<\/li>\n<li>LG2WAN kompatibel<\/li>\n<\/ul>\n<\/td>\n<td width=\"255\">\n<ul>\n<li>Lastmanagement aktivierbar<\/li>\n<\/ul>\n<\/td>\n<\/tr>\n<tr>\n<td width=\"255\">\n<ul>\n<li>Temperaturbereich: -30\u00b0C to +50\u00b0C<br \/>\nThermische \u00dcberlastsicherung reduziert die Leistung bei h\u00f6heren Temperaturen<\/li>\n<\/ul>\n<\/td>\n<td width=\"255\">\n<ul>\n<li>Wetter- und schlagfest (IP55 &amp; IK10)<\/li>\n<\/ul>\n<\/td>\n<\/tr>\n<tr>\n<td width=\"255\">\n<ul>\n<li>Installation mit RCB-Typ-A-Schutzschalter<\/li>\n<\/ul>\n<\/td>\n<td width=\"255\">\n<ul>\n<li>2 Jahre Herstellergarantie<\/li>\n<\/ul>\n<\/td>\n<\/tr>\n<\/tbody>\n<\/table>\n<p>&nbsp;<\/p>\n<h4>BESTELLOPTIONEN F\u00dcR HOHE ST\u00dcCKZAHLEN<\/h4>\n<p>Individuelles Branding: F\u00fcr Kunden, die gro\u00dfe Bestellungen aufgeben, haben wir neben g\u00fcnstigen Rabattstrukturen auch die M\u00f6glichkeit, die Ladeger\u00e4te mit ihrer eigenen Marke zu versehen.<\/p>\n<p>IT-Backend: Das eBox professional Ladeger\u00e4t ist vollst\u00e4ndig mit mehreren Backends von Drittanbietern integriert. Eine Vorbestellung ist notwendig, da die entsprechende SIM-Karte bei der Montage in die Wallbox eingelegt werden muss.<\/p>\n<p>Bei Interesse bitte nutzen Sie unser <a href=\"https:\/\/ev-charger-shop.com\/de\/contact-us\/\">Kontaktformular<\/a>.<\/p>\n<\/div>\n<\/div>\n<div class=\"layoutArea\">\n<h4 class=\"column\"><strong>Datenbl\u00e4tter<\/strong><\/h4>\n<div><a href=\"https:\/\/ev-charger-shop.com\/wp-content\/uploads\/2020\/05\/Innogy-eBox-Professional-Datasheet_EN.pdf\" target=\"_blank\" rel=\"noopener noreferrer\">EN_Innogy eBox Professional Datasheet<\/a><\/div>\n<div><a href=\"https:\/\/ev-charger-shop.com\/wp-content\/uploads\/2020\/05\/Innogy-eBox-Professional-Datenblatt_DE.pdf\" target=\"_blank\" rel=\"noopener noreferrer\">DE_Innogy eBox Professional Datenblatt<\/a><\/div>\n<div><a href=\"https:\/\/ev-charger-shop.com\/wp-content\/uploads\/2020\/05\/Innogy-eClick_EN.pdf\" target=\"_blank\" rel=\"noopener noreferrer\">EN_Innogy eClick<\/a><\/div>\n<div><a href=\"https:\/\/ev-charger-shop.com\/wp-content\/uploads\/2020\/05\/Innogy-eClick_DE.pdf\" target=\"_blank\" rel=\"noopener noreferrer\">DE_Innogy eClick<\/a><\/div>\n<\/div>\n<\/div>\n<\/div>\n<\/div>\n<\/div>\n<\/div>\n<div><\/div>\n<div class=\"section\">\n<div class=\"layoutArea\">\n<div class=\"column\">\n<div class=\"page\" title=\"Page 1\">\n<div class=\"section\">\n<div>\n<h4><\/h4>\n<h4 class=\"column\">\u00dcber Innogy<\/h4>\n<p>Innogy hat sich die Energiewende auf die Fahnen geschrieben. Neben dem Vorantreiben von Innovationen im Energie- und W\u00e4rmesektor engagiert sich Innogy f\u00fcr den Ausbau der Elektromobilit\u00e4t und betreibt bereits heute mit mehr als 45.000 Ladepunkten in der EU eines der gr\u00f6\u00dften Ladenetzwerke Europas. Der Fokus auf Innovation und Qualit\u00e4t macht Innogy zu einem der f\u00fchrenden Namen in der Branche.<\/p>\n<p><a href=\"http:\/\/www.innogy-emobility.com\/\">www.innogy-emobility.com<\/a><\/p>\n<\/div>\n<\/div>\n<\/div>\n<\/div>\n<\/div>\n<\/div>\n<\/div>","protected":false},"excerpt":{"rendered":"<p>&nbsp;<\/p>\n<ul>\n<li>Quick charge rates up to 22 kW (up to 10 times faster than at a normal household socket)<\/li>\n<li>Typ 2-Steckdose ist f\u00fcr Elektroautos aller Automarken geeignet<\/li>\n<li>Sichtbar im Ladestations-Finder, im Navigationssystem und in der App.<\/li>\n<li>Bequeme Authentifizierung und ggf. Bezahlung \u00fcber RFID, Plug&amp;Charge oder der eCharge+ App<\/li>\n<li>Old stock with 6 months warranty<\/li>\n<li>30 in stock<\/li>\n<\/ul>","protected":false},"featured_media":40864,"template":"","meta":{"_monsterinsights_skip_tracking":false,"_monsterinsights_sitenote_active":false,"_monsterinsights_sitenote_note":"","_monsterinsights_sitenote_category":0},"product_brand":[],"product_cat":[25,170],"product_tag":[174,179,180,176],"class_list":{"0":"post-260","1":"product","2":"type-product","3":"status-publish","4":"has-post-thumbnail","6":"product_cat-home-charger","7":"product_cat-innogy","8":"product_tag-22kw","9":"product_tag-cellular","10":"product_tag-rfid","11":"product_tag-type2","12":"product_shipping_class-wallbox","14":"first","15":"instock","16":"taxable","17":"shipping-taxable","18":"purchasable","19":"product-type-simple"},"yoast_head":"<!-- This site is optimized with the Yoast SEO plugin v27.2 - https:\/\/yoast.com\/product\/yoast-seo-wordpress\/ -->\n<title>Innogy eBox Professional | EV Charger Shop | Home Vehicle charging<\/title>\n<meta name=\"description\" content=\"Home electric vehicle charging solutions | Buy the Innogy eBox 3.0 Professional EV charger | Type 2 Socket quick charge with 22 kW\" \/>\n<meta name=\"robots\" content=\"index, follow, max-snippet:-1, max-image-preview:large, max-video-preview:-1\" \/>\n<link rel=\"canonical\" href=\"https:\/\/ev-charger-shop.com\/de\/shop\/home-charger\/ebox-professional\/\" \/>\n<meta property=\"og:locale\" content=\"de_DE\" \/>\n<meta property=\"og:type\" content=\"article\" \/>\n<meta property=\"og:title\" content=\"Innogy eBox Professional | EV Charger Shop | Home Vehicle charging\" \/>\n<meta property=\"og:description\" content=\"Home electric vehicle charging solutions | Buy the Innogy eBox 3.0 Professional EV charger | Type 2 Socket quick charge with 22 kW\" \/>\n<meta property=\"og:url\" content=\"https:\/\/ev-charger-shop.com\/de\/shop\/home-charger\/ebox-professional\/\" \/>\n<meta property=\"og:site_name\" content=\"EVIG\" \/>\n<meta property=\"article:modified_time\" content=\"2025-07-28T11:31:22+00:00\" \/>\n<meta property=\"og:image\" content=\"https:\/\/ev-charger-shop.com\/wp-content\/uploads\/2020\/09\/Screenshot-2020-07-07-at-17.05.08.png\" \/>\n\t<meta property=\"og:image:width\" content=\"284\" \/>\n\t<meta property=\"og:image:height\" content=\"263\" \/>\n\t<meta property=\"og:image:type\" content=\"image\/png\" \/>\n<meta name=\"twitter:card\" content=\"summary_large_image\" \/>\n<meta name=\"twitter:label1\" content=\"Gesch\u00e4tzte Lesezeit\" \/>\n\t<meta name=\"twitter:data1\" content=\"2\u00a0Minuten\" \/>\n<script type=\"application\/ld+json\" class=\"yoast-schema-graph\">{\"@context\":\"https:\/\/schema.org\",\"@graph\":[{\"@type\":\"WebPage\",\"@id\":\"https:\/\/ev-charger-shop.com\/shop\/home-charger\/ebox-professional\/\",\"url\":\"https:\/\/ev-charger-shop.com\/shop\/home-charger\/ebox-professional\/\",\"name\":\"Innogy eBox Professional | EV Charger Shop | Home Vehicle charging\",\"isPartOf\":{\"@id\":\"https:\/\/ev-charger-shop.com\/#website\"},\"primaryImageOfPage\":{\"@id\":\"https:\/\/ev-charger-shop.com\/shop\/home-charger\/ebox-professional\/#primaryimage\"},\"image\":{\"@id\":\"https:\/\/ev-charger-shop.com\/shop\/home-charger\/ebox-professional\/#primaryimage\"},\"thumbnailUrl\":\"https:\/\/ev-charger-shop.com\/wp-content\/uploads\/2020\/09\/Screenshot-2020-07-07-at-17.05.08.png\",\"datePublished\":\"2020-05-03T19:15:27+00:00\",\"dateModified\":\"2025-07-28T11:31:22+00:00\",\"description\":\"Home electric vehicle charging solutions | Buy the Innogy eBox 3.0 Professional EV charger | Type 2 Socket quick charge with 22 kW\",\"breadcrumb\":{\"@id\":\"https:\/\/ev-charger-shop.com\/shop\/home-charger\/ebox-professional\/#breadcrumb\"},\"inLanguage\":\"de\",\"potentialAction\":[{\"@type\":\"ReadAction\",\"target\":[\"https:\/\/ev-charger-shop.com\/shop\/home-charger\/ebox-professional\/\"]}]},{\"@type\":\"ImageObject\",\"inLanguage\":\"de\",\"@id\":\"https:\/\/ev-charger-shop.com\/shop\/home-charger\/ebox-professional\/#primaryimage\",\"url\":\"https:\/\/ev-charger-shop.com\/wp-content\/uploads\/2020\/09\/Screenshot-2020-07-07-at-17.05.08.png\",\"contentUrl\":\"https:\/\/ev-charger-shop.com\/wp-content\/uploads\/2020\/09\/Screenshot-2020-07-07-at-17.05.08.png\",\"width\":284,\"height\":263,\"caption\":\"Innogy eBox 3.0 Professional ev charger 11kW & 22kW premium EV Charger from the EV Charger Shop.\"},{\"@type\":\"BreadcrumbList\",\"@id\":\"https:\/\/ev-charger-shop.com\/shop\/home-charger\/ebox-professional\/#breadcrumb\",\"itemListElement\":[{\"@type\":\"ListItem\",\"position\":1,\"name\":\"Home\",\"item\":\"https:\/\/ev-charger-shop.com\/\"},{\"@type\":\"ListItem\",\"position\":2,\"name\":\"Shop\",\"item\":\"https:\/\/ev-charger-shop.com\/de\/shop\/\"},{\"@type\":\"ListItem\",\"position\":3,\"name\":\"Innogy\/Compleo eBox Professional\"}]},{\"@type\":\"WebSite\",\"@id\":\"https:\/\/ev-charger-shop.com\/#website\",\"url\":\"https:\/\/ev-charger-shop.com\/\",\"name\":\"EVIG\",\"description\":\"The EV Innovation Group\",\"publisher\":{\"@id\":\"https:\/\/ev-charger-shop.com\/#organization\"},\"potentialAction\":[{\"@type\":\"SearchAction\",\"target\":{\"@type\":\"EntryPoint\",\"urlTemplate\":\"https:\/\/ev-charger-shop.com\/?s={search_term_string}\"},\"query-input\":{\"@type\":\"PropertyValueSpecification\",\"valueRequired\":true,\"valueName\":\"search_term_string\"}}],\"inLanguage\":\"de\"},{\"@type\":\"Organization\",\"@id\":\"https:\/\/ev-charger-shop.com\/#organization\",\"name\":\"EVIG electric vehicle chargers\",\"url\":\"https:\/\/ev-charger-shop.com\/\",\"logo\":{\"@type\":\"ImageObject\",\"inLanguage\":\"de\",\"@id\":\"https:\/\/ev-charger-shop.com\/#\/schema\/logo\/image\/\",\"url\":\"https:\/\/ev-charger-shop.com\/wp-content\/uploads\/2019\/08\/evig-icon.svg\",\"contentUrl\":\"https:\/\/ev-charger-shop.com\/wp-content\/uploads\/2019\/08\/evig-icon.svg\",\"width\":66,\"height\":66,\"caption\":\"EVIG electric vehicle chargers\"},\"image\":{\"@id\":\"https:\/\/ev-charger-shop.com\/#\/schema\/logo\/image\/\"},\"sameAs\":[\"https:\/\/instagram.com\/eviggmbh?igshid=18y9i2pnmf79a\",\"https:\/\/www.linkedin.com\/company\/ev-ig\/\"]}]}<\/script>\n<!-- \/ Yoast SEO plugin. -->","yoast_head_json":{"title":"Innogy eBox Professional | EV Charger Shop | Home Vehicle charging","description":"Home electric vehicle charging solutions | Buy the Innogy eBox 3.0 Professional EV charger | Type 2 Socket quick charge with 22 kW","robots":{"index":"index","follow":"follow","max-snippet":"max-snippet:-1","max-image-preview":"max-image-preview:large","max-video-preview":"max-video-preview:-1"},"canonical":"https:\/\/ev-charger-shop.com\/de\/shop\/home-charger\/ebox-professional\/","og_locale":"de_DE","og_type":"article","og_title":"Innogy eBox Professional | EV Charger Shop | Home Vehicle charging","og_description":"Home electric vehicle charging solutions | Buy the Innogy eBox 3.0 Professional EV charger | Type 2 Socket quick charge with 22 kW","og_url":"https:\/\/ev-charger-shop.com\/de\/shop\/home-charger\/ebox-professional\/","og_site_name":"EVIG","article_modified_time":"2025-07-28T11:31:22+00:00","og_image":[{"width":284,"height":263,"url":"https:\/\/ev-charger-shop.com\/wp-content\/uploads\/2020\/09\/Screenshot-2020-07-07-at-17.05.08.png","type":"image\/png"}],"twitter_card":"summary_large_image","twitter_misc":{"Gesch\u00e4tzte Lesezeit":"2\u00a0Minuten"},"schema":{"@context":"https:\/\/schema.org","@graph":[{"@type":"WebPage","@id":"https:\/\/ev-charger-shop.com\/shop\/home-charger\/ebox-professional\/","url":"https:\/\/ev-charger-shop.com\/shop\/home-charger\/ebox-professional\/","name":"Innogy eBox Professional | EV Charger Shop | Home Vehicle charging","isPartOf":{"@id":"https:\/\/ev-charger-shop.com\/#website"},"primaryImageOfPage":{"@id":"https:\/\/ev-charger-shop.com\/shop\/home-charger\/ebox-professional\/#primaryimage"},"image":{"@id":"https:\/\/ev-charger-shop.com\/shop\/home-charger\/ebox-professional\/#primaryimage"},"thumbnailUrl":"https:\/\/ev-charger-shop.com\/wp-content\/uploads\/2020\/09\/Screenshot-2020-07-07-at-17.05.08.png","datePublished":"2020-05-03T19:15:27+00:00","dateModified":"2025-07-28T11:31:22+00:00","description":"Home electric vehicle charging solutions | Buy the Innogy eBox 3.0 Professional EV charger | Type 2 Socket quick charge with 22 kW","breadcrumb":{"@id":"https:\/\/ev-charger-shop.com\/shop\/home-charger\/ebox-professional\/#breadcrumb"},"inLanguage":"de","potentialAction":[{"@type":"ReadAction","target":["https:\/\/ev-charger-shop.com\/shop\/home-charger\/ebox-professional\/"]}]},{"@type":"ImageObject","inLanguage":"de","@id":"https:\/\/ev-charger-shop.com\/shop\/home-charger\/ebox-professional\/#primaryimage","url":"https:\/\/ev-charger-shop.com\/wp-content\/uploads\/2020\/09\/Screenshot-2020-07-07-at-17.05.08.png","contentUrl":"https:\/\/ev-charger-shop.com\/wp-content\/uploads\/2020\/09\/Screenshot-2020-07-07-at-17.05.08.png","width":284,"height":263,"caption":"Innogy eBox 3.0 Professional ev charger 11kW & 22kW premium EV Charger from the EV Charger Shop."},{"@type":"BreadcrumbList","@id":"https:\/\/ev-charger-shop.com\/shop\/home-charger\/ebox-professional\/#breadcrumb","itemListElement":[{"@type":"ListItem","position":1,"name":"Home","item":"https:\/\/ev-charger-shop.com\/"},{"@type":"ListItem","position":2,"name":"Shop","item":"https:\/\/ev-charger-shop.com\/de\/shop\/"},{"@type":"ListItem","position":3,"name":"Innogy\/Compleo eBox Professional"}]},{"@type":"WebSite","@id":"https:\/\/ev-charger-shop.com\/#website","url":"https:\/\/ev-charger-shop.com\/","name":"EVIG","description":"The EV Innovation Group","publisher":{"@id":"https:\/\/ev-charger-shop.com\/#organization"},"potentialAction":[{"@type":"SearchAction","target":{"@type":"EntryPoint","urlTemplate":"https:\/\/ev-charger-shop.com\/?s={search_term_string}"},"query-input":{"@type":"PropertyValueSpecification","valueRequired":true,"valueName":"search_term_string"}}],"inLanguage":"de"},{"@type":"Organization","@id":"https:\/\/ev-charger-shop.com\/#organization","name":"EVIG electric vehicle chargers","url":"https:\/\/ev-charger-shop.com\/","logo":{"@type":"ImageObject","inLanguage":"de","@id":"https:\/\/ev-charger-shop.com\/#\/schema\/logo\/image\/","url":"https:\/\/ev-charger-shop.com\/wp-content\/uploads\/2019\/08\/evig-icon.svg","contentUrl":"https:\/\/ev-charger-shop.com\/wp-content\/uploads\/2019\/08\/evig-icon.svg","width":66,"height":66,"caption":"EVIG electric vehicle chargers"},"image":{"@id":"https:\/\/ev-charger-shop.com\/#\/schema\/logo\/image\/"},"sameAs":["https:\/\/instagram.com\/eviggmbh?igshid=18y9i2pnmf79a","https:\/\/www.linkedin.com\/company\/ev-ig\/"]}]}},"_links":{"self":[{"href":"https:\/\/ev-charger-shop.com\/de\/wp-json\/wp\/v2\/product\/260","targetHints":{"allow":["GET"]}}],"collection":[{"href":"https:\/\/ev-charger-shop.com\/de\/wp-json\/wp\/v2\/product"}],"about":[{"href":"https:\/\/ev-charger-shop.com\/de\/wp-json\/wp\/v2\/types\/product"}],"wp:featuredmedia":[{"embeddable":true,"href":"https:\/\/ev-charger-shop.com\/de\/wp-json\/wp\/v2\/media\/40864"}],"wp:attachment":[{"href":"https:\/\/ev-charger-shop.com\/de\/wp-json\/wp\/v2\/media?parent=260"}],"wp:term":[{"taxonomy":"product_brand","embeddable":true,"href":"https:\/\/ev-charger-shop.com\/de\/wp-json\/wp\/v2\/product_brand?post=260"},{"taxonomy":"product_cat","embeddable":true,"href":"https:\/\/ev-charger-shop.com\/de\/wp-json\/wp\/v2\/product_cat?post=260"},{"taxonomy":"product_tag","embeddable":true,"href":"https:\/\/ev-charger-shop.com\/de\/wp-json\/wp\/v2\/product_tag?post=260"}],"curies":[{"name":"wp","href":"https:\/\/api.w.org\/{rel}","templated":true}]}}