{"id":247,"date":"2020-05-03T19:26:37","date_gmt":"2020-05-03T18:26:37","guid":{"rendered":"http:\/\/ev-charger-shop.com\/?post_type=product&#038;p=247"},"modified":"2025-09-19T10:37:58","modified_gmt":"2025-09-19T09:37:58","slug":"cable-storage-holder","status":"publish","type":"product","link":"https:\/\/ev-charger-shop.com\/de\/shop\/accessories\/cable-storage-holder\/","title":{"rendered":"WallBox-Kabelhalterung"},"content":{"rendered":"<p>Wandhalterung f\u00fcr EV-Ladekabel<\/p>\n<ul>\n<li>Available in Black and White<\/li>\n<\/ul>\n<h4>\u00dcBER WALLBOX<\/h4>\n<p>Wallbox beschreibt sich selbst als ein globales Scale-up, das sich der Ver\u00e4nderung der weltweiten Energienutzung verschrieben hat. Von Barcelona aus ist das in 2015 gegr\u00fcndete Unternehmen in \u00fcber 40 L\u00e4ndern aktiv und hat B\u00fcros in Barcelona, Madrid, China und den USA. Wallbox ist ein sehr ehrgeiziges Unternehmen, das ein Verst\u00e4ndnis f\u00fcr die Bed\u00fcrfnisse der Verbraucher mit Innovationsgeist und einem Auge f\u00fcr Design verbindet.<\/p>\n<p>In ihren eigenen Worten: \"Wir entwickeln intelligente Ladesysteme f\u00fcr Elektrofahrzeuge, die modernste Technologie mit einem herausragenden Design kombinieren, weil wir glauben, dass Design genauso wichtig ist wie Technologie. Und um ein ganzheitliches Erlebnis zu bieten, wird die Kommunikation zwischen dem Auto und dem Ladeger\u00e4t \u00fcber eine einfach zu bedienende App gesteuert. Wir sind ein Team von Tr\u00e4umern, Machern und Gestaltern, das weltweit daran arbeitet, den Weg zum nachhaltigen elektrischen Transport zu ebnen. Mehr als 200 engagierte Experten aus \u00fcber 20 verschiedenen Nationen arbeiten gemeinsam daran, dieses Ziel zu erreichen.\"<\/p>\n<p><a href=\"https:\/\/wallbox.com\/en_catalog\/\">www.wallbox.com<\/a><\/p>","protected":false},"excerpt":{"rendered":"<p>WallBox eigenes Design der Wandhalterung f\u00fcr EV-Ladekabel<\/p>","protected":false},"featured_media":249,"template":"","meta":{"_monsterinsights_skip_tracking":false,"_monsterinsights_sitenote_active":false,"_monsterinsights_sitenote_note":"","_monsterinsights_sitenote_category":0},"product_brand":[],"product_cat":[51,171],"product_tag":[],"class_list":{"0":"post-247","1":"product","2":"type-product","3":"status-publish","4":"has-post-thumbnail","6":"product_cat-accessories","7":"product_cat-wallbox","9":"first","10":"onbackorder","11":"taxable","12":"shipping-taxable","13":"purchasable","14":"product-type-simple"},"yoast_head":"<!-- This site is optimized with the Yoast SEO plugin v27.2 - https:\/\/yoast.com\/product\/yoast-seo-wordpress\/ -->\n<title>WallBox Cable Storage Holder | EV Charger Shop<\/title>\n<meta name=\"robots\" content=\"index, follow, max-snippet:-1, max-image-preview:large, max-video-preview:-1\" \/>\n<link rel=\"canonical\" href=\"http:\/\/ev-charger-shop.com\/de\/shop\/accessories\/cable-storage-holder\/\" \/>\n<meta property=\"og:locale\" content=\"de_DE\" \/>\n<meta property=\"og:type\" content=\"article\" \/>\n<meta property=\"og:title\" content=\"WallBox Cable Storage Holder | EV Charger Shop\" \/>\n<meta property=\"og:description\" content=\"WallBox own design of Wall Hanger for EV Charger cable\" \/>\n<meta property=\"og:url\" content=\"http:\/\/ev-charger-shop.com\/de\/shop\/accessories\/cable-storage-holder\/\" \/>\n<meta property=\"og:site_name\" content=\"EVIG\" \/>\n<meta property=\"article:modified_time\" content=\"2025-09-19T09:37:58+00:00\" \/>\n<meta property=\"og:image\" content=\"https:\/\/ev-charger-shop.com\/wp-content\/uploads\/2020\/05\/Screenshot-2020-05-03-at-19.37.52.png\" \/>\n\t<meta property=\"og:image:width\" content=\"798\" \/>\n\t<meta property=\"og:image:height\" content=\"628\" \/>\n\t<meta property=\"og:image:type\" content=\"image\/png\" \/>\n<meta name=\"twitter:card\" content=\"summary_large_image\" \/>\n<meta name=\"twitter:label1\" content=\"Gesch\u00e4tzte Lesezeit\" \/>\n\t<meta name=\"twitter:data1\" content=\"1\u00a0Minute\" \/>\n<script type=\"application\/ld+json\" class=\"yoast-schema-graph\">{\"@context\":\"https:\/\/schema.org\",\"@graph\":[{\"@type\":\"WebPage\",\"@id\":\"http:\/\/ev-charger-shop.com\/de\/shop\/accessories\/cable-storage-holder\/\",\"url\":\"http:\/\/ev-charger-shop.com\/de\/shop\/accessories\/cable-storage-holder\/\",\"name\":\"WallBox Cable Storage Holder | EV Charger Shop\",\"isPartOf\":{\"@id\":\"https:\/\/ev-charger-shop.com\/#website\"},\"primaryImageOfPage\":{\"@id\":\"http:\/\/ev-charger-shop.com\/de\/shop\/accessories\/cable-storage-holder\/#primaryimage\"},\"image\":{\"@id\":\"http:\/\/ev-charger-shop.com\/de\/shop\/accessories\/cable-storage-holder\/#primaryimage\"},\"thumbnailUrl\":\"https:\/\/ev-charger-shop.com\/wp-content\/uploads\/2020\/05\/Screenshot-2020-05-03-at-19.37.52.png\",\"datePublished\":\"2020-05-03T18:26:37+00:00\",\"dateModified\":\"2025-09-19T09:37:58+00:00\",\"breadcrumb\":{\"@id\":\"http:\/\/ev-charger-shop.com\/de\/shop\/accessories\/cable-storage-holder\/#breadcrumb\"},\"inLanguage\":\"de\",\"potentialAction\":[{\"@type\":\"ReadAction\",\"target\":[\"http:\/\/ev-charger-shop.com\/de\/shop\/accessories\/cable-storage-holder\/\"]}]},{\"@type\":\"ImageObject\",\"inLanguage\":\"de\",\"@id\":\"http:\/\/ev-charger-shop.com\/de\/shop\/accessories\/cable-storage-holder\/#primaryimage\",\"url\":\"https:\/\/ev-charger-shop.com\/wp-content\/uploads\/2020\/05\/Screenshot-2020-05-03-at-19.37.52.png\",\"contentUrl\":\"https:\/\/ev-charger-shop.com\/wp-content\/uploads\/2020\/05\/Screenshot-2020-05-03-at-19.37.52.png\",\"width\":798,\"height\":628,\"caption\":\"Wallbox cable holder in white\"},{\"@type\":\"BreadcrumbList\",\"@id\":\"http:\/\/ev-charger-shop.com\/de\/shop\/accessories\/cable-storage-holder\/#breadcrumb\",\"itemListElement\":[{\"@type\":\"ListItem\",\"position\":1,\"name\":\"Home\",\"item\":\"https:\/\/ev-charger-shop.com\/\"},{\"@type\":\"ListItem\",\"position\":2,\"name\":\"Shop\",\"item\":\"https:\/\/ev-charger-shop.com\/de\/shop\/\"},{\"@type\":\"ListItem\",\"position\":3,\"name\":\"WallBox Cable Storage Holder\"}]},{\"@type\":\"WebSite\",\"@id\":\"https:\/\/ev-charger-shop.com\/#website\",\"url\":\"https:\/\/ev-charger-shop.com\/\",\"name\":\"EVIG\",\"description\":\"The EV Innovation Group\",\"publisher\":{\"@id\":\"https:\/\/ev-charger-shop.com\/#organization\"},\"potentialAction\":[{\"@type\":\"SearchAction\",\"target\":{\"@type\":\"EntryPoint\",\"urlTemplate\":\"https:\/\/ev-charger-shop.com\/?s={search_term_string}\"},\"query-input\":{\"@type\":\"PropertyValueSpecification\",\"valueRequired\":true,\"valueName\":\"search_term_string\"}}],\"inLanguage\":\"de\"},{\"@type\":\"Organization\",\"@id\":\"https:\/\/ev-charger-shop.com\/#organization\",\"name\":\"EVIG electric vehicle chargers\",\"url\":\"https:\/\/ev-charger-shop.com\/\",\"logo\":{\"@type\":\"ImageObject\",\"inLanguage\":\"de\",\"@id\":\"https:\/\/ev-charger-shop.com\/#\/schema\/logo\/image\/\",\"url\":\"https:\/\/ev-charger-shop.com\/wp-content\/uploads\/2019\/08\/evig-icon.svg\",\"contentUrl\":\"https:\/\/ev-charger-shop.com\/wp-content\/uploads\/2019\/08\/evig-icon.svg\",\"width\":66,\"height\":66,\"caption\":\"EVIG electric vehicle chargers\"},\"image\":{\"@id\":\"https:\/\/ev-charger-shop.com\/#\/schema\/logo\/image\/\"},\"sameAs\":[\"https:\/\/instagram.com\/eviggmbh?igshid=18y9i2pnmf79a\",\"https:\/\/www.linkedin.com\/company\/ev-ig\/\"]}]}<\/script>\n<!-- \/ Yoast SEO plugin. -->","yoast_head_json":{"title":"WallBox Cable Storage Holder | EV Charger Shop","robots":{"index":"index","follow":"follow","max-snippet":"max-snippet:-1","max-image-preview":"max-image-preview:large","max-video-preview":"max-video-preview:-1"},"canonical":"http:\/\/ev-charger-shop.com\/de\/shop\/accessories\/cable-storage-holder\/","og_locale":"de_DE","og_type":"article","og_title":"WallBox Cable Storage Holder | EV Charger Shop","og_description":"WallBox own design of Wall Hanger for EV Charger cable","og_url":"http:\/\/ev-charger-shop.com\/de\/shop\/accessories\/cable-storage-holder\/","og_site_name":"EVIG","article_modified_time":"2025-09-19T09:37:58+00:00","og_image":[{"width":798,"height":628,"url":"https:\/\/ev-charger-shop.com\/wp-content\/uploads\/2020\/05\/Screenshot-2020-05-03-at-19.37.52.png","type":"image\/png"}],"twitter_card":"summary_large_image","twitter_misc":{"Gesch\u00e4tzte Lesezeit":"1\u00a0Minute"},"schema":{"@context":"https:\/\/schema.org","@graph":[{"@type":"WebPage","@id":"http:\/\/ev-charger-shop.com\/de\/shop\/accessories\/cable-storage-holder\/","url":"http:\/\/ev-charger-shop.com\/de\/shop\/accessories\/cable-storage-holder\/","name":"WallBox Cable Storage Holder | EV Charger Shop","isPartOf":{"@id":"https:\/\/ev-charger-shop.com\/#website"},"primaryImageOfPage":{"@id":"http:\/\/ev-charger-shop.com\/de\/shop\/accessories\/cable-storage-holder\/#primaryimage"},"image":{"@id":"http:\/\/ev-charger-shop.com\/de\/shop\/accessories\/cable-storage-holder\/#primaryimage"},"thumbnailUrl":"https:\/\/ev-charger-shop.com\/wp-content\/uploads\/2020\/05\/Screenshot-2020-05-03-at-19.37.52.png","datePublished":"2020-05-03T18:26:37+00:00","dateModified":"2025-09-19T09:37:58+00:00","breadcrumb":{"@id":"http:\/\/ev-charger-shop.com\/de\/shop\/accessories\/cable-storage-holder\/#breadcrumb"},"inLanguage":"de","potentialAction":[{"@type":"ReadAction","target":["http:\/\/ev-charger-shop.com\/de\/shop\/accessories\/cable-storage-holder\/"]}]},{"@type":"ImageObject","inLanguage":"de","@id":"http:\/\/ev-charger-shop.com\/de\/shop\/accessories\/cable-storage-holder\/#primaryimage","url":"https:\/\/ev-charger-shop.com\/wp-content\/uploads\/2020\/05\/Screenshot-2020-05-03-at-19.37.52.png","contentUrl":"https:\/\/ev-charger-shop.com\/wp-content\/uploads\/2020\/05\/Screenshot-2020-05-03-at-19.37.52.png","width":798,"height":628,"caption":"Wallbox cable holder in white"},{"@type":"BreadcrumbList","@id":"http:\/\/ev-charger-shop.com\/de\/shop\/accessories\/cable-storage-holder\/#breadcrumb","itemListElement":[{"@type":"ListItem","position":1,"name":"Home","item":"https:\/\/ev-charger-shop.com\/"},{"@type":"ListItem","position":2,"name":"Shop","item":"https:\/\/ev-charger-shop.com\/de\/shop\/"},{"@type":"ListItem","position":3,"name":"WallBox Cable Storage Holder"}]},{"@type":"WebSite","@id":"https:\/\/ev-charger-shop.com\/#website","url":"https:\/\/ev-charger-shop.com\/","name":"EVIG","description":"The EV Innovation Group","publisher":{"@id":"https:\/\/ev-charger-shop.com\/#organization"},"potentialAction":[{"@type":"SearchAction","target":{"@type":"EntryPoint","urlTemplate":"https:\/\/ev-charger-shop.com\/?s={search_term_string}"},"query-input":{"@type":"PropertyValueSpecification","valueRequired":true,"valueName":"search_term_string"}}],"inLanguage":"de"},{"@type":"Organization","@id":"https:\/\/ev-charger-shop.com\/#organization","name":"EVIG electric vehicle chargers","url":"https:\/\/ev-charger-shop.com\/","logo":{"@type":"ImageObject","inLanguage":"de","@id":"https:\/\/ev-charger-shop.com\/#\/schema\/logo\/image\/","url":"https:\/\/ev-charger-shop.com\/wp-content\/uploads\/2019\/08\/evig-icon.svg","contentUrl":"https:\/\/ev-charger-shop.com\/wp-content\/uploads\/2019\/08\/evig-icon.svg","width":66,"height":66,"caption":"EVIG electric vehicle chargers"},"image":{"@id":"https:\/\/ev-charger-shop.com\/#\/schema\/logo\/image\/"},"sameAs":["https:\/\/instagram.com\/eviggmbh?igshid=18y9i2pnmf79a","https:\/\/www.linkedin.com\/company\/ev-ig\/"]}]}},"_links":{"self":[{"href":"https:\/\/ev-charger-shop.com\/de\/wp-json\/wp\/v2\/product\/247","targetHints":{"allow":["GET"]}}],"collection":[{"href":"https:\/\/ev-charger-shop.com\/de\/wp-json\/wp\/v2\/product"}],"about":[{"href":"https:\/\/ev-charger-shop.com\/de\/wp-json\/wp\/v2\/types\/product"}],"wp:featuredmedia":[{"embeddable":true,"href":"https:\/\/ev-charger-shop.com\/de\/wp-json\/wp\/v2\/media\/249"}],"wp:attachment":[{"href":"https:\/\/ev-charger-shop.com\/de\/wp-json\/wp\/v2\/media?parent=247"}],"wp:term":[{"taxonomy":"product_brand","embeddable":true,"href":"https:\/\/ev-charger-shop.com\/de\/wp-json\/wp\/v2\/product_brand?post=247"},{"taxonomy":"product_cat","embeddable":true,"href":"https:\/\/ev-charger-shop.com\/de\/wp-json\/wp\/v2\/product_cat?post=247"},{"taxonomy":"product_tag","embeddable":true,"href":"https:\/\/ev-charger-shop.com\/de\/wp-json\/wp\/v2\/product_tag?post=247"}],"curies":[{"name":"wp","href":"https:\/\/api.w.org\/{rel}","templated":true}]}}