{"id":241,"date":"2020-05-03T18:04:59","date_gmt":"2020-05-03T17:04:59","guid":{"rendered":"http:\/\/ev-charger-shop.com\/?post_type=product&#038;p=241"},"modified":"2021-12-15T14:02:08","modified_gmt":"2021-12-15T14:02:08","slug":"wallbox-copper-sb-22kw-from-the-ev-charger-shop-sold-in-our-leading-online-portal","status":"publish","type":"product","link":"https:\/\/ev-charger-shop.com\/de\/shop\/home-charger\/wallbox-copper-sb-22kw-from-the-ev-charger-shop-sold-in-our-leading-online-portal\/","title":{"rendered":"Wallbox Copper SB 22kW"},"content":{"rendered":"<h3>Merkmale<span class=\"Apple-converted-space\">\u00a0<\/span><\/h3>\n<ul>\n<li>Die Steckdose ist universell von allen Plug-in-Fahrzeugen akzeptiert<\/li>\n<li>Die Authentifizierung mehrerer Benutzer kann sowohl \u00fcber RFID, als auch \u00fcber die App erfolgen<\/li>\n<li>Durch Power Sharing Smart wird die Ladeleistung \u00fcber mehrere Ladeger\u00e4te hinweg ausgeglichen<\/li>\n<li>Sch\u00f6n designt und sorgf\u00e4ltig hergestellt, wird dieses Produkt ein Statement f\u00fcr Ihr Unternehmen setzen<\/li>\n<\/ul>\n<h3>Datenbl\u00e4tter<\/h3>\n<p><a href=\"https:\/\/ev-charger-shop.com\/wp-content\/uploads\/2020\/05\/Wallbox_Copper-SB-User_Guides_EN.pdf\" target=\"_blank\" rel=\"noopener noreferrer\">EN_Wallbox_Copper SB User_Guides<\/a><\/p>\n<p><a href=\"https:\/\/ev-charger-shop.com\/wp-content\/uploads\/2020\/05\/Wallbox_Copper-SB-Installation_Guidel_ML.pdf\" target=\"_blank\" rel=\"noopener noreferrer\">ML_Wallbox_Copper SB Installation_Guide<\/a><\/p>\n<p><a href=\"https:\/\/ev-charger-shop.com\/wp-content\/uploads\/2020\/05\/WallBox_Copper-SB_EN.pdf\" target=\"_blank\" rel=\"noopener noreferrer\">EN_WallBox_Copper SB<\/a><\/p>\n<p><a href=\"https:\/\/ev-charger-shop.com\/wp-content\/uploads\/2021\/04\/Wallbox_Copper-SB_DE.pdf\" target=\"_blank\" rel=\"noopener noreferrer\">DE_WallBox_Copper SB<\/a><\/p>\n<p>&nbsp;<\/p>\n<h4>\u00dcBER WALLBOX<\/h4>\n<p>Wallbox beschreibt sich selbst als ein globales Scale-up, das sich der Ver\u00e4nderung der weltweiten Energienutzung verschrieben hat. Von Barcelona aus ist das in 2015 gegr\u00fcndete Unternehmen in \u00fcber 40 L\u00e4ndern aktiv und hat B\u00fcros in Barcelona, Madrid, China und den USA. Wallbox ist ein sehr ehrgeiziges Unternehmen, das ein Verst\u00e4ndnis f\u00fcr die Bed\u00fcrfnisse der Verbraucher mit Innovationsgeist und einem Auge f\u00fcr Design verbindet.<\/p>\n<p>In ihren eigenen Worten: \"Wir entwickeln intelligente Ladesysteme f\u00fcr Elektrofahrzeuge, die modernste Technologie mit einem herausragenden Design kombinieren, weil wir glauben, dass Design genauso wichtig ist wie Technologie. Und um ein ganzheitliches Erlebnis zu bieten, wird die Kommunikation zwischen dem Auto und dem Ladeger\u00e4t \u00fcber eine einfach zu bedienende App gesteuert. Wir sind ein Team von Tr\u00e4umern, Machern und Gestaltern, das weltweit daran arbeitet, den Weg zum nachhaltigen elektrischen Transport zu ebnen. Mehr als 200 engagierte Experten aus \u00fcber 20 verschiedenen Nationen arbeiten gemeinsam daran, dieses Ziel zu erreichen.\"<\/p>\n<p><a href=\"https:\/\/wallbox.com\/en_catalog\/\">www.wallbox.com<\/a><\/p>","protected":false},"excerpt":{"rendered":"<p><span class=\"Apple-converted-space\">\u00a0<\/span>Wallbox Copper SB is adapted for commercial and semi public use. With the introduction of a universal socket, the charger is suitable for both Type 1 and Type 2 vehicle connectors. Access control is managed through RFID. Additionally, it is an approved KfW 441 and KfW 439 Wallbox.<\/p>\n<p>Der Copper SB ist ein intelligentes Ger\u00e4t, das immer mit der Lademanagementplattform myWallbox verbunden ist. Dadurch k\u00f6nnen mehrere Benutzer \u00fcberwacht und die verf\u00fcgbare Leistung auf verschiedene Ladeger\u00e4te verteilt werden.<\/p>","protected":false},"featured_media":114,"template":"","meta":{"_monsterinsights_skip_tracking":false,"_monsterinsights_sitenote_active":false,"_monsterinsights_sitenote_note":"","_monsterinsights_sitenote_category":0},"product_brand":[],"product_cat":[25,171],"product_tag":[174,180,176],"class_list":{"0":"post-241","1":"product","2":"type-product","3":"status-publish","4":"has-post-thumbnail","6":"product_cat-home-charger","7":"product_cat-wallbox","8":"product_tag-22kw","9":"product_tag-rfid","10":"product_tag-type2","11":"product_shipping_class-wallbox","12":"pa_cable-socket-typ2","13":"pa_power-22kw","15":"first","16":"instock","17":"taxable","18":"shipping-taxable","19":"purchasable","20":"product-type-simple"},"yoast_head":"<!-- This site is optimized with the Yoast SEO plugin v27.2 - https:\/\/yoast.com\/product\/yoast-seo-wordpress\/ -->\n<title>Wallbox Copper SB 22kW from the EV Charger Shop<\/title>\n<meta name=\"description\" content=\"22kW home EV charger, the Wallbox Copper SB. The perfect commercial EV charger solution. Electric car charger with RFID.\" \/>\n<meta name=\"robots\" content=\"index, follow, max-snippet:-1, max-image-preview:large, max-video-preview:-1\" \/>\n<link rel=\"canonical\" href=\"https:\/\/ev-charger-shop.com\/de\/shop\/home-charger\/wallbox-copper-sb-22kw-from-the-ev-charger-shop-sold-in-our-leading-online-portal\/\" \/>\n<meta property=\"og:locale\" content=\"de_DE\" \/>\n<meta property=\"og:type\" content=\"article\" \/>\n<meta property=\"og:title\" content=\"Wallbox Copper SB 22kW from the EV Charger Shop\" \/>\n<meta property=\"og:description\" content=\"22kW home EV charger, the Wallbox Copper SB. The perfect commercial EV charger solution. Electric car charger with RFID.\" \/>\n<meta property=\"og:url\" content=\"https:\/\/ev-charger-shop.com\/de\/shop\/home-charger\/wallbox-copper-sb-22kw-from-the-ev-charger-shop-sold-in-our-leading-online-portal\/\" \/>\n<meta property=\"og:site_name\" content=\"EVIG\" \/>\n<meta property=\"article:modified_time\" content=\"2021-12-15T14:02:08+00:00\" \/>\n<meta property=\"og:image\" content=\"https:\/\/ev-charger-shop.com\/wp-content\/uploads\/2019\/09\/copper-sb1.jpg\" \/>\n\t<meta property=\"og:image:width\" content=\"658\" \/>\n\t<meta property=\"og:image:height\" content=\"658\" \/>\n\t<meta property=\"og:image:type\" content=\"image\/jpeg\" \/>\n<meta name=\"twitter:card\" content=\"summary_large_image\" \/>\n<meta name=\"twitter:label1\" content=\"Gesch\u00e4tzte Lesezeit\" \/>\n\t<meta name=\"twitter:data1\" content=\"1\u00a0Minute\" \/>\n<script type=\"application\/ld+json\" class=\"yoast-schema-graph\">{\"@context\":\"https:\/\/schema.org\",\"@graph\":[{\"@type\":\"WebPage\",\"@id\":\"https:\/\/ev-charger-shop.com\/shop\/home-charger\/wallbox-copper-sb-22kw-from-the-ev-charger-shop-sold-in-our-leading-online-portal\/\",\"url\":\"https:\/\/ev-charger-shop.com\/shop\/home-charger\/wallbox-copper-sb-22kw-from-the-ev-charger-shop-sold-in-our-leading-online-portal\/\",\"name\":\"Wallbox Copper SB 22kW from the EV Charger Shop\",\"isPartOf\":{\"@id\":\"https:\/\/ev-charger-shop.com\/#website\"},\"primaryImageOfPage\":{\"@id\":\"https:\/\/ev-charger-shop.com\/shop\/home-charger\/wallbox-copper-sb-22kw-from-the-ev-charger-shop-sold-in-our-leading-online-portal\/#primaryimage\"},\"image\":{\"@id\":\"https:\/\/ev-charger-shop.com\/shop\/home-charger\/wallbox-copper-sb-22kw-from-the-ev-charger-shop-sold-in-our-leading-online-portal\/#primaryimage\"},\"thumbnailUrl\":\"https:\/\/ev-charger-shop.com\/wp-content\/uploads\/2019\/09\/copper-sb1.jpg\",\"datePublished\":\"2020-05-03T17:04:59+00:00\",\"dateModified\":\"2021-12-15T14:02:08+00:00\",\"description\":\"22kW home EV charger, the Wallbox Copper SB. The perfect commercial EV charger solution. Electric car charger with RFID.\",\"breadcrumb\":{\"@id\":\"https:\/\/ev-charger-shop.com\/shop\/home-charger\/wallbox-copper-sb-22kw-from-the-ev-charger-shop-sold-in-our-leading-online-portal\/#breadcrumb\"},\"inLanguage\":\"de\",\"potentialAction\":[{\"@type\":\"ReadAction\",\"target\":[\"https:\/\/ev-charger-shop.com\/shop\/home-charger\/wallbox-copper-sb-22kw-from-the-ev-charger-shop-sold-in-our-leading-online-portal\/\"]}]},{\"@type\":\"ImageObject\",\"inLanguage\":\"de\",\"@id\":\"https:\/\/ev-charger-shop.com\/shop\/home-charger\/wallbox-copper-sb-22kw-from-the-ev-charger-shop-sold-in-our-leading-online-portal\/#primaryimage\",\"url\":\"https:\/\/ev-charger-shop.com\/wp-content\/uploads\/2019\/09\/copper-sb1.jpg\",\"contentUrl\":\"https:\/\/ev-charger-shop.com\/wp-content\/uploads\/2019\/09\/copper-sb1.jpg\",\"width\":658,\"height\":658,\"caption\":\"Wallbox Copper SB black ev charger\"},{\"@type\":\"BreadcrumbList\",\"@id\":\"https:\/\/ev-charger-shop.com\/shop\/home-charger\/wallbox-copper-sb-22kw-from-the-ev-charger-shop-sold-in-our-leading-online-portal\/#breadcrumb\",\"itemListElement\":[{\"@type\":\"ListItem\",\"position\":1,\"name\":\"Home\",\"item\":\"https:\/\/ev-charger-shop.com\/\"},{\"@type\":\"ListItem\",\"position\":2,\"name\":\"Shop\",\"item\":\"https:\/\/ev-charger-shop.com\/de\/shop\/\"},{\"@type\":\"ListItem\",\"position\":3,\"name\":\"Wallbox Copper SB 22kW\"}]},{\"@type\":\"WebSite\",\"@id\":\"https:\/\/ev-charger-shop.com\/#website\",\"url\":\"https:\/\/ev-charger-shop.com\/\",\"name\":\"EVIG\",\"description\":\"The EV Innovation Group\",\"publisher\":{\"@id\":\"https:\/\/ev-charger-shop.com\/#organization\"},\"potentialAction\":[{\"@type\":\"SearchAction\",\"target\":{\"@type\":\"EntryPoint\",\"urlTemplate\":\"https:\/\/ev-charger-shop.com\/?s={search_term_string}\"},\"query-input\":{\"@type\":\"PropertyValueSpecification\",\"valueRequired\":true,\"valueName\":\"search_term_string\"}}],\"inLanguage\":\"de\"},{\"@type\":\"Organization\",\"@id\":\"https:\/\/ev-charger-shop.com\/#organization\",\"name\":\"EVIG electric vehicle chargers\",\"url\":\"https:\/\/ev-charger-shop.com\/\",\"logo\":{\"@type\":\"ImageObject\",\"inLanguage\":\"de\",\"@id\":\"https:\/\/ev-charger-shop.com\/#\/schema\/logo\/image\/\",\"url\":\"https:\/\/ev-charger-shop.com\/wp-content\/uploads\/2019\/08\/evig-icon.svg\",\"contentUrl\":\"https:\/\/ev-charger-shop.com\/wp-content\/uploads\/2019\/08\/evig-icon.svg\",\"width\":66,\"height\":66,\"caption\":\"EVIG electric vehicle chargers\"},\"image\":{\"@id\":\"https:\/\/ev-charger-shop.com\/#\/schema\/logo\/image\/\"},\"sameAs\":[\"https:\/\/instagram.com\/eviggmbh?igshid=18y9i2pnmf79a\",\"https:\/\/www.linkedin.com\/company\/ev-ig\/\"]}]}<\/script>\n<!-- \/ Yoast SEO plugin. -->","yoast_head_json":{"title":"Wallbox Copper SB 22kW from the EV Charger Shop","description":"22kW home EV charger, the Wallbox Copper SB. The perfect commercial EV charger solution. Electric car charger with RFID.","robots":{"index":"index","follow":"follow","max-snippet":"max-snippet:-1","max-image-preview":"max-image-preview:large","max-video-preview":"max-video-preview:-1"},"canonical":"https:\/\/ev-charger-shop.com\/de\/shop\/home-charger\/wallbox-copper-sb-22kw-from-the-ev-charger-shop-sold-in-our-leading-online-portal\/","og_locale":"de_DE","og_type":"article","og_title":"Wallbox Copper SB 22kW from the EV Charger Shop","og_description":"22kW home EV charger, the Wallbox Copper SB. The perfect commercial EV charger solution. Electric car charger with RFID.","og_url":"https:\/\/ev-charger-shop.com\/de\/shop\/home-charger\/wallbox-copper-sb-22kw-from-the-ev-charger-shop-sold-in-our-leading-online-portal\/","og_site_name":"EVIG","article_modified_time":"2021-12-15T14:02:08+00:00","og_image":[{"width":658,"height":658,"url":"https:\/\/ev-charger-shop.com\/wp-content\/uploads\/2019\/09\/copper-sb1.jpg","type":"image\/jpeg"}],"twitter_card":"summary_large_image","twitter_misc":{"Gesch\u00e4tzte Lesezeit":"1\u00a0Minute"},"schema":{"@context":"https:\/\/schema.org","@graph":[{"@type":"WebPage","@id":"https:\/\/ev-charger-shop.com\/shop\/home-charger\/wallbox-copper-sb-22kw-from-the-ev-charger-shop-sold-in-our-leading-online-portal\/","url":"https:\/\/ev-charger-shop.com\/shop\/home-charger\/wallbox-copper-sb-22kw-from-the-ev-charger-shop-sold-in-our-leading-online-portal\/","name":"Wallbox Copper SB 22kW from the EV Charger Shop","isPartOf":{"@id":"https:\/\/ev-charger-shop.com\/#website"},"primaryImageOfPage":{"@id":"https:\/\/ev-charger-shop.com\/shop\/home-charger\/wallbox-copper-sb-22kw-from-the-ev-charger-shop-sold-in-our-leading-online-portal\/#primaryimage"},"image":{"@id":"https:\/\/ev-charger-shop.com\/shop\/home-charger\/wallbox-copper-sb-22kw-from-the-ev-charger-shop-sold-in-our-leading-online-portal\/#primaryimage"},"thumbnailUrl":"https:\/\/ev-charger-shop.com\/wp-content\/uploads\/2019\/09\/copper-sb1.jpg","datePublished":"2020-05-03T17:04:59+00:00","dateModified":"2021-12-15T14:02:08+00:00","description":"22kW home EV charger, the Wallbox Copper SB. The perfect commercial EV charger solution. Electric car charger with RFID.","breadcrumb":{"@id":"https:\/\/ev-charger-shop.com\/shop\/home-charger\/wallbox-copper-sb-22kw-from-the-ev-charger-shop-sold-in-our-leading-online-portal\/#breadcrumb"},"inLanguage":"de","potentialAction":[{"@type":"ReadAction","target":["https:\/\/ev-charger-shop.com\/shop\/home-charger\/wallbox-copper-sb-22kw-from-the-ev-charger-shop-sold-in-our-leading-online-portal\/"]}]},{"@type":"ImageObject","inLanguage":"de","@id":"https:\/\/ev-charger-shop.com\/shop\/home-charger\/wallbox-copper-sb-22kw-from-the-ev-charger-shop-sold-in-our-leading-online-portal\/#primaryimage","url":"https:\/\/ev-charger-shop.com\/wp-content\/uploads\/2019\/09\/copper-sb1.jpg","contentUrl":"https:\/\/ev-charger-shop.com\/wp-content\/uploads\/2019\/09\/copper-sb1.jpg","width":658,"height":658,"caption":"Wallbox Copper SB black ev charger"},{"@type":"BreadcrumbList","@id":"https:\/\/ev-charger-shop.com\/shop\/home-charger\/wallbox-copper-sb-22kw-from-the-ev-charger-shop-sold-in-our-leading-online-portal\/#breadcrumb","itemListElement":[{"@type":"ListItem","position":1,"name":"Home","item":"https:\/\/ev-charger-shop.com\/"},{"@type":"ListItem","position":2,"name":"Shop","item":"https:\/\/ev-charger-shop.com\/de\/shop\/"},{"@type":"ListItem","position":3,"name":"Wallbox Copper SB 22kW"}]},{"@type":"WebSite","@id":"https:\/\/ev-charger-shop.com\/#website","url":"https:\/\/ev-charger-shop.com\/","name":"EVIG","description":"The EV Innovation Group","publisher":{"@id":"https:\/\/ev-charger-shop.com\/#organization"},"potentialAction":[{"@type":"SearchAction","target":{"@type":"EntryPoint","urlTemplate":"https:\/\/ev-charger-shop.com\/?s={search_term_string}"},"query-input":{"@type":"PropertyValueSpecification","valueRequired":true,"valueName":"search_term_string"}}],"inLanguage":"de"},{"@type":"Organization","@id":"https:\/\/ev-charger-shop.com\/#organization","name":"EVIG electric vehicle chargers","url":"https:\/\/ev-charger-shop.com\/","logo":{"@type":"ImageObject","inLanguage":"de","@id":"https:\/\/ev-charger-shop.com\/#\/schema\/logo\/image\/","url":"https:\/\/ev-charger-shop.com\/wp-content\/uploads\/2019\/08\/evig-icon.svg","contentUrl":"https:\/\/ev-charger-shop.com\/wp-content\/uploads\/2019\/08\/evig-icon.svg","width":66,"height":66,"caption":"EVIG electric vehicle chargers"},"image":{"@id":"https:\/\/ev-charger-shop.com\/#\/schema\/logo\/image\/"},"sameAs":["https:\/\/instagram.com\/eviggmbh?igshid=18y9i2pnmf79a","https:\/\/www.linkedin.com\/company\/ev-ig\/"]}]}},"_links":{"self":[{"href":"https:\/\/ev-charger-shop.com\/de\/wp-json\/wp\/v2\/product\/241","targetHints":{"allow":["GET"]}}],"collection":[{"href":"https:\/\/ev-charger-shop.com\/de\/wp-json\/wp\/v2\/product"}],"about":[{"href":"https:\/\/ev-charger-shop.com\/de\/wp-json\/wp\/v2\/types\/product"}],"wp:featuredmedia":[{"embeddable":true,"href":"https:\/\/ev-charger-shop.com\/de\/wp-json\/wp\/v2\/media\/114"}],"wp:attachment":[{"href":"https:\/\/ev-charger-shop.com\/de\/wp-json\/wp\/v2\/media?parent=241"}],"wp:term":[{"taxonomy":"product_brand","embeddable":true,"href":"https:\/\/ev-charger-shop.com\/de\/wp-json\/wp\/v2\/product_brand?post=241"},{"taxonomy":"product_cat","embeddable":true,"href":"https:\/\/ev-charger-shop.com\/de\/wp-json\/wp\/v2\/product_cat?post=241"},{"taxonomy":"product_tag","embeddable":true,"href":"https:\/\/ev-charger-shop.com\/de\/wp-json\/wp\/v2\/product_tag?post=241"}],"curies":[{"name":"wp","href":"https:\/\/api.w.org\/{rel}","templated":true}]}}