{"id":240,"date":"2020-05-03T18:01:05","date_gmt":"2020-05-03T17:01:05","guid":{"rendered":"http:\/\/ev-charger-shop.com\/?post_type=product&#038;p=240"},"modified":"2022-01-18T19:37:12","modified_gmt":"2022-01-18T19:37:12","slug":"commander-22kw","status":"publish","type":"product","link":"https:\/\/ev-charger-shop.com\/de\/shop\/home-charger\/commander-22kw\/","title":{"rendered":"WallBox Commander 2 - 22kW mit 5m Kabel"},"content":{"rendered":"<table>\n<tbody>\n<tr>\n<td width=\"255\">\n<ul>\n<li>Leistung: bis zu 22kW (3-Phasen)<\/li>\n<\/ul>\n<\/td>\n<td width=\"255\">\n<ul>\n<li>5m langes Kabel mit Typ 2-Stecker<\/li>\n<\/ul>\n<\/td>\n<\/tr>\n<tr>\n<td width=\"255\">\n<ul>\n<li>Verbunden \u00fcber Bluetooth, WiFi oder LAN (Optional: 3G-4G Dongle)<\/li>\n<\/ul>\n<\/td>\n<td width=\"255\">\n<ul>\n<li>Touchscreen-Oberfl\u00e4che (800x480mm)<\/li>\n<\/ul>\n<\/td>\n<\/tr>\n<tr>\n<td width=\"255\">\n<ul>\n<li>Steuerung \u00fcber myWallbox-App<\/li>\n<\/ul>\n<\/td>\n<td width=\"255\">\n<ul>\n<li>Authentifizierung per RFID oder App<\/li>\n<\/ul>\n<\/td>\n<\/tr>\n<tr>\n<td width=\"255\">\n<ul>\n<li>OCPP befindet sich in der Entwicklung<\/li>\n<\/ul>\n<\/td>\n<td width=\"255\">\n<ul>\n<li>Lastmanagement \u00fcber Wallbox Powersharing und Power Boost (separat erh\u00e4ltlich)<\/li>\n<\/ul>\n<\/td>\n<\/tr>\n<tr>\n<td width=\"255\">\n<ul>\n<li>Betriebstemperatur: -25\u00b0C bis 40\u00b0C<\/li>\n<\/ul>\n<\/td>\n<td width=\"255\">\n<ul>\n<li>IP54 &amp; IK10<\/li>\n<\/ul>\n<\/td>\n<\/tr>\n<tr>\n<td width=\"255\">\n<ul>\n<li>Installation mit RCB-Typ-A-Schutzschalter<\/li>\n<\/ul>\n<\/td>\n<td width=\"255\">\n<ul>\n<li>2 Jahre Herstellergarantie<\/li>\n<\/ul>\n<\/td>\n<\/tr>\n<\/tbody>\n<\/table>\n<p>&nbsp;<\/p>\n<h4>Datenbl\u00e4tter<\/h4>\n<p><a href=\"https:\/\/ev-charger-shop.com\/wp-content\/uploads\/2020\/05\/Wallbox-Commander2_DE.pdf\" target=\"_blank\" rel=\"noopener noreferrer\">DE_Wallbox Commander2<\/a><\/p>\n<p><a href=\"https:\/\/ev-charger-shop.com\/wp-content\/uploads\/2020\/05\/Wallbox-Commander2_EN.pdf\" target=\"_blank\" rel=\"noopener noreferrer\">EN_Wallbox Commander2<\/a><\/p>\n<p><a href=\"https:\/\/ev-charger-shop.com\/wp-content\/uploads\/2020\/05\/Installationsanleitungen_Commander-2_6-languages.pdf\" target=\"_blank\" rel=\"noopener noreferrer\">Wallbox_Installationsanleitungen_Commander-2_6 languages<\/a><\/p>\n<p>&nbsp;<\/p>\n<h4>\u00dcBER WALLBOX<\/h4>\n<p>Wallbox beschreibt sich selbst als ein globales Scale-up, das sich der Ver\u00e4nderung der weltweiten Energienutzung verschrieben hat. Von Barcelona aus ist das in 2015 gegr\u00fcndete Unternehmen in \u00fcber 40 L\u00e4ndern aktiv und hat B\u00fcros in Barcelona, Madrid, China und den USA. Wallbox ist ein sehr ehrgeiziges Unternehmen, das ein Verst\u00e4ndnis f\u00fcr die Bed\u00fcrfnisse der Verbraucher mit Innovationsgeist und einem Auge f\u00fcr Design verbindet.<\/p>\n<p>In ihren eigenen Worten: \"Wir entwickeln intelligente Ladesysteme f\u00fcr Elektrofahrzeuge, die modernste Technologie mit einem herausragenden Design kombinieren, weil wir glauben, dass Design genauso wichtig ist wie Technologie. Und um ein ganzheitliches Erlebnis zu bieten, wird die Kommunikation zwischen dem Auto und dem Ladeger\u00e4t \u00fcber eine einfach zu bedienende App gesteuert. Wir sind ein Team von Tr\u00e4umern, Machern und Gestaltern, das weltweit daran arbeitet, den Weg zum nachhaltigen elektrischen Transport zu ebnen. Mehr als 200 engagierte Experten aus \u00fcber 20 verschiedenen Nationen arbeiten gemeinsam daran, dieses Ziel zu erreichen.\"<\/p>\n<p><a href=\"https:\/\/wallbox.com\/en_catalog\/\">www.wallbox.com<\/a><\/p>","protected":false},"excerpt":{"rendered":"<h3>Merkmale<\/h3>\n<ul>\n<li>KfW 441 und KfW 439 f\u00f6rderf\u00e4hige Wallbox<\/li>\n<li>Ladung mit bis zu 22 kW (bis zu 10-mal schneller als an einer normalen Haushaltssteckdose)<\/li>\n<li>Steuerung des Ladevorgangs \u00fcber ein 7 Zoll-Touchscreen oder aus der Ferne mit der App<\/li>\n<li>Lieferung mit integriertem 5m langen Ladekabel und Typ 2-Stecker<\/li>\n<li>Integrierte Steckerhaltung<\/li>\n<li>Praktische Kabelhalterung verf\u00fcgbar (separat erh\u00e4ltlich)<\/li>\n<li>Erh\u00e4ltlich in schwarz oder wei\u00df<\/li>\n<\/ul>\n<p>Wallbox Commander 2 ist ein fortschrittliches, intelligentes Ladesystem f\u00fcr Elektrofahrzeuge und Plug-in-Hybride.  Geeignet f\u00fcr die Installation in privaten Garagen und Gemeinschafts- oder Firmenparkpl\u00e4tzen. \u00dcber die myWallbox-Plattform k\u00f6nnen Sie den Energieverbrauch \u00fcberwachen, die Ladehistorie einsehen und Ladevorg\u00e4nge planen. Sie haben sogar die M\u00f6glichkeit, Ihre Wallbox so zu konfigurieren, dass sie zur kosteng\u00fcnstigsten Tageszeit l\u00e4dt.<\/p>","protected":false},"featured_media":104,"template":"","meta":{"_monsterinsights_skip_tracking":false,"_monsterinsights_sitenote_active":false,"_monsterinsights_sitenote_note":"","_monsterinsights_sitenote_category":0},"product_brand":[],"product_cat":[25,171],"product_tag":[174,175,177,180,176],"class_list":{"0":"post-240","1":"product","2":"type-product","3":"status-publish","4":"has-post-thumbnail","6":"product_cat-home-charger","7":"product_cat-wallbox","8":"product_tag-22kw","9":"product_tag-5m","10":"product_tag-7m","11":"product_tag-rfid","12":"product_tag-type2","13":"product_shipping_class-wallbox","14":"pa_cable-5m-typ2","15":"pa_cable-7m-typ2","16":"pa_power-22kw","18":"first","19":"instock","20":"taxable","21":"shipping-taxable","22":"purchasable","23":"product-type-simple"},"yoast_head":"<!-- This site is optimized with the Yoast SEO plugin v27.2 - https:\/\/yoast.com\/product\/yoast-seo-wordpress\/ -->\n<title>Wallbox Commander 2 - 22kW 5m Cable | EV Charger Shop<\/title>\n<meta name=\"description\" content=\"Type 2 EV home charger, the Wallbox Commander 2 charges with up to 22kW and has a 5m cable. This EV charger has RFID.\" \/>\n<meta name=\"robots\" content=\"index, follow, max-snippet:-1, max-image-preview:large, max-video-preview:-1\" \/>\n<link rel=\"canonical\" href=\"https:\/\/ev-charger-shop.com\/de\/shop\/home-charger\/commander-22kw\/\" \/>\n<meta property=\"og:locale\" content=\"de_DE\" \/>\n<meta property=\"og:type\" content=\"article\" \/>\n<meta property=\"og:title\" content=\"Wallbox Commander 2 - 22kW 5m Cable | EV Charger Shop\" \/>\n<meta property=\"og:description\" content=\"Type 2 EV home charger, the Wallbox Commander 2 charges with up to 22kW and has a 5m cable. This EV charger has RFID.\" \/>\n<meta property=\"og:url\" content=\"https:\/\/ev-charger-shop.com\/de\/shop\/home-charger\/commander-22kw\/\" \/>\n<meta property=\"og:site_name\" content=\"EVIG\" \/>\n<meta property=\"article:modified_time\" content=\"2022-01-18T19:37:12+00:00\" \/>\n<meta property=\"og:image\" content=\"https:\/\/ev-charger-shop.com\/wp-content\/uploads\/2019\/09\/wallbox-commander.jpg\" \/>\n\t<meta property=\"og:image:width\" content=\"658\" \/>\n\t<meta property=\"og:image:height\" content=\"658\" \/>\n\t<meta property=\"og:image:type\" content=\"image\/jpeg\" \/>\n<meta name=\"twitter:card\" content=\"summary_large_image\" \/>\n<meta name=\"twitter:label1\" content=\"Gesch\u00e4tzte Lesezeit\" \/>\n\t<meta name=\"twitter:data1\" content=\"1\u00a0Minute\" \/>\n<script type=\"application\/ld+json\" class=\"yoast-schema-graph\">{\"@context\":\"https:\/\/schema.org\",\"@graph\":[{\"@type\":\"WebPage\",\"@id\":\"https:\/\/ev-charger-shop.com\/shop\/home-charger\/commander-22kw\/\",\"url\":\"https:\/\/ev-charger-shop.com\/shop\/home-charger\/commander-22kw\/\",\"name\":\"Wallbox Commander 2 - 22kW 5m Cable | EV Charger Shop\",\"isPartOf\":{\"@id\":\"https:\/\/ev-charger-shop.com\/#website\"},\"primaryImageOfPage\":{\"@id\":\"https:\/\/ev-charger-shop.com\/shop\/home-charger\/commander-22kw\/#primaryimage\"},\"image\":{\"@id\":\"https:\/\/ev-charger-shop.com\/shop\/home-charger\/commander-22kw\/#primaryimage\"},\"thumbnailUrl\":\"https:\/\/ev-charger-shop.com\/wp-content\/uploads\/2019\/09\/wallbox-commander.jpg\",\"datePublished\":\"2020-05-03T17:01:05+00:00\",\"dateModified\":\"2022-01-18T19:37:12+00:00\",\"description\":\"Type 2 EV home charger, the Wallbox Commander 2 charges with up to 22kW and has a 5m cable. This EV charger has RFID.\",\"breadcrumb\":{\"@id\":\"https:\/\/ev-charger-shop.com\/shop\/home-charger\/commander-22kw\/#breadcrumb\"},\"inLanguage\":\"de\",\"potentialAction\":[{\"@type\":\"ReadAction\",\"target\":[\"https:\/\/ev-charger-shop.com\/shop\/home-charger\/commander-22kw\/\"]}]},{\"@type\":\"ImageObject\",\"inLanguage\":\"de\",\"@id\":\"https:\/\/ev-charger-shop.com\/shop\/home-charger\/commander-22kw\/#primaryimage\",\"url\":\"https:\/\/ev-charger-shop.com\/wp-content\/uploads\/2019\/09\/wallbox-commander.jpg\",\"contentUrl\":\"https:\/\/ev-charger-shop.com\/wp-content\/uploads\/2019\/09\/wallbox-commander.jpg\",\"width\":658,\"height\":658,\"caption\":\"Wallbox Commander 2 in white\"},{\"@type\":\"BreadcrumbList\",\"@id\":\"https:\/\/ev-charger-shop.com\/shop\/home-charger\/commander-22kw\/#breadcrumb\",\"itemListElement\":[{\"@type\":\"ListItem\",\"position\":1,\"name\":\"Home\",\"item\":\"https:\/\/ev-charger-shop.com\/\"},{\"@type\":\"ListItem\",\"position\":2,\"name\":\"Shop\",\"item\":\"https:\/\/ev-charger-shop.com\/de\/shop\/\"},{\"@type\":\"ListItem\",\"position\":3,\"name\":\"Wallbox Commander 2 &#8211; 22kW with 5m Cable\"}]},{\"@type\":\"WebSite\",\"@id\":\"https:\/\/ev-charger-shop.com\/#website\",\"url\":\"https:\/\/ev-charger-shop.com\/\",\"name\":\"EVIG\",\"description\":\"The EV Innovation Group\",\"publisher\":{\"@id\":\"https:\/\/ev-charger-shop.com\/#organization\"},\"potentialAction\":[{\"@type\":\"SearchAction\",\"target\":{\"@type\":\"EntryPoint\",\"urlTemplate\":\"https:\/\/ev-charger-shop.com\/?s={search_term_string}\"},\"query-input\":{\"@type\":\"PropertyValueSpecification\",\"valueRequired\":true,\"valueName\":\"search_term_string\"}}],\"inLanguage\":\"de\"},{\"@type\":\"Organization\",\"@id\":\"https:\/\/ev-charger-shop.com\/#organization\",\"name\":\"EVIG electric vehicle chargers\",\"url\":\"https:\/\/ev-charger-shop.com\/\",\"logo\":{\"@type\":\"ImageObject\",\"inLanguage\":\"de\",\"@id\":\"https:\/\/ev-charger-shop.com\/#\/schema\/logo\/image\/\",\"url\":\"https:\/\/ev-charger-shop.com\/wp-content\/uploads\/2019\/08\/evig-icon.svg\",\"contentUrl\":\"https:\/\/ev-charger-shop.com\/wp-content\/uploads\/2019\/08\/evig-icon.svg\",\"width\":66,\"height\":66,\"caption\":\"EVIG electric vehicle chargers\"},\"image\":{\"@id\":\"https:\/\/ev-charger-shop.com\/#\/schema\/logo\/image\/\"},\"sameAs\":[\"https:\/\/instagram.com\/eviggmbh?igshid=18y9i2pnmf79a\",\"https:\/\/www.linkedin.com\/company\/ev-ig\/\"]}]}<\/script>\n<!-- \/ Yoast SEO plugin. -->","yoast_head_json":{"title":"Wallbox Commander 2 - 22kW 5m Cable | EV Charger Shop","description":"Type 2 EV home charger, the Wallbox Commander 2 charges with up to 22kW and has a 5m cable. This EV charger has RFID.","robots":{"index":"index","follow":"follow","max-snippet":"max-snippet:-1","max-image-preview":"max-image-preview:large","max-video-preview":"max-video-preview:-1"},"canonical":"https:\/\/ev-charger-shop.com\/de\/shop\/home-charger\/commander-22kw\/","og_locale":"de_DE","og_type":"article","og_title":"Wallbox Commander 2 - 22kW 5m Cable | EV Charger Shop","og_description":"Type 2 EV home charger, the Wallbox Commander 2 charges with up to 22kW and has a 5m cable. This EV charger has RFID.","og_url":"https:\/\/ev-charger-shop.com\/de\/shop\/home-charger\/commander-22kw\/","og_site_name":"EVIG","article_modified_time":"2022-01-18T19:37:12+00:00","og_image":[{"width":658,"height":658,"url":"https:\/\/ev-charger-shop.com\/wp-content\/uploads\/2019\/09\/wallbox-commander.jpg","type":"image\/jpeg"}],"twitter_card":"summary_large_image","twitter_misc":{"Gesch\u00e4tzte Lesezeit":"1\u00a0Minute"},"schema":{"@context":"https:\/\/schema.org","@graph":[{"@type":"WebPage","@id":"https:\/\/ev-charger-shop.com\/shop\/home-charger\/commander-22kw\/","url":"https:\/\/ev-charger-shop.com\/shop\/home-charger\/commander-22kw\/","name":"Wallbox Commander 2 - 22kW 5m Cable | EV Charger Shop","isPartOf":{"@id":"https:\/\/ev-charger-shop.com\/#website"},"primaryImageOfPage":{"@id":"https:\/\/ev-charger-shop.com\/shop\/home-charger\/commander-22kw\/#primaryimage"},"image":{"@id":"https:\/\/ev-charger-shop.com\/shop\/home-charger\/commander-22kw\/#primaryimage"},"thumbnailUrl":"https:\/\/ev-charger-shop.com\/wp-content\/uploads\/2019\/09\/wallbox-commander.jpg","datePublished":"2020-05-03T17:01:05+00:00","dateModified":"2022-01-18T19:37:12+00:00","description":"Type 2 EV home charger, the Wallbox Commander 2 charges with up to 22kW and has a 5m cable. This EV charger has RFID.","breadcrumb":{"@id":"https:\/\/ev-charger-shop.com\/shop\/home-charger\/commander-22kw\/#breadcrumb"},"inLanguage":"de","potentialAction":[{"@type":"ReadAction","target":["https:\/\/ev-charger-shop.com\/shop\/home-charger\/commander-22kw\/"]}]},{"@type":"ImageObject","inLanguage":"de","@id":"https:\/\/ev-charger-shop.com\/shop\/home-charger\/commander-22kw\/#primaryimage","url":"https:\/\/ev-charger-shop.com\/wp-content\/uploads\/2019\/09\/wallbox-commander.jpg","contentUrl":"https:\/\/ev-charger-shop.com\/wp-content\/uploads\/2019\/09\/wallbox-commander.jpg","width":658,"height":658,"caption":"Wallbox Commander 2 in white"},{"@type":"BreadcrumbList","@id":"https:\/\/ev-charger-shop.com\/shop\/home-charger\/commander-22kw\/#breadcrumb","itemListElement":[{"@type":"ListItem","position":1,"name":"Home","item":"https:\/\/ev-charger-shop.com\/"},{"@type":"ListItem","position":2,"name":"Shop","item":"https:\/\/ev-charger-shop.com\/de\/shop\/"},{"@type":"ListItem","position":3,"name":"Wallbox Commander 2 &#8211; 22kW with 5m Cable"}]},{"@type":"WebSite","@id":"https:\/\/ev-charger-shop.com\/#website","url":"https:\/\/ev-charger-shop.com\/","name":"EVIG","description":"The EV Innovation Group","publisher":{"@id":"https:\/\/ev-charger-shop.com\/#organization"},"potentialAction":[{"@type":"SearchAction","target":{"@type":"EntryPoint","urlTemplate":"https:\/\/ev-charger-shop.com\/?s={search_term_string}"},"query-input":{"@type":"PropertyValueSpecification","valueRequired":true,"valueName":"search_term_string"}}],"inLanguage":"de"},{"@type":"Organization","@id":"https:\/\/ev-charger-shop.com\/#organization","name":"EVIG electric vehicle chargers","url":"https:\/\/ev-charger-shop.com\/","logo":{"@type":"ImageObject","inLanguage":"de","@id":"https:\/\/ev-charger-shop.com\/#\/schema\/logo\/image\/","url":"https:\/\/ev-charger-shop.com\/wp-content\/uploads\/2019\/08\/evig-icon.svg","contentUrl":"https:\/\/ev-charger-shop.com\/wp-content\/uploads\/2019\/08\/evig-icon.svg","width":66,"height":66,"caption":"EVIG electric vehicle chargers"},"image":{"@id":"https:\/\/ev-charger-shop.com\/#\/schema\/logo\/image\/"},"sameAs":["https:\/\/instagram.com\/eviggmbh?igshid=18y9i2pnmf79a","https:\/\/www.linkedin.com\/company\/ev-ig\/"]}]}},"_links":{"self":[{"href":"https:\/\/ev-charger-shop.com\/de\/wp-json\/wp\/v2\/product\/240","targetHints":{"allow":["GET"]}}],"collection":[{"href":"https:\/\/ev-charger-shop.com\/de\/wp-json\/wp\/v2\/product"}],"about":[{"href":"https:\/\/ev-charger-shop.com\/de\/wp-json\/wp\/v2\/types\/product"}],"wp:featuredmedia":[{"embeddable":true,"href":"https:\/\/ev-charger-shop.com\/de\/wp-json\/wp\/v2\/media\/104"}],"wp:attachment":[{"href":"https:\/\/ev-charger-shop.com\/de\/wp-json\/wp\/v2\/media?parent=240"}],"wp:term":[{"taxonomy":"product_brand","embeddable":true,"href":"https:\/\/ev-charger-shop.com\/de\/wp-json\/wp\/v2\/product_brand?post=240"},{"taxonomy":"product_cat","embeddable":true,"href":"https:\/\/ev-charger-shop.com\/de\/wp-json\/wp\/v2\/product_cat?post=240"},{"taxonomy":"product_tag","embeddable":true,"href":"https:\/\/ev-charger-shop.com\/de\/wp-json\/wp\/v2\/product_tag?post=240"}],"curies":[{"name":"wp","href":"https:\/\/api.w.org\/{rel}","templated":true}]}}