{"id":234,"date":"2020-05-03T15:04:54","date_gmt":"2020-05-03T14:04:54","guid":{"rendered":"http:\/\/ev-charger-shop.com\/?post_type=product&#038;p=234"},"modified":"2025-09-19T12:40:39","modified_gmt":"2025-09-19T11:40:39","slug":"webasto-mode-3-charging-cable-from-the-ev-charger-shop","status":"publish","type":"product","link":"https:\/\/ev-charger-shop.com\/de\/shop\/ev-charging-cables\/webasto-mode-3-charging-cable-from-the-ev-charger-shop\/","title":{"rendered":"Webasto Mode 3 Ladekabel"},"content":{"rendered":"<div class=\"page-title-wrapper product\"><span class=\"base\" data-ui-id=\"page-title-wrapper\">Modus 3 Ladekabel Typ 2<\/span><\/div>\n<div class=\"page-title-wrapper product\"><b>Nur Kabel - keine Tasche<\/b><\/div>\n<div>\n<ul>\n<li>Geeignet f\u00fcr alle E-Autos und Plug-in Hybride mit einem Typ 2-Anschluss (europ\u00e4ischer Standard IEC 62196-2)<\/li>\n<li>Passend f\u00fcr eine Ladeleistung von bis zu 22kW<\/li>\n<li>Hohe Ladeleistung durch dreiphasiges Ladekabel<\/li>\n<li>VDE-Zertifizierung: G\u00fctesiegel f\u00fcr Qualit\u00e4t und Sicherheit<\/li>\n<li>Flexibilit\u00e4t beim Laden Dank der Kabell\u00e4nge von 4,5m<\/li>\n<li>Farbe: schwarz<\/li>\n<\/ul>\n<\/div>\n<div class=\"product attribute overview\">\n<div class=\"value\"><\/div>\n<\/div>","protected":false},"excerpt":{"rendered":"<p>Mode 3 Loading Cable Type 2 Cable only &#8211; no bag For all electric cars and plug-in hybrids with type 2 connector (European standard: IEC 62196-2) Suitable for a charging capacity of up to 22 kW High charging capacity through three-phase charging cable VDE certification: seal of approval for quality and safety Flexible charging thanks [&hellip;]<\/p>\n","protected":false},"featured_media":42185,"template":"","meta":{"_monsterinsights_skip_tracking":false,"_monsterinsights_sitenote_active":false,"_monsterinsights_sitenote_note":"","_monsterinsights_sitenote_category":0},"product_brand":[],"product_cat":[186,43,172],"product_tag":[],"class_list":{"0":"post-234","1":"product","2":"type-product","3":"status-publish","4":"has-post-thumbnail","6":"product_cat-charging-cable","7":"product_cat-ev-charging-cables","8":"product_cat-webasto","10":"first","11":"outofstock","12":"taxable","13":"shipping-taxable","14":"purchasable","15":"product-type-simple"},"yoast_head":"<!-- This site is optimized with the Yoast SEO plugin v27.2 - https:\/\/yoast.com\/product\/yoast-seo-wordpress\/ -->\n<title>Webasto Mode 3 Charging Cable from the EV Charger Shop<\/title>\n<meta name=\"description\" content=\"Webasto Mode 3 Charging Cable from the EV Charger Shop. This is a quality charging cable replacement from Webasto.\" \/>\n<meta name=\"robots\" content=\"index, follow, max-snippet:-1, max-image-preview:large, max-video-preview:-1\" \/>\n<link rel=\"canonical\" href=\"https:\/\/ev-charger-shop.com\/de\/shop\/ev-charging-cables\/webasto-mode-3-charging-cable-from-the-ev-charger-shop\/\" \/>\n<meta property=\"og:locale\" content=\"de_DE\" \/>\n<meta property=\"og:type\" content=\"article\" \/>\n<meta property=\"og:title\" content=\"Webasto Mode 3 Charging Cable from the EV Charger Shop\" \/>\n<meta property=\"og:description\" content=\"Webasto Mode 3 Charging Cable from the EV Charger Shop. This is a quality charging cable replacement from Webasto.\" \/>\n<meta property=\"og:url\" content=\"https:\/\/ev-charger-shop.com\/de\/shop\/ev-charging-cables\/webasto-mode-3-charging-cable-from-the-ev-charger-shop\/\" \/>\n<meta property=\"og:site_name\" content=\"EVIG\" \/>\n<meta property=\"article:modified_time\" content=\"2025-09-19T11:40:39+00:00\" \/>\n<meta property=\"og:image\" content=\"https:\/\/ev-charger-shop.com\/wp-content\/uploads\/2020\/05\/Screenshot-2021-03-14-at-20.45.12.png\" \/>\n\t<meta property=\"og:image:width\" content=\"551\" \/>\n\t<meta property=\"og:image:height\" content=\"441\" \/>\n\t<meta property=\"og:image:type\" content=\"image\/png\" \/>\n<meta name=\"twitter:card\" content=\"summary_large_image\" \/>\n<meta name=\"twitter:label1\" content=\"Gesch\u00e4tzte Lesezeit\" \/>\n\t<meta name=\"twitter:data1\" content=\"1\u00a0Minute\" \/>\n<script type=\"application\/ld+json\" class=\"yoast-schema-graph\">{\"@context\":\"https:\/\/schema.org\",\"@graph\":[{\"@type\":\"WebPage\",\"@id\":\"https:\/\/ev-charger-shop.com\/shop\/ev-charging-cables\/webasto-mode-3-charging-cable-from-the-ev-charger-shop\/\",\"url\":\"https:\/\/ev-charger-shop.com\/shop\/ev-charging-cables\/webasto-mode-3-charging-cable-from-the-ev-charger-shop\/\",\"name\":\"Webasto Mode 3 Charging Cable from the EV Charger Shop\",\"isPartOf\":{\"@id\":\"https:\/\/ev-charger-shop.com\/#website\"},\"primaryImageOfPage\":{\"@id\":\"https:\/\/ev-charger-shop.com\/shop\/ev-charging-cables\/webasto-mode-3-charging-cable-from-the-ev-charger-shop\/#primaryimage\"},\"image\":{\"@id\":\"https:\/\/ev-charger-shop.com\/shop\/ev-charging-cables\/webasto-mode-3-charging-cable-from-the-ev-charger-shop\/#primaryimage\"},\"thumbnailUrl\":\"https:\/\/ev-charger-shop.com\/wp-content\/uploads\/2020\/05\/Screenshot-2021-03-14-at-20.45.12.png\",\"datePublished\":\"2020-05-03T14:04:54+00:00\",\"dateModified\":\"2025-09-19T11:40:39+00:00\",\"description\":\"Webasto Mode 3 Charging Cable from the EV Charger Shop. This is a quality charging cable replacement from Webasto.\",\"breadcrumb\":{\"@id\":\"https:\/\/ev-charger-shop.com\/shop\/ev-charging-cables\/webasto-mode-3-charging-cable-from-the-ev-charger-shop\/#breadcrumb\"},\"inLanguage\":\"de\",\"potentialAction\":[{\"@type\":\"ReadAction\",\"target\":[\"https:\/\/ev-charger-shop.com\/shop\/ev-charging-cables\/webasto-mode-3-charging-cable-from-the-ev-charger-shop\/\"]}]},{\"@type\":\"ImageObject\",\"inLanguage\":\"de\",\"@id\":\"https:\/\/ev-charger-shop.com\/shop\/ev-charging-cables\/webasto-mode-3-charging-cable-from-the-ev-charger-shop\/#primaryimage\",\"url\":\"https:\/\/ev-charger-shop.com\/wp-content\/uploads\/2020\/05\/Screenshot-2021-03-14-at-20.45.12.png\",\"contentUrl\":\"https:\/\/ev-charger-shop.com\/wp-content\/uploads\/2020\/05\/Screenshot-2021-03-14-at-20.45.12.png\",\"width\":551,\"height\":441,\"caption\":\"Webasto Charging Cable for replacing your original equipment for your EV Charger\"},{\"@type\":\"BreadcrumbList\",\"@id\":\"https:\/\/ev-charger-shop.com\/shop\/ev-charging-cables\/webasto-mode-3-charging-cable-from-the-ev-charger-shop\/#breadcrumb\",\"itemListElement\":[{\"@type\":\"ListItem\",\"position\":1,\"name\":\"Home\",\"item\":\"https:\/\/ev-charger-shop.com\/\"},{\"@type\":\"ListItem\",\"position\":2,\"name\":\"Shop\",\"item\":\"https:\/\/ev-charger-shop.com\/de\/shop\/\"},{\"@type\":\"ListItem\",\"position\":3,\"name\":\"Webasto Mode 3 Charging Cable\"}]},{\"@type\":\"WebSite\",\"@id\":\"https:\/\/ev-charger-shop.com\/#website\",\"url\":\"https:\/\/ev-charger-shop.com\/\",\"name\":\"EVIG\",\"description\":\"The EV Innovation Group\",\"publisher\":{\"@id\":\"https:\/\/ev-charger-shop.com\/#organization\"},\"potentialAction\":[{\"@type\":\"SearchAction\",\"target\":{\"@type\":\"EntryPoint\",\"urlTemplate\":\"https:\/\/ev-charger-shop.com\/?s={search_term_string}\"},\"query-input\":{\"@type\":\"PropertyValueSpecification\",\"valueRequired\":true,\"valueName\":\"search_term_string\"}}],\"inLanguage\":\"de\"},{\"@type\":\"Organization\",\"@id\":\"https:\/\/ev-charger-shop.com\/#organization\",\"name\":\"EVIG electric vehicle chargers\",\"url\":\"https:\/\/ev-charger-shop.com\/\",\"logo\":{\"@type\":\"ImageObject\",\"inLanguage\":\"de\",\"@id\":\"https:\/\/ev-charger-shop.com\/#\/schema\/logo\/image\/\",\"url\":\"https:\/\/ev-charger-shop.com\/wp-content\/uploads\/2019\/08\/evig-icon.svg\",\"contentUrl\":\"https:\/\/ev-charger-shop.com\/wp-content\/uploads\/2019\/08\/evig-icon.svg\",\"width\":66,\"height\":66,\"caption\":\"EVIG electric vehicle chargers\"},\"image\":{\"@id\":\"https:\/\/ev-charger-shop.com\/#\/schema\/logo\/image\/\"},\"sameAs\":[\"https:\/\/instagram.com\/eviggmbh?igshid=18y9i2pnmf79a\",\"https:\/\/www.linkedin.com\/company\/ev-ig\/\"]}]}<\/script>\n<!-- \/ Yoast SEO plugin. -->","yoast_head_json":{"title":"Webasto Mode 3 Charging Cable from the EV Charger Shop","description":"Webasto Mode 3 Charging Cable from the EV Charger Shop. This is a quality charging cable replacement from Webasto.","robots":{"index":"index","follow":"follow","max-snippet":"max-snippet:-1","max-image-preview":"max-image-preview:large","max-video-preview":"max-video-preview:-1"},"canonical":"https:\/\/ev-charger-shop.com\/de\/shop\/ev-charging-cables\/webasto-mode-3-charging-cable-from-the-ev-charger-shop\/","og_locale":"de_DE","og_type":"article","og_title":"Webasto Mode 3 Charging Cable from the EV Charger Shop","og_description":"Webasto Mode 3 Charging Cable from the EV Charger Shop. This is a quality charging cable replacement from Webasto.","og_url":"https:\/\/ev-charger-shop.com\/de\/shop\/ev-charging-cables\/webasto-mode-3-charging-cable-from-the-ev-charger-shop\/","og_site_name":"EVIG","article_modified_time":"2025-09-19T11:40:39+00:00","og_image":[{"width":551,"height":441,"url":"https:\/\/ev-charger-shop.com\/wp-content\/uploads\/2020\/05\/Screenshot-2021-03-14-at-20.45.12.png","type":"image\/png"}],"twitter_card":"summary_large_image","twitter_misc":{"Gesch\u00e4tzte Lesezeit":"1\u00a0Minute"},"schema":{"@context":"https:\/\/schema.org","@graph":[{"@type":"WebPage","@id":"https:\/\/ev-charger-shop.com\/shop\/ev-charging-cables\/webasto-mode-3-charging-cable-from-the-ev-charger-shop\/","url":"https:\/\/ev-charger-shop.com\/shop\/ev-charging-cables\/webasto-mode-3-charging-cable-from-the-ev-charger-shop\/","name":"Webasto Mode 3 Charging Cable from the EV Charger Shop","isPartOf":{"@id":"https:\/\/ev-charger-shop.com\/#website"},"primaryImageOfPage":{"@id":"https:\/\/ev-charger-shop.com\/shop\/ev-charging-cables\/webasto-mode-3-charging-cable-from-the-ev-charger-shop\/#primaryimage"},"image":{"@id":"https:\/\/ev-charger-shop.com\/shop\/ev-charging-cables\/webasto-mode-3-charging-cable-from-the-ev-charger-shop\/#primaryimage"},"thumbnailUrl":"https:\/\/ev-charger-shop.com\/wp-content\/uploads\/2020\/05\/Screenshot-2021-03-14-at-20.45.12.png","datePublished":"2020-05-03T14:04:54+00:00","dateModified":"2025-09-19T11:40:39+00:00","description":"Webasto Mode 3 Charging Cable from the EV Charger Shop. This is a quality charging cable replacement from Webasto.","breadcrumb":{"@id":"https:\/\/ev-charger-shop.com\/shop\/ev-charging-cables\/webasto-mode-3-charging-cable-from-the-ev-charger-shop\/#breadcrumb"},"inLanguage":"de","potentialAction":[{"@type":"ReadAction","target":["https:\/\/ev-charger-shop.com\/shop\/ev-charging-cables\/webasto-mode-3-charging-cable-from-the-ev-charger-shop\/"]}]},{"@type":"ImageObject","inLanguage":"de","@id":"https:\/\/ev-charger-shop.com\/shop\/ev-charging-cables\/webasto-mode-3-charging-cable-from-the-ev-charger-shop\/#primaryimage","url":"https:\/\/ev-charger-shop.com\/wp-content\/uploads\/2020\/05\/Screenshot-2021-03-14-at-20.45.12.png","contentUrl":"https:\/\/ev-charger-shop.com\/wp-content\/uploads\/2020\/05\/Screenshot-2021-03-14-at-20.45.12.png","width":551,"height":441,"caption":"Webasto Charging Cable for replacing your original equipment for your EV Charger"},{"@type":"BreadcrumbList","@id":"https:\/\/ev-charger-shop.com\/shop\/ev-charging-cables\/webasto-mode-3-charging-cable-from-the-ev-charger-shop\/#breadcrumb","itemListElement":[{"@type":"ListItem","position":1,"name":"Home","item":"https:\/\/ev-charger-shop.com\/"},{"@type":"ListItem","position":2,"name":"Shop","item":"https:\/\/ev-charger-shop.com\/de\/shop\/"},{"@type":"ListItem","position":3,"name":"Webasto Mode 3 Charging Cable"}]},{"@type":"WebSite","@id":"https:\/\/ev-charger-shop.com\/#website","url":"https:\/\/ev-charger-shop.com\/","name":"EVIG","description":"The EV Innovation Group","publisher":{"@id":"https:\/\/ev-charger-shop.com\/#organization"},"potentialAction":[{"@type":"SearchAction","target":{"@type":"EntryPoint","urlTemplate":"https:\/\/ev-charger-shop.com\/?s={search_term_string}"},"query-input":{"@type":"PropertyValueSpecification","valueRequired":true,"valueName":"search_term_string"}}],"inLanguage":"de"},{"@type":"Organization","@id":"https:\/\/ev-charger-shop.com\/#organization","name":"EVIG electric vehicle chargers","url":"https:\/\/ev-charger-shop.com\/","logo":{"@type":"ImageObject","inLanguage":"de","@id":"https:\/\/ev-charger-shop.com\/#\/schema\/logo\/image\/","url":"https:\/\/ev-charger-shop.com\/wp-content\/uploads\/2019\/08\/evig-icon.svg","contentUrl":"https:\/\/ev-charger-shop.com\/wp-content\/uploads\/2019\/08\/evig-icon.svg","width":66,"height":66,"caption":"EVIG electric vehicle chargers"},"image":{"@id":"https:\/\/ev-charger-shop.com\/#\/schema\/logo\/image\/"},"sameAs":["https:\/\/instagram.com\/eviggmbh?igshid=18y9i2pnmf79a","https:\/\/www.linkedin.com\/company\/ev-ig\/"]}]}},"_links":{"self":[{"href":"https:\/\/ev-charger-shop.com\/de\/wp-json\/wp\/v2\/product\/234","targetHints":{"allow":["GET"]}}],"collection":[{"href":"https:\/\/ev-charger-shop.com\/de\/wp-json\/wp\/v2\/product"}],"about":[{"href":"https:\/\/ev-charger-shop.com\/de\/wp-json\/wp\/v2\/types\/product"}],"wp:featuredmedia":[{"embeddable":true,"href":"https:\/\/ev-charger-shop.com\/de\/wp-json\/wp\/v2\/media\/42185"}],"wp:attachment":[{"href":"https:\/\/ev-charger-shop.com\/de\/wp-json\/wp\/v2\/media?parent=234"}],"wp:term":[{"taxonomy":"product_brand","embeddable":true,"href":"https:\/\/ev-charger-shop.com\/de\/wp-json\/wp\/v2\/product_brand?post=234"},{"taxonomy":"product_cat","embeddable":true,"href":"https:\/\/ev-charger-shop.com\/de\/wp-json\/wp\/v2\/product_cat?post=234"},{"taxonomy":"product_tag","embeddable":true,"href":"https:\/\/ev-charger-shop.com\/de\/wp-json\/wp\/v2\/product_tag?post=234"}],"curies":[{"name":"wp","href":"https:\/\/api.w.org\/{rel}","templated":true}]}}