{"id":214,"date":"2020-05-03T13:18:48","date_gmt":"2020-05-03T12:18:48","guid":{"rendered":"http:\/\/ev-charger-shop.com\/?post_type=product&#038;p=214"},"modified":"2025-09-19T12:45:08","modified_gmt":"2025-09-19T11:45:08","slug":"webasto-mode-3-charging-cable-and-bag-from-the-ev-charger-shop","status":"publish","type":"product","link":"https:\/\/ev-charger-shop.com\/de\/shop\/ev-charging-cables\/webasto-mode-3-charging-cable-and-bag-from-the-ev-charger-shop\/","title":{"rendered":"Webasto Mode 3 Ladekabel Typ 2 und Tasche"},"content":{"rendered":"<div class=\"page-title-wrapper product\">\n<p class=\"page-title\">Webasto Mode 3 Ladekabel Typ 2 und Tasche<\/p>\n<p><strong>Nur f\u00fcr kurze Zeit: Inklusive hochwertiger Webasto Cabrio-Stofftasche<\/strong> Including high-quality Webasto convertible fabric bag<\/p>\n<p>Die Kabeltasche ist aus hochwertigem und robustem Webasto Cabrio-Gewebe gefertigt und bietet damit bew\u00e4hrte Webasto Qualit\u00e4t f\u00fcr Ihr Ladekabel. Inklusive hochwertigem Stoffbeutel.<\/p>\n<p>Delivery time: 14 working days.<\/p>\n<p>&nbsp;<\/p>\n<\/div>\n<div class=\"product attribute overview\">\n<div class=\"value\">\n<p>&nbsp;<\/p>\n<\/div>\n<\/div>","protected":false},"excerpt":{"rendered":"<p>Webasto Mode 3 Charging Cable Type 2 and Bag Only for a short time: Including high-quality Webasto convertible fabric bag The cable bag is made of high-quality and robust Webasto convertible fabric and thus offers proven Webasto quality for your charging cable. Delivery time: 14 working days. &nbsp; &nbsp;<\/p>","protected":false},"featured_media":2665,"template":"","meta":{"_monsterinsights_skip_tracking":false,"_monsterinsights_sitenote_active":false,"_monsterinsights_sitenote_note":"","_monsterinsights_sitenote_category":0},"product_brand":[],"product_cat":[186,43,172],"product_tag":[],"class_list":{"0":"post-214","1":"product","2":"type-product","3":"status-publish","4":"has-post-thumbnail","6":"product_cat-charging-cable","7":"product_cat-ev-charging-cables","8":"product_cat-webasto","10":"first","11":"outofstock","12":"taxable","13":"shipping-taxable","14":"purchasable","15":"product-type-simple"},"yoast_head":"<!-- This site is optimized with the Yoast SEO plugin v27.2 - https:\/\/yoast.com\/product\/yoast-seo-wordpress\/ -->\n<title>Webasto Charging Cable and Bag from the EV Charger Shop<\/title>\n<meta name=\"description\" content=\"Webasto Charging Cable and Bag from the EV Charger Shop, this is a quality replacement for your cars EV Charging Cable.\" \/>\n<meta name=\"robots\" content=\"index, follow, max-snippet:-1, max-image-preview:large, max-video-preview:-1\" \/>\n<link rel=\"canonical\" href=\"https:\/\/ev-charger-shop.com\/de\/shop\/ev-charging-cables\/webasto-mode-3-charging-cable-and-bag-from-the-ev-charger-shop\/\" \/>\n<meta property=\"og:locale\" content=\"de_DE\" \/>\n<meta property=\"og:type\" content=\"article\" \/>\n<meta property=\"og:title\" content=\"Webasto Charging Cable and Bag from the EV Charger Shop\" \/>\n<meta property=\"og:description\" content=\"Webasto Charging Cable and Bag from the EV Charger Shop, this is a quality replacement for your cars EV Charging Cable.\" \/>\n<meta property=\"og:url\" content=\"https:\/\/ev-charger-shop.com\/de\/shop\/ev-charging-cables\/webasto-mode-3-charging-cable-and-bag-from-the-ev-charger-shop\/\" \/>\n<meta property=\"og:site_name\" content=\"EVIG\" \/>\n<meta property=\"article:modified_time\" content=\"2025-09-19T11:45:08+00:00\" \/>\n<meta property=\"og:image\" content=\"https:\/\/ev-charger-shop.com\/wp-content\/uploads\/2020\/09\/Webasto-Bag-Cable-at-14.40.26.png\" \/>\n\t<meta property=\"og:image:width\" content=\"990\" \/>\n\t<meta property=\"og:image:height\" content=\"992\" \/>\n\t<meta property=\"og:image:type\" content=\"image\/png\" \/>\n<meta name=\"twitter:card\" content=\"summary_large_image\" \/>\n<meta name=\"twitter:label1\" content=\"Gesch\u00e4tzte Lesezeit\" \/>\n\t<meta name=\"twitter:data1\" content=\"1\u00a0Minute\" \/>\n<script type=\"application\/ld+json\" class=\"yoast-schema-graph\">{\"@context\":\"https:\/\/schema.org\",\"@graph\":[{\"@type\":\"WebPage\",\"@id\":\"https:\/\/ev-charger-shop.com\/shop\/ev-charging-cables\/webasto-mode-3-charging-cable-and-bag-from-the-ev-charger-shop\/\",\"url\":\"https:\/\/ev-charger-shop.com\/shop\/ev-charging-cables\/webasto-mode-3-charging-cable-and-bag-from-the-ev-charger-shop\/\",\"name\":\"Webasto Charging Cable and Bag from the EV Charger Shop\",\"isPartOf\":{\"@id\":\"https:\/\/ev-charger-shop.com\/#website\"},\"primaryImageOfPage\":{\"@id\":\"https:\/\/ev-charger-shop.com\/shop\/ev-charging-cables\/webasto-mode-3-charging-cable-and-bag-from-the-ev-charger-shop\/#primaryimage\"},\"image\":{\"@id\":\"https:\/\/ev-charger-shop.com\/shop\/ev-charging-cables\/webasto-mode-3-charging-cable-and-bag-from-the-ev-charger-shop\/#primaryimage\"},\"thumbnailUrl\":\"https:\/\/ev-charger-shop.com\/wp-content\/uploads\/2020\/09\/Webasto-Bag-Cable-at-14.40.26.png\",\"datePublished\":\"2020-05-03T12:18:48+00:00\",\"dateModified\":\"2025-09-19T11:45:08+00:00\",\"description\":\"Webasto Charging Cable and Bag from the EV Charger Shop, this is a quality replacement for your cars EV Charging Cable.\",\"breadcrumb\":{\"@id\":\"https:\/\/ev-charger-shop.com\/shop\/ev-charging-cables\/webasto-mode-3-charging-cable-and-bag-from-the-ev-charger-shop\/#breadcrumb\"},\"inLanguage\":\"de\",\"potentialAction\":[{\"@type\":\"ReadAction\",\"target\":[\"https:\/\/ev-charger-shop.com\/shop\/ev-charging-cables\/webasto-mode-3-charging-cable-and-bag-from-the-ev-charger-shop\/\"]}]},{\"@type\":\"ImageObject\",\"inLanguage\":\"de\",\"@id\":\"https:\/\/ev-charger-shop.com\/shop\/ev-charging-cables\/webasto-mode-3-charging-cable-and-bag-from-the-ev-charger-shop\/#primaryimage\",\"url\":\"https:\/\/ev-charger-shop.com\/wp-content\/uploads\/2020\/09\/Webasto-Bag-Cable-at-14.40.26.png\",\"contentUrl\":\"https:\/\/ev-charger-shop.com\/wp-content\/uploads\/2020\/09\/Webasto-Bag-Cable-at-14.40.26.png\",\"width\":990,\"height\":992},{\"@type\":\"BreadcrumbList\",\"@id\":\"https:\/\/ev-charger-shop.com\/shop\/ev-charging-cables\/webasto-mode-3-charging-cable-and-bag-from-the-ev-charger-shop\/#breadcrumb\",\"itemListElement\":[{\"@type\":\"ListItem\",\"position\":1,\"name\":\"Home\",\"item\":\"https:\/\/ev-charger-shop.com\/\"},{\"@type\":\"ListItem\",\"position\":2,\"name\":\"Shop\",\"item\":\"https:\/\/ev-charger-shop.com\/de\/shop\/\"},{\"@type\":\"ListItem\",\"position\":3,\"name\":\"Webasto Mode 3 Charging Cable Type 2 and Bag\"}]},{\"@type\":\"WebSite\",\"@id\":\"https:\/\/ev-charger-shop.com\/#website\",\"url\":\"https:\/\/ev-charger-shop.com\/\",\"name\":\"EVIG\",\"description\":\"The EV Innovation Group\",\"publisher\":{\"@id\":\"https:\/\/ev-charger-shop.com\/#organization\"},\"potentialAction\":[{\"@type\":\"SearchAction\",\"target\":{\"@type\":\"EntryPoint\",\"urlTemplate\":\"https:\/\/ev-charger-shop.com\/?s={search_term_string}\"},\"query-input\":{\"@type\":\"PropertyValueSpecification\",\"valueRequired\":true,\"valueName\":\"search_term_string\"}}],\"inLanguage\":\"de\"},{\"@type\":\"Organization\",\"@id\":\"https:\/\/ev-charger-shop.com\/#organization\",\"name\":\"EVIG electric vehicle chargers\",\"url\":\"https:\/\/ev-charger-shop.com\/\",\"logo\":{\"@type\":\"ImageObject\",\"inLanguage\":\"de\",\"@id\":\"https:\/\/ev-charger-shop.com\/#\/schema\/logo\/image\/\",\"url\":\"https:\/\/ev-charger-shop.com\/wp-content\/uploads\/2019\/08\/evig-icon.svg\",\"contentUrl\":\"https:\/\/ev-charger-shop.com\/wp-content\/uploads\/2019\/08\/evig-icon.svg\",\"width\":66,\"height\":66,\"caption\":\"EVIG electric vehicle chargers\"},\"image\":{\"@id\":\"https:\/\/ev-charger-shop.com\/#\/schema\/logo\/image\/\"},\"sameAs\":[\"https:\/\/instagram.com\/eviggmbh?igshid=18y9i2pnmf79a\",\"https:\/\/www.linkedin.com\/company\/ev-ig\/\"]}]}<\/script>\n<!-- \/ Yoast SEO plugin. -->","yoast_head_json":{"title":"Webasto Charging Cable and Bag from the EV Charger Shop","description":"Webasto Charging Cable and Bag from the EV Charger Shop, this is a quality replacement for your cars EV Charging Cable.","robots":{"index":"index","follow":"follow","max-snippet":"max-snippet:-1","max-image-preview":"max-image-preview:large","max-video-preview":"max-video-preview:-1"},"canonical":"https:\/\/ev-charger-shop.com\/de\/shop\/ev-charging-cables\/webasto-mode-3-charging-cable-and-bag-from-the-ev-charger-shop\/","og_locale":"de_DE","og_type":"article","og_title":"Webasto Charging Cable and Bag from the EV Charger Shop","og_description":"Webasto Charging Cable and Bag from the EV Charger Shop, this is a quality replacement for your cars EV Charging Cable.","og_url":"https:\/\/ev-charger-shop.com\/de\/shop\/ev-charging-cables\/webasto-mode-3-charging-cable-and-bag-from-the-ev-charger-shop\/","og_site_name":"EVIG","article_modified_time":"2025-09-19T11:45:08+00:00","og_image":[{"width":990,"height":992,"url":"https:\/\/ev-charger-shop.com\/wp-content\/uploads\/2020\/09\/Webasto-Bag-Cable-at-14.40.26.png","type":"image\/png"}],"twitter_card":"summary_large_image","twitter_misc":{"Gesch\u00e4tzte Lesezeit":"1\u00a0Minute"},"schema":{"@context":"https:\/\/schema.org","@graph":[{"@type":"WebPage","@id":"https:\/\/ev-charger-shop.com\/shop\/ev-charging-cables\/webasto-mode-3-charging-cable-and-bag-from-the-ev-charger-shop\/","url":"https:\/\/ev-charger-shop.com\/shop\/ev-charging-cables\/webasto-mode-3-charging-cable-and-bag-from-the-ev-charger-shop\/","name":"Webasto Charging Cable and Bag from the EV Charger Shop","isPartOf":{"@id":"https:\/\/ev-charger-shop.com\/#website"},"primaryImageOfPage":{"@id":"https:\/\/ev-charger-shop.com\/shop\/ev-charging-cables\/webasto-mode-3-charging-cable-and-bag-from-the-ev-charger-shop\/#primaryimage"},"image":{"@id":"https:\/\/ev-charger-shop.com\/shop\/ev-charging-cables\/webasto-mode-3-charging-cable-and-bag-from-the-ev-charger-shop\/#primaryimage"},"thumbnailUrl":"https:\/\/ev-charger-shop.com\/wp-content\/uploads\/2020\/09\/Webasto-Bag-Cable-at-14.40.26.png","datePublished":"2020-05-03T12:18:48+00:00","dateModified":"2025-09-19T11:45:08+00:00","description":"Webasto Charging Cable and Bag from the EV Charger Shop, this is a quality replacement for your cars EV Charging Cable.","breadcrumb":{"@id":"https:\/\/ev-charger-shop.com\/shop\/ev-charging-cables\/webasto-mode-3-charging-cable-and-bag-from-the-ev-charger-shop\/#breadcrumb"},"inLanguage":"de","potentialAction":[{"@type":"ReadAction","target":["https:\/\/ev-charger-shop.com\/shop\/ev-charging-cables\/webasto-mode-3-charging-cable-and-bag-from-the-ev-charger-shop\/"]}]},{"@type":"ImageObject","inLanguage":"de","@id":"https:\/\/ev-charger-shop.com\/shop\/ev-charging-cables\/webasto-mode-3-charging-cable-and-bag-from-the-ev-charger-shop\/#primaryimage","url":"https:\/\/ev-charger-shop.com\/wp-content\/uploads\/2020\/09\/Webasto-Bag-Cable-at-14.40.26.png","contentUrl":"https:\/\/ev-charger-shop.com\/wp-content\/uploads\/2020\/09\/Webasto-Bag-Cable-at-14.40.26.png","width":990,"height":992},{"@type":"BreadcrumbList","@id":"https:\/\/ev-charger-shop.com\/shop\/ev-charging-cables\/webasto-mode-3-charging-cable-and-bag-from-the-ev-charger-shop\/#breadcrumb","itemListElement":[{"@type":"ListItem","position":1,"name":"Home","item":"https:\/\/ev-charger-shop.com\/"},{"@type":"ListItem","position":2,"name":"Shop","item":"https:\/\/ev-charger-shop.com\/de\/shop\/"},{"@type":"ListItem","position":3,"name":"Webasto Mode 3 Charging Cable Type 2 and Bag"}]},{"@type":"WebSite","@id":"https:\/\/ev-charger-shop.com\/#website","url":"https:\/\/ev-charger-shop.com\/","name":"EVIG","description":"The EV Innovation Group","publisher":{"@id":"https:\/\/ev-charger-shop.com\/#organization"},"potentialAction":[{"@type":"SearchAction","target":{"@type":"EntryPoint","urlTemplate":"https:\/\/ev-charger-shop.com\/?s={search_term_string}"},"query-input":{"@type":"PropertyValueSpecification","valueRequired":true,"valueName":"search_term_string"}}],"inLanguage":"de"},{"@type":"Organization","@id":"https:\/\/ev-charger-shop.com\/#organization","name":"EVIG electric vehicle chargers","url":"https:\/\/ev-charger-shop.com\/","logo":{"@type":"ImageObject","inLanguage":"de","@id":"https:\/\/ev-charger-shop.com\/#\/schema\/logo\/image\/","url":"https:\/\/ev-charger-shop.com\/wp-content\/uploads\/2019\/08\/evig-icon.svg","contentUrl":"https:\/\/ev-charger-shop.com\/wp-content\/uploads\/2019\/08\/evig-icon.svg","width":66,"height":66,"caption":"EVIG electric vehicle chargers"},"image":{"@id":"https:\/\/ev-charger-shop.com\/#\/schema\/logo\/image\/"},"sameAs":["https:\/\/instagram.com\/eviggmbh?igshid=18y9i2pnmf79a","https:\/\/www.linkedin.com\/company\/ev-ig\/"]}]}},"_links":{"self":[{"href":"https:\/\/ev-charger-shop.com\/de\/wp-json\/wp\/v2\/product\/214","targetHints":{"allow":["GET"]}}],"collection":[{"href":"https:\/\/ev-charger-shop.com\/de\/wp-json\/wp\/v2\/product"}],"about":[{"href":"https:\/\/ev-charger-shop.com\/de\/wp-json\/wp\/v2\/types\/product"}],"wp:featuredmedia":[{"embeddable":true,"href":"https:\/\/ev-charger-shop.com\/de\/wp-json\/wp\/v2\/media\/2665"}],"wp:attachment":[{"href":"https:\/\/ev-charger-shop.com\/de\/wp-json\/wp\/v2\/media?parent=214"}],"wp:term":[{"taxonomy":"product_brand","embeddable":true,"href":"https:\/\/ev-charger-shop.com\/de\/wp-json\/wp\/v2\/product_brand?post=214"},{"taxonomy":"product_cat","embeddable":true,"href":"https:\/\/ev-charger-shop.com\/de\/wp-json\/wp\/v2\/product_cat?post=214"},{"taxonomy":"product_tag","embeddable":true,"href":"https:\/\/ev-charger-shop.com\/de\/wp-json\/wp\/v2\/product_tag?post=214"}],"curies":[{"name":"wp","href":"https:\/\/api.w.org\/{rel}","templated":true}]}}