{"id":119,"date":"2019-09-09T15:19:45","date_gmt":"2019-09-09T14:19:45","guid":{"rendered":"http:\/\/ev-charger-shop.com\/?post_type=product&#038;p=119"},"modified":"2022-01-18T19:42:12","modified_gmt":"2022-01-18T19:42:12","slug":"pulsar-plus","status":"publish","type":"product","link":"https:\/\/ev-charger-shop.com\/de\/shop\/home-charger\/pulsar-plus\/","title":{"rendered":"Wallbox Pulsar Plus 22 kW mit 7 m Kabel"},"content":{"rendered":"<div class=\"page\" title=\"Page 1\">\n<div class=\"section\">\n<div class=\"layoutArea\">\n<div class=\"column\">\n<div class=\"page\" title=\"Page 1\">\n<div class=\"section\">\n<div class=\"layoutArea\">\n<div class=\"column\">\n<h4>Merkmale<\/h4>\n<\/div>\n<\/div>\n<div class=\"layoutArea\">\n<div class=\"column\">\n<p>\u2022 Immer \u00fcber Wi-Fi oder Bluetooth verbunden.<\/p>\n<p>\u2022 Optimieren Sie Ihre Ladeinfrastruktur und verk\u00fcrzen Sie die Ladezeiten mit der Power-Boost-Technologie.<\/p>\n<\/div>\n<div class=\"column\">\n<p>\u2022 Integrierte Ladestatusleuchten.<\/p>\n<p>\u2022 Integrierter DC-Leckschutz.<\/p>\n<p>\u2022 Kompaktes Design.<\/p>\n<p>\u2022 Erh\u00e4ltlich in Schwarz und Wei\u00df.<\/p>\n<h4>Datenbl\u00e4tter<\/h4>\n<p><a href=\"https:\/\/ev-charger-shop.com\/wp-content\/uploads\/2020\/05\/Wallbox-IG-PULSAR-and-PULSAR-PLUS_ML.pdf\" target=\"_blank\" rel=\"noopener noreferrer\">ML_Wallbox IG-PULSAR-and-PULSAR-PLUS<\/a><\/p>\n<p><a href=\"https:\/\/ev-charger-shop.com\/wp-content\/uploads\/2020\/05\/Wallbox-Pulsar-Plus_DE.pdf\" target=\"_blank\" rel=\"noopener noreferrer\">DE_Wallbox Pulsar Plus<\/a><\/p>\n<p><a href=\"https:\/\/ev-charger-shop.com\/wp-content\/uploads\/2020\/05\/WallBox-Pulsar-Plus_EN.pdf\" target=\"_blank\" rel=\"noopener noreferrer\">EN_WallBox Pulsar Plus<\/a><\/p>\n<p>&nbsp;<\/p>\n<h4>\u00dcBER WALLBOX<\/h4>\n<p>Wallbox beschreibt sich selbst als ein globales Scale-up, das sich der Ver\u00e4nderung der weltweiten Energienutzung verschrieben hat. Von Barcelona aus ist das in 2015 gegr\u00fcndete Unternehmen in \u00fcber 40 L\u00e4ndern aktiv und hat B\u00fcros in Barcelona, Madrid, China und den USA. Wallbox ist ein sehr ehrgeiziges Unternehmen, das ein Verst\u00e4ndnis f\u00fcr die Bed\u00fcrfnisse der Verbraucher mit Innovationsgeist und einem Auge f\u00fcr Design verbindet.<\/p>\n<p>In ihren eigenen Worten: \"Wir entwickeln intelligente Ladesysteme f\u00fcr Elektrofahrzeuge, die modernste Technologie mit einem herausragenden Design kombinieren, weil wir glauben, dass Design genauso wichtig ist wie Technologie. Und um ein ganzheitliches Erlebnis zu bieten, wird die Kommunikation zwischen dem Auto und dem Ladeger\u00e4t \u00fcber eine einfach zu bedienende App gesteuert. Wir sind ein Team von Tr\u00e4umern, Machern und Gestaltern, das weltweit daran arbeitet, den Weg zum nachhaltigen elektrischen Transport zu ebnen. Mehr als 200 engagierte Experten aus \u00fcber 20 verschiedenen Nationen arbeiten gemeinsam daran, dieses Ziel zu erreichen.\"<\/p>\n<p><a href=\"https:\/\/wallbox.com\/en_catalog\/\">www.wallbox.com<\/a><\/p>\n<\/div>\n<\/div>\n<\/div>\n<\/div>\n<\/div>\n<\/div>\n<\/div>\n<\/div>","protected":false},"excerpt":{"rendered":"<p>Wallbox Pulsar Plus ist ein praktisches, intelligentes Ladesystem f\u00fcr Elektrofahrzeuge und Plug-in-Hybride, das \u00fcber Wi-Fi oder Bluetooth mit der Lademanagement-Plattform myWallbox verbunden wird. Der Pulsar Plus ist serienm\u00e4\u00dfig mit einem integrierten DC-Auslaufschutz ausgestattet.<\/p>\n<p>Pulsar Plus is compact and features the most advanced technology to provide maximum charging performance. Pulsar Plus easily adapts to any installation, in private garages or shared parking. Furthermore, it is an approved KfW 441 and KfW 439 Wallbox.<\/p>","protected":false},"featured_media":120,"template":"","meta":{"_monsterinsights_skip_tracking":false,"_monsterinsights_sitenote_active":false,"_monsterinsights_sitenote_note":"","_monsterinsights_sitenote_category":0},"product_brand":[],"product_cat":[25,171],"product_tag":[],"class_list":{"0":"post-119","1":"product","2":"type-product","3":"status-publish","4":"has-post-thumbnail","6":"product_cat-home-charger","7":"product_cat-wallbox","8":"product_shipping_class-wallbox","9":"pa_cable-7m-typ2","10":"pa_power-22kw","12":"first","13":"instock","14":"taxable","15":"shipping-taxable","16":"purchasable","17":"product-type-simple"},"yoast_head":"<!-- This site is optimized with the Yoast SEO plugin v27.2 - https:\/\/yoast.com\/product\/yoast-seo-wordpress\/ -->\n<title>Wallbox Pulsar Plus 22 kW with 7m Cable sold by the EV Charger Shop<\/title>\n<meta name=\"description\" content=\"Type 2 home EV charger, the Wallbox Pulsar Plus 22kW with a 7m cable, available in both black and white. sold by the EV Charger Shop.\" \/>\n<meta name=\"robots\" content=\"index, follow, max-snippet:-1, max-image-preview:large, max-video-preview:-1\" \/>\n<link rel=\"canonical\" href=\"https:\/\/ev-charger-shop.com\/de\/shop\/home-charger\/pulsar-plus\/\" \/>\n<meta property=\"og:locale\" content=\"de_DE\" \/>\n<meta property=\"og:type\" content=\"article\" \/>\n<meta property=\"og:title\" content=\"Wallbox Pulsar Plus 22 kW with 7m Cable sold by the EV Charger Shop\" \/>\n<meta property=\"og:description\" content=\"Type 2 home EV charger, the Wallbox Pulsar Plus 22kW with a 7m cable, available in both black and white. sold by the EV Charger Shop.\" \/>\n<meta property=\"og:url\" content=\"https:\/\/ev-charger-shop.com\/de\/shop\/home-charger\/pulsar-plus\/\" \/>\n<meta property=\"og:site_name\" content=\"EVIG\" \/>\n<meta property=\"article:modified_time\" content=\"2022-01-18T19:42:12+00:00\" \/>\n<meta property=\"og:image\" content=\"https:\/\/ev-charger-shop.com\/wp-content\/uploads\/2019\/09\/pulsar-plus1.jpg\" \/>\n\t<meta property=\"og:image:width\" content=\"658\" \/>\n\t<meta property=\"og:image:height\" content=\"658\" \/>\n\t<meta property=\"og:image:type\" content=\"image\/jpeg\" \/>\n<meta name=\"twitter:card\" content=\"summary_large_image\" \/>\n<meta name=\"twitter:label1\" content=\"Gesch\u00e4tzte Lesezeit\" \/>\n\t<meta name=\"twitter:data1\" content=\"1\u00a0Minute\" \/>\n<script type=\"application\/ld+json\" class=\"yoast-schema-graph\">{\"@context\":\"https:\/\/schema.org\",\"@graph\":[{\"@type\":\"WebPage\",\"@id\":\"https:\/\/ev-charger-shop.com\/shop\/home-charger\/pulsar-plus\/\",\"url\":\"https:\/\/ev-charger-shop.com\/shop\/home-charger\/pulsar-plus\/\",\"name\":\"Wallbox Pulsar Plus 22 kW with 7m Cable sold by the EV Charger Shop\",\"isPartOf\":{\"@id\":\"https:\/\/ev-charger-shop.com\/#website\"},\"primaryImageOfPage\":{\"@id\":\"https:\/\/ev-charger-shop.com\/shop\/home-charger\/pulsar-plus\/#primaryimage\"},\"image\":{\"@id\":\"https:\/\/ev-charger-shop.com\/shop\/home-charger\/pulsar-plus\/#primaryimage\"},\"thumbnailUrl\":\"https:\/\/ev-charger-shop.com\/wp-content\/uploads\/2019\/09\/pulsar-plus1.jpg\",\"datePublished\":\"2019-09-09T14:19:45+00:00\",\"dateModified\":\"2022-01-18T19:42:12+00:00\",\"description\":\"Type 2 home EV charger, the Wallbox Pulsar Plus 22kW with a 7m cable, available in both black and white. sold by the EV Charger Shop.\",\"breadcrumb\":{\"@id\":\"https:\/\/ev-charger-shop.com\/shop\/home-charger\/pulsar-plus\/#breadcrumb\"},\"inLanguage\":\"de\",\"potentialAction\":[{\"@type\":\"ReadAction\",\"target\":[\"https:\/\/ev-charger-shop.com\/shop\/home-charger\/pulsar-plus\/\"]}]},{\"@type\":\"ImageObject\",\"inLanguage\":\"de\",\"@id\":\"https:\/\/ev-charger-shop.com\/shop\/home-charger\/pulsar-plus\/#primaryimage\",\"url\":\"https:\/\/ev-charger-shop.com\/wp-content\/uploads\/2019\/09\/pulsar-plus1.jpg\",\"contentUrl\":\"https:\/\/ev-charger-shop.com\/wp-content\/uploads\/2019\/09\/pulsar-plus1.jpg\",\"width\":658,\"height\":658,\"caption\":\"Wallbox pulsar plus ev charger in black\"},{\"@type\":\"BreadcrumbList\",\"@id\":\"https:\/\/ev-charger-shop.com\/shop\/home-charger\/pulsar-plus\/#breadcrumb\",\"itemListElement\":[{\"@type\":\"ListItem\",\"position\":1,\"name\":\"Home\",\"item\":\"https:\/\/ev-charger-shop.com\/\"},{\"@type\":\"ListItem\",\"position\":2,\"name\":\"Shop\",\"item\":\"https:\/\/ev-charger-shop.com\/de\/shop\/\"},{\"@type\":\"ListItem\",\"position\":3,\"name\":\"Wallbox Pulsar Plus 22 kW with 7m Cable\"}]},{\"@type\":\"WebSite\",\"@id\":\"https:\/\/ev-charger-shop.com\/#website\",\"url\":\"https:\/\/ev-charger-shop.com\/\",\"name\":\"EVIG\",\"description\":\"The EV Innovation Group\",\"publisher\":{\"@id\":\"https:\/\/ev-charger-shop.com\/#organization\"},\"potentialAction\":[{\"@type\":\"SearchAction\",\"target\":{\"@type\":\"EntryPoint\",\"urlTemplate\":\"https:\/\/ev-charger-shop.com\/?s={search_term_string}\"},\"query-input\":{\"@type\":\"PropertyValueSpecification\",\"valueRequired\":true,\"valueName\":\"search_term_string\"}}],\"inLanguage\":\"de\"},{\"@type\":\"Organization\",\"@id\":\"https:\/\/ev-charger-shop.com\/#organization\",\"name\":\"EVIG electric vehicle chargers\",\"url\":\"https:\/\/ev-charger-shop.com\/\",\"logo\":{\"@type\":\"ImageObject\",\"inLanguage\":\"de\",\"@id\":\"https:\/\/ev-charger-shop.com\/#\/schema\/logo\/image\/\",\"url\":\"https:\/\/ev-charger-shop.com\/wp-content\/uploads\/2019\/08\/evig-icon.svg\",\"contentUrl\":\"https:\/\/ev-charger-shop.com\/wp-content\/uploads\/2019\/08\/evig-icon.svg\",\"width\":66,\"height\":66,\"caption\":\"EVIG electric vehicle chargers\"},\"image\":{\"@id\":\"https:\/\/ev-charger-shop.com\/#\/schema\/logo\/image\/\"},\"sameAs\":[\"https:\/\/instagram.com\/eviggmbh?igshid=18y9i2pnmf79a\",\"https:\/\/www.linkedin.com\/company\/ev-ig\/\"]}]}<\/script>\n<!-- \/ Yoast SEO plugin. -->","yoast_head_json":{"title":"Wallbox Pulsar Plus 22 kW with 7m Cable sold by the EV Charger Shop","description":"Type 2 home EV charger, the Wallbox Pulsar Plus 22kW with a 7m cable, available in both black and white. sold by the EV Charger Shop.","robots":{"index":"index","follow":"follow","max-snippet":"max-snippet:-1","max-image-preview":"max-image-preview:large","max-video-preview":"max-video-preview:-1"},"canonical":"https:\/\/ev-charger-shop.com\/de\/shop\/home-charger\/pulsar-plus\/","og_locale":"de_DE","og_type":"article","og_title":"Wallbox Pulsar Plus 22 kW with 7m Cable sold by the EV Charger Shop","og_description":"Type 2 home EV charger, the Wallbox Pulsar Plus 22kW with a 7m cable, available in both black and white. sold by the EV Charger Shop.","og_url":"https:\/\/ev-charger-shop.com\/de\/shop\/home-charger\/pulsar-plus\/","og_site_name":"EVIG","article_modified_time":"2022-01-18T19:42:12+00:00","og_image":[{"width":658,"height":658,"url":"https:\/\/ev-charger-shop.com\/wp-content\/uploads\/2019\/09\/pulsar-plus1.jpg","type":"image\/jpeg"}],"twitter_card":"summary_large_image","twitter_misc":{"Gesch\u00e4tzte Lesezeit":"1\u00a0Minute"},"schema":{"@context":"https:\/\/schema.org","@graph":[{"@type":"WebPage","@id":"https:\/\/ev-charger-shop.com\/shop\/home-charger\/pulsar-plus\/","url":"https:\/\/ev-charger-shop.com\/shop\/home-charger\/pulsar-plus\/","name":"Wallbox Pulsar Plus 22 kW with 7m Cable sold by the EV Charger Shop","isPartOf":{"@id":"https:\/\/ev-charger-shop.com\/#website"},"primaryImageOfPage":{"@id":"https:\/\/ev-charger-shop.com\/shop\/home-charger\/pulsar-plus\/#primaryimage"},"image":{"@id":"https:\/\/ev-charger-shop.com\/shop\/home-charger\/pulsar-plus\/#primaryimage"},"thumbnailUrl":"https:\/\/ev-charger-shop.com\/wp-content\/uploads\/2019\/09\/pulsar-plus1.jpg","datePublished":"2019-09-09T14:19:45+00:00","dateModified":"2022-01-18T19:42:12+00:00","description":"Type 2 home EV charger, the Wallbox Pulsar Plus 22kW with a 7m cable, available in both black and white. sold by the EV Charger Shop.","breadcrumb":{"@id":"https:\/\/ev-charger-shop.com\/shop\/home-charger\/pulsar-plus\/#breadcrumb"},"inLanguage":"de","potentialAction":[{"@type":"ReadAction","target":["https:\/\/ev-charger-shop.com\/shop\/home-charger\/pulsar-plus\/"]}]},{"@type":"ImageObject","inLanguage":"de","@id":"https:\/\/ev-charger-shop.com\/shop\/home-charger\/pulsar-plus\/#primaryimage","url":"https:\/\/ev-charger-shop.com\/wp-content\/uploads\/2019\/09\/pulsar-plus1.jpg","contentUrl":"https:\/\/ev-charger-shop.com\/wp-content\/uploads\/2019\/09\/pulsar-plus1.jpg","width":658,"height":658,"caption":"Wallbox pulsar plus ev charger in black"},{"@type":"BreadcrumbList","@id":"https:\/\/ev-charger-shop.com\/shop\/home-charger\/pulsar-plus\/#breadcrumb","itemListElement":[{"@type":"ListItem","position":1,"name":"Home","item":"https:\/\/ev-charger-shop.com\/"},{"@type":"ListItem","position":2,"name":"Shop","item":"https:\/\/ev-charger-shop.com\/de\/shop\/"},{"@type":"ListItem","position":3,"name":"Wallbox Pulsar Plus 22 kW with 7m Cable"}]},{"@type":"WebSite","@id":"https:\/\/ev-charger-shop.com\/#website","url":"https:\/\/ev-charger-shop.com\/","name":"EVIG","description":"The EV Innovation Group","publisher":{"@id":"https:\/\/ev-charger-shop.com\/#organization"},"potentialAction":[{"@type":"SearchAction","target":{"@type":"EntryPoint","urlTemplate":"https:\/\/ev-charger-shop.com\/?s={search_term_string}"},"query-input":{"@type":"PropertyValueSpecification","valueRequired":true,"valueName":"search_term_string"}}],"inLanguage":"de"},{"@type":"Organization","@id":"https:\/\/ev-charger-shop.com\/#organization","name":"EVIG electric vehicle chargers","url":"https:\/\/ev-charger-shop.com\/","logo":{"@type":"ImageObject","inLanguage":"de","@id":"https:\/\/ev-charger-shop.com\/#\/schema\/logo\/image\/","url":"https:\/\/ev-charger-shop.com\/wp-content\/uploads\/2019\/08\/evig-icon.svg","contentUrl":"https:\/\/ev-charger-shop.com\/wp-content\/uploads\/2019\/08\/evig-icon.svg","width":66,"height":66,"caption":"EVIG electric vehicle chargers"},"image":{"@id":"https:\/\/ev-charger-shop.com\/#\/schema\/logo\/image\/"},"sameAs":["https:\/\/instagram.com\/eviggmbh?igshid=18y9i2pnmf79a","https:\/\/www.linkedin.com\/company\/ev-ig\/"]}]}},"_links":{"self":[{"href":"https:\/\/ev-charger-shop.com\/de\/wp-json\/wp\/v2\/product\/119","targetHints":{"allow":["GET"]}}],"collection":[{"href":"https:\/\/ev-charger-shop.com\/de\/wp-json\/wp\/v2\/product"}],"about":[{"href":"https:\/\/ev-charger-shop.com\/de\/wp-json\/wp\/v2\/types\/product"}],"wp:featuredmedia":[{"embeddable":true,"href":"https:\/\/ev-charger-shop.com\/de\/wp-json\/wp\/v2\/media\/120"}],"wp:attachment":[{"href":"https:\/\/ev-charger-shop.com\/de\/wp-json\/wp\/v2\/media?parent=119"}],"wp:term":[{"taxonomy":"product_brand","embeddable":true,"href":"https:\/\/ev-charger-shop.com\/de\/wp-json\/wp\/v2\/product_brand?post=119"},{"taxonomy":"product_cat","embeddable":true,"href":"https:\/\/ev-charger-shop.com\/de\/wp-json\/wp\/v2\/product_cat?post=119"},{"taxonomy":"product_tag","embeddable":true,"href":"https:\/\/ev-charger-shop.com\/de\/wp-json\/wp\/v2\/product_tag?post=119"}],"curies":[{"name":"wp","href":"https:\/\/api.w.org\/{rel}","templated":true}]}}