{"id":42,"date":"2019-08-21T14:20:45","date_gmt":"2019-08-21T13:20:45","guid":{"rendered":"http:\/\/ev-charger-shop.com\/?page_id=42"},"modified":"2021-03-12T20:03:33","modified_gmt":"2021-03-12T20:03:33","slug":"services","status":"publish","type":"page","link":"https:\/\/ev-charger-shop.com\/de\/services\/","title":{"rendered":"Dienstleistungen"},"content":{"rendered":"<p>Die <em><strong>Haus Check\u00a0<\/strong><\/em><span lang=\"EN-GB\">will be organised within 5 working days or receiving the order from the customer. The on-site survey will be completed by a qualified technician. <\/span><\/p>\n<p>Price <strong>225.00\u20ac<\/strong>\u00a0incl. VAT<\/p>\n<p>Das beinhaltet:<\/p>\n<ul>\n<li>Eine Vorpr\u00fcfung des aktuellen elektrischen Haushaltssystems<\/li>\n<li>\u00dcberpr\u00fcfung des Eigentums am Haus<\/li>\n<li>Typ des aufzuladenden Elektrofahrzeugs<\/li>\n<li>R\u00fccksprache mit dem Kunden (z.B. welche Gr\u00f6\u00dfe des EV-Ladeger\u00e4ts verwendet werden soll)<\/li>\n<li>Planung der Installation basierend auf dem vom Kunden gew\u00fcnschten Standort f\u00fcr sein EV-Ladeger\u00e4t<\/li>\n<li>Pr\u00fcfung, ob die Hausverkabelung des Kunden die von den \u00f6rtlichen Beh\u00f6rden geforderten Mindeststandards, einschlie\u00dflich Verbrauchereinheiten und Erdungsverbindungen, erf\u00fcllt und sie keinen Bedarf an elektrischen Sanierungsarbeiten hat.<\/li>\n<li>Die Verteilertafel\/Verbrauchereinheit ist leicht zug\u00e4nglich und verf\u00fcgt \u00fcber gen\u00fcgend Arbeitsfl\u00e4che in und um sie herum, um die neue Kabelf\u00fchrung aufzunehmen.<\/li>\n<li>Verteilertafel\/Verbrauchereinheit hat einen Ersatzweg (RCB\/Schalter\/Schaltkreis).<\/li>\n<li>Feststellung, ob die Standardinstallation durchgef\u00fchrt werden kann und welcher Typ des Ladeger\u00e4ts ben\u00f6tigt wird. Falls keine Standardinstallation erfolgen kann, wird eine Rechnung f\u00fcr zus\u00e4tzliches Material neben dem Standardinstallationspaket mit Preisen und zus\u00e4tzlicher Arbeitszeit erstellt.<\/li>\n<\/ul>\n<p>&nbsp;<\/p>\n<p><span lang=\"EN-GB\">Die<\/span><em><strong><span lang=\"EN-GB\"> Home Installation Standard .<\/span><\/strong><\/em><span lang=\"EN-GB\">T<\/span><span lang=\"EN-GB\">his service will be organised with the end customer after a successful home check and can be organised within 2 weeks or at a later date agreed with the customer.\u00a0All materials for the installation service will be shipped directly to the end customer prior to the home installation.<\/span><\/p>\n<p>Price <strong>1099,00\u20ac<\/strong> incl. VAT<\/p>\n<p>Das beinhaltet:<\/p>\n<p>Voraussetzungen f\u00fcr eine <em><strong>Standard-Hausinstallation:<\/strong><\/em><\/p>\n<ul>\n<li>Die Installation der Hausverkabelung entspricht den von den \u00f6rtlichen Beh\u00f6rden geforderten Mindeststandards, einschlie\u00dflich Verbrauchereinheiten und Erdungsverbindungen, und hat keinen Bedarf an elektrischen Sanierungsarbeiten.<\/li>\n<li>Die Verteilertafel\/Verbrauchereinheit ist leicht zug\u00e4nglich und verf\u00fcgt \u00fcber gen\u00fcgend Arbeitsfl\u00e4che in und um sie herum, um die neue Kabelf\u00fchrung aufzunehmen.<\/li>\n<li>Verteilertafel\/Verbrauchereinheit hat einen Ersatzweg (RCB\/Schalter\/Schaltkreis) - Eine Hauptsicherung ist erforderlich und wird installiert.<\/li>\n<li>Kabel k\u00f6nnen einfach vom Standort des Ladeger\u00e4ts zur Verbrauchertafel gef\u00fchrt werden<\/li>\n<li>Es werden maximal zwei L\u00f6cher von einer Au\u00dfenwand aus gebohrt ohne, dass \u00c4nderungen an der Innenstruktur erforderlich sind - der Kunde muss dem zustimmen<\/li>\n<li>Die Verbrauchereinheit befindet sich in einem 10m-Radius vom Installationsort des EV-Ladeger\u00e4ts<\/li>\n<li>Es sind keine Unterflurarbeiten erforderlich<\/li>\n<li>Es sind keine Arbeiten in der H\u00f6he erforderlich, d.h. die normale Deckenh\u00f6he von 3m wird nicht \u00fcberschritten<\/li>\n<li>Es sind keine Bodenarbeiten erforderlich<\/li>\n<li>Keine versteckten oder strukturellen Standorte<\/li>\n<li>Kein Teil der Anlage ist von Nassbereichen oder Bereichen mit hohem Grundwasserspiegel betroffen.<\/li>\n<li>Kabel kann \u00fcber die gesamte L\u00e4nge der Kabelf\u00fchrung oberfl\u00e4chenmontiert werden<\/li>\n<li>Der Installationsort des Ladeger\u00e4ts ist physisch Teil desselben Geb\u00e4udes, in dem sich die Verbrauchereinheit befindet. Der Installationsort des Ladeger\u00e4ts ist ungehindert, und das Ladeger\u00e4t kann in vordefinierten (gesetzlich vorgeschriebenen) H\u00f6hen montiert werden.<\/li>\n<li>Nach Abschluss der Installation ist keine Renovierung erforderlich<\/li>\n<li>Der Kunde muss f\u00fcr die Installation verf\u00fcgbar sein<\/li>\n<li>Die Installation soll zwischen 9.00 Uhr und 17.00 Uhr erfolgen<\/li>\n<li>Max. 5 Arbeitsstunden<\/li>\n<li>Der Installationsort ist frei von Vegetation und anderen m\u00f6glichen Hindernissen<\/li>\n<\/ul>\n<p>Die folgenden Materialien und Dienstleistungen sind Teil des <em><strong>Standard-Hausinstallations<\/strong><\/em> -Service:<\/p>\n<p><strong>Materialien<\/strong><\/p>\n<ul>\n<li>Ausgew\u00e4hltes EV-Ladeger\u00e4t<\/li>\n<li>15m Kabel der richtigen Gr\u00f6\u00dfe je nach kW des EV-Ladeger\u00e4ts<\/li>\n<li>10m Kabelkanal f\u00fcr das Innere des Hauses<\/li>\n<li>LS-Schalter 4-polig K20A<\/li>\n<\/ul>\n<p><strong>Service<\/strong><\/p>\n<ul>\n<li>Das Bohren der Befestigungsl\u00f6cher in die Wand oder der Befestigungsschichten. (4 L\u00f6cher bohren und 4 D\u00fcbel einsetzen, R\u00fcckplatte an die Wand schrauben).<\/li>\n<li>Max. 5 Arbeitsstunden<\/li>\n<li>Funktionspr\u00fcfung von RCD<\/li>\n<li>Unterrichtung des Kunden \u00fcber die Verwendung des EV-Ladeger\u00e4ts und die Bedeutung der einzelnen LCD-Leuchten<\/li>\n<li>Hotline-Nummern f\u00fcr Dienstleistungen.<\/li>\n<\/ul>\n<p><span lang=\"EN-GB\">Die<\/span><em><strong><span lang=\"EN-GB\"> Heiminstallation au\u00dferhalb des Standards: <\/span><\/strong><\/em><span lang=\"EN-GB\">However, a<\/span>ll additional labour and material have to be specified in the home-check which are on top of the standard installation, only this amount of additional labour and material will be added to the invoice.<\/p>\n<p><em><strong>Pr\u00e4ventiver Dienst - J\u00e4hrliche Wartung\u00a0<\/strong><\/em>is carried out yearly and can be ordered as part of the service.<\/p>\n<p>Price <strong>295,00\u20ac<\/strong> includes:<\/p>\n<ul>\n<li>\u00dcberpr\u00fcfung der vollst\u00e4ndigen Installation von der Verbrauchertafel bis zur Wall-Box-Installation<\/li>\n<li>Clean Wall Box Check with EV Wall Box Tester<\/li>\n<li>\u00dcberpr\u00fcfung, ob die Spezifikationen den Anforderungen des Lieferanten entsprechen<\/li>\n<li>Anbringung eines unterschriebenes Stickers, der zeigt, dass die Wall Box gepr\u00fcft worden ist<\/li>\n<li>Best\u00e4tigung, dass der Service stattgefunden hat, durch Unterschrift des Kunden<\/li>\n<\/ul>\n<p><em><strong>Korrigierende Wartung - Callout-Service <\/strong><\/em>this is an as required service<\/p>\n<p>Price <strong>385,00\u20ac<\/strong> includes:<\/p>\n<ul>\n<li>\u00dcberpr\u00fcfung der vollst\u00e4ndigen Installation von der Verbrauchertafel bis zur Wall-Box-Installation<\/li>\n<li>Korrektur des Fehlers, wenn m\u00f6glich, bei einem Besuch (ggf. Ersetzung durch eine neue Wall Box)<\/li>\n<li>Reinigung der Wall Box<\/li>\n<li>Pr\u00fcfung mit dem EV Wall Box Tester<\/li>\n<li>\u00dcberpr\u00fcfung, ob die Spezifikationen den Anforderungen des Lieferanten entsprechen<\/li>\n<li>Anbringung eines unterschriebenes Stickers, der zeigt, dass die Wall Box gepr\u00fcft worden ist<\/li>\n<li>Best\u00e4tigung, dass der Service stattgefunden hat, durch Unterschrift des Kunden<\/li>\n<\/ul>\n<p>&nbsp;<\/p>\n<p>&nbsp;<\/p>","protected":false},"excerpt":{"rendered":"<p>The Home Check\u00a0will be organised within 5 working days or receiving the order from the customer. The on-site survey will be completed by a qualified technician. Price 225.00\u20ac\u00a0incl. VAT This includes: A pre-check of the current domestic electrical system Check of ownership of house Type of Electric Vehicle to be charged Consultation with customer (e.g. [&hellip;]<\/p>\n","protected":false},"author":1,"featured_media":0,"parent":0,"menu_order":0,"comment_status":"closed","ping_status":"closed","template":"services.php","meta":{"_monsterinsights_skip_tracking":false,"_monsterinsights_sitenote_active":false,"_monsterinsights_sitenote_note":"","_monsterinsights_sitenote_category":0,"footnotes":""},"class_list":["post-42","page","type-page","status-publish","hentry"],"yoast_head":"<!-- This site is optimized with the Yoast SEO plugin v27.2 - https:\/\/yoast.com\/product\/yoast-seo-wordpress\/ -->\n<title>We provide Home Check, Installation and Maintenance Services in cooperation together with our ISP - Installation Service Provider.<\/title>\n<meta name=\"description\" content=\"EV Charger Shop - Home Check, Installation and Maintenance Services provide by our ISP - Installation Service Provider.\" \/>\n<meta name=\"robots\" content=\"index, follow, max-snippet:-1, max-image-preview:large, max-video-preview:-1\" \/>\n<link rel=\"canonical\" href=\"https:\/\/ev-charger-shop.com\/de\/services\/\" \/>\n<meta property=\"og:locale\" content=\"de_DE\" \/>\n<meta property=\"og:type\" content=\"article\" \/>\n<meta property=\"og:title\" content=\"We provide Home Check, Installation and Maintenance Services in cooperation together with our ISP - Installation Service Provider.\" \/>\n<meta property=\"og:description\" content=\"EV Charger Shop - Home Check, Installation and Maintenance Services provide by our ISP - Installation Service Provider.\" \/>\n<meta property=\"og:url\" content=\"https:\/\/ev-charger-shop.com\/de\/services\/\" \/>\n<meta property=\"og:site_name\" content=\"EVIG\" \/>\n<meta property=\"article:modified_time\" content=\"2021-03-12T20:03:33+00:00\" \/>\n<meta name=\"twitter:card\" content=\"summary_large_image\" \/>\n<meta name=\"twitter:label1\" content=\"Gesch\u00e4tzte Lesezeit\" \/>\n\t<meta name=\"twitter:data1\" content=\"4\u00a0Minuten\" \/>\n<script type=\"application\/ld+json\" class=\"yoast-schema-graph\">{\"@context\":\"https:\/\/schema.org\",\"@graph\":[{\"@type\":\"WebPage\",\"@id\":\"https:\/\/ev-charger-shop.com\/services\/\",\"url\":\"https:\/\/ev-charger-shop.com\/services\/\",\"name\":\"We provide Home Check, Installation and Maintenance Services in cooperation together with our ISP - Installation Service Provider.\",\"isPartOf\":{\"@id\":\"https:\/\/ev-charger-shop.com\/#website\"},\"datePublished\":\"2019-08-21T13:20:45+00:00\",\"dateModified\":\"2021-03-12T20:03:33+00:00\",\"description\":\"EV Charger Shop - Home Check, Installation and Maintenance Services provide by our ISP - Installation Service Provider.\",\"breadcrumb\":{\"@id\":\"https:\/\/ev-charger-shop.com\/services\/#breadcrumb\"},\"inLanguage\":\"de\",\"potentialAction\":[{\"@type\":\"ReadAction\",\"target\":[\"https:\/\/ev-charger-shop.com\/services\/\"]}]},{\"@type\":\"BreadcrumbList\",\"@id\":\"https:\/\/ev-charger-shop.com\/services\/#breadcrumb\",\"itemListElement\":[{\"@type\":\"ListItem\",\"position\":1,\"name\":\"Home\",\"item\":\"https:\/\/ev-charger-shop.com\/\"},{\"@type\":\"ListItem\",\"position\":2,\"name\":\"Services\"}]},{\"@type\":\"WebSite\",\"@id\":\"https:\/\/ev-charger-shop.com\/#website\",\"url\":\"https:\/\/ev-charger-shop.com\/\",\"name\":\"EVIG\",\"description\":\"The EV Innovation Group\",\"publisher\":{\"@id\":\"https:\/\/ev-charger-shop.com\/#organization\"},\"potentialAction\":[{\"@type\":\"SearchAction\",\"target\":{\"@type\":\"EntryPoint\",\"urlTemplate\":\"https:\/\/ev-charger-shop.com\/?s={search_term_string}\"},\"query-input\":{\"@type\":\"PropertyValueSpecification\",\"valueRequired\":true,\"valueName\":\"search_term_string\"}}],\"inLanguage\":\"de\"},{\"@type\":\"Organization\",\"@id\":\"https:\/\/ev-charger-shop.com\/#organization\",\"name\":\"EVIG electric vehicle chargers\",\"url\":\"https:\/\/ev-charger-shop.com\/\",\"logo\":{\"@type\":\"ImageObject\",\"inLanguage\":\"de\",\"@id\":\"https:\/\/ev-charger-shop.com\/#\/schema\/logo\/image\/\",\"url\":\"https:\/\/ev-charger-shop.com\/wp-content\/uploads\/2019\/08\/evig-icon.svg\",\"contentUrl\":\"https:\/\/ev-charger-shop.com\/wp-content\/uploads\/2019\/08\/evig-icon.svg\",\"width\":66,\"height\":66,\"caption\":\"EVIG electric vehicle chargers\"},\"image\":{\"@id\":\"https:\/\/ev-charger-shop.com\/#\/schema\/logo\/image\/\"},\"sameAs\":[\"https:\/\/instagram.com\/eviggmbh?igshid=18y9i2pnmf79a\",\"https:\/\/www.linkedin.com\/company\/ev-ig\/\"]}]}<\/script>\n<!-- \/ Yoast SEO plugin. -->","yoast_head_json":{"title":"We provide Home Check, Installation and Maintenance Services in cooperation together with our ISP - Installation Service Provider.","description":"EV Charger Shop - Home Check, Installation and Maintenance Services provide by our ISP - Installation Service Provider.","robots":{"index":"index","follow":"follow","max-snippet":"max-snippet:-1","max-image-preview":"max-image-preview:large","max-video-preview":"max-video-preview:-1"},"canonical":"https:\/\/ev-charger-shop.com\/de\/services\/","og_locale":"de_DE","og_type":"article","og_title":"We provide Home Check, Installation and Maintenance Services in cooperation together with our ISP - Installation Service Provider.","og_description":"EV Charger Shop - Home Check, Installation and Maintenance Services provide by our ISP - Installation Service Provider.","og_url":"https:\/\/ev-charger-shop.com\/de\/services\/","og_site_name":"EVIG","article_modified_time":"2021-03-12T20:03:33+00:00","twitter_card":"summary_large_image","twitter_misc":{"Gesch\u00e4tzte Lesezeit":"4\u00a0Minuten"},"schema":{"@context":"https:\/\/schema.org","@graph":[{"@type":"WebPage","@id":"https:\/\/ev-charger-shop.com\/services\/","url":"https:\/\/ev-charger-shop.com\/services\/","name":"We provide Home Check, Installation and Maintenance Services in cooperation together with our ISP - Installation Service Provider.","isPartOf":{"@id":"https:\/\/ev-charger-shop.com\/#website"},"datePublished":"2019-08-21T13:20:45+00:00","dateModified":"2021-03-12T20:03:33+00:00","description":"EV Charger Shop - Home Check, Installation and Maintenance Services provide by our ISP - Installation Service Provider.","breadcrumb":{"@id":"https:\/\/ev-charger-shop.com\/services\/#breadcrumb"},"inLanguage":"de","potentialAction":[{"@type":"ReadAction","target":["https:\/\/ev-charger-shop.com\/services\/"]}]},{"@type":"BreadcrumbList","@id":"https:\/\/ev-charger-shop.com\/services\/#breadcrumb","itemListElement":[{"@type":"ListItem","position":1,"name":"Home","item":"https:\/\/ev-charger-shop.com\/"},{"@type":"ListItem","position":2,"name":"Services"}]},{"@type":"WebSite","@id":"https:\/\/ev-charger-shop.com\/#website","url":"https:\/\/ev-charger-shop.com\/","name":"EVIG","description":"The EV Innovation Group","publisher":{"@id":"https:\/\/ev-charger-shop.com\/#organization"},"potentialAction":[{"@type":"SearchAction","target":{"@type":"EntryPoint","urlTemplate":"https:\/\/ev-charger-shop.com\/?s={search_term_string}"},"query-input":{"@type":"PropertyValueSpecification","valueRequired":true,"valueName":"search_term_string"}}],"inLanguage":"de"},{"@type":"Organization","@id":"https:\/\/ev-charger-shop.com\/#organization","name":"EVIG electric vehicle chargers","url":"https:\/\/ev-charger-shop.com\/","logo":{"@type":"ImageObject","inLanguage":"de","@id":"https:\/\/ev-charger-shop.com\/#\/schema\/logo\/image\/","url":"https:\/\/ev-charger-shop.com\/wp-content\/uploads\/2019\/08\/evig-icon.svg","contentUrl":"https:\/\/ev-charger-shop.com\/wp-content\/uploads\/2019\/08\/evig-icon.svg","width":66,"height":66,"caption":"EVIG electric vehicle chargers"},"image":{"@id":"https:\/\/ev-charger-shop.com\/#\/schema\/logo\/image\/"},"sameAs":["https:\/\/instagram.com\/eviggmbh?igshid=18y9i2pnmf79a","https:\/\/www.linkedin.com\/company\/ev-ig\/"]}]}},"_links":{"self":[{"href":"https:\/\/ev-charger-shop.com\/de\/wp-json\/wp\/v2\/pages\/42","targetHints":{"allow":["GET"]}}],"collection":[{"href":"https:\/\/ev-charger-shop.com\/de\/wp-json\/wp\/v2\/pages"}],"about":[{"href":"https:\/\/ev-charger-shop.com\/de\/wp-json\/wp\/v2\/types\/page"}],"author":[{"embeddable":true,"href":"https:\/\/ev-charger-shop.com\/de\/wp-json\/wp\/v2\/users\/1"}],"replies":[{"embeddable":true,"href":"https:\/\/ev-charger-shop.com\/de\/wp-json\/wp\/v2\/comments?post=42"}],"version-history":[{"count":4,"href":"https:\/\/ev-charger-shop.com\/de\/wp-json\/wp\/v2\/pages\/42\/revisions"}],"predecessor-version":[{"id":392,"href":"https:\/\/ev-charger-shop.com\/de\/wp-json\/wp\/v2\/pages\/42\/revisions\/392"}],"wp:attachment":[{"href":"https:\/\/ev-charger-shop.com\/de\/wp-json\/wp\/v2\/media?parent=42"}],"curies":[{"name":"wp","href":"https:\/\/api.w.org\/{rel}","templated":true}]}}