{"id":2,"date":"2019-04-26T12:05:55","date_gmt":"2019-04-26T11:05:55","guid":{"rendered":"http:\/\/ev-charger-shop.com\/?page_id=2"},"modified":"2023-02-01T11:06:43","modified_gmt":"2023-02-01T11:06:43","slug":"charge-ev-and-electric-vehicle-charger-solutions-from-evig-tagline-site-title-separator","status":"publish","type":"page","link":"https:\/\/ev-charger-shop.com\/de\/","title":{"rendered":"Home"},"content":{"rendered":"<h2><img loading=\"lazy\" decoding=\"async\" class=\"size-full wp-image-46 aligncenter\" role=\"img\" src=\"https:\/\/ev-charger-shop.com\/wp-content\/uploads\/2019\/08\/evig-icon.svg\" alt=\"evig icon consisting of an electric car charger plug\" width=\"66\" height=\"66\"><\/h2>\n<h2 style=\"text-align: center;\">Wir machen den Einstieg in<br \/>\nEV-Charging einfach.<\/h2>\n<p style=\"text-align: center;\">We set out on our journey armed with the belief that we had the EV Charger solution to a friend\u2019s problem. He wanted to buy an Electric Vehicle Charger for his electric car, but like most of us, he was not a hobby electrician and he found it difficult to work out which charger he needed to buy. We realised he was not alone. Since then our mission has been clear, to simplify your transition to electric transport.<\/p>\n<p style=\"text-align: center;\">Seitdem ist unsere Mission klar: den Einstieg in EV-Charging f\u00fcr jeden einfach zu machen. Dies steht hinter allem, was wir tun: von der sorgf\u00e4ltigen Auswahl der besten Ladeger\u00e4te f\u00fcr Ihr Zuhause, bis hin zur Unterst\u00fctzung bei der Konzipierung und Installation einer f\u00fcr Ihr Unternehmen ma\u00dfgeschneiderten Ladel\u00f6sung.<\/p>\n<p style=\"text-align: center;\">Profitieren Sie von unserem technischen Wissen \u00fcber EV-Ladeger\u00e4te, Go clean. Go Far.<\/p>","protected":false},"excerpt":{"rendered":"<p>Our mission is to make EV transportation easy. We set out on our journey armed with the belief that we had the EV Charger solution to a friend\u2019s problem. He wanted to buy an Electric Vehicle Charger for his electric car, but like most of us, he was not a hobby electrician and he found [&hellip;]<\/p>\n","protected":false},"author":1,"featured_media":0,"parent":0,"menu_order":0,"comment_status":"closed","ping_status":"open","template":"home-page.php","meta":{"_monsterinsights_skip_tracking":false,"_monsterinsights_sitenote_active":false,"_monsterinsights_sitenote_note":"","_monsterinsights_sitenote_category":0,"footnotes":""},"class_list":["post-2","page","type-page","status-publish","hentry"],"yoast_head":"<!-- This site is optimized with the Yoast SEO plugin v27.2 - https:\/\/yoast.com\/product\/yoast-seo-wordpress\/ -->\n<title>Charge EV and Electric Vehicle charger solutions from EVIG<\/title>\n<meta name=\"description\" content=\"Charge EV and electrical vehicle charger and EV wallbox solutions from EVIG and online shop. Based in Hamburg Germany.\" \/>\n<meta name=\"robots\" content=\"index, follow, max-snippet:-1, max-image-preview:large, max-video-preview:-1\" \/>\n<link rel=\"canonical\" href=\"https:\/\/ev-charger-shop.com\/de\/\" \/>\n<meta property=\"og:locale\" content=\"de_DE\" \/>\n<meta property=\"og:type\" content=\"article\" \/>\n<meta property=\"og:title\" content=\"Charge EV and Electric Vehicle charger solutions from EVIG\" \/>\n<meta property=\"og:description\" content=\"Charge EV and electrical vehicle charger and EV wallbox solutions from EVIG and online shop. Based in Hamburg Germany.\" \/>\n<meta property=\"og:url\" content=\"https:\/\/ev-charger-shop.com\/de\/\" \/>\n<meta property=\"og:site_name\" content=\"EVIG\" \/>\n<meta property=\"article:modified_time\" content=\"2023-02-01T11:06:43+00:00\" \/>\n<meta property=\"og:image\" content=\"https:\/\/ev-charger-shop.com\/wp-content\/uploads\/2019\/08\/evig-icon.svg\" \/>\n<meta name=\"twitter:card\" content=\"summary_large_image\" \/>\n<meta name=\"twitter:label1\" content=\"Gesch\u00e4tzte Lesezeit\" \/>\n\t<meta name=\"twitter:data1\" content=\"1\u00a0Minute\" \/>\n<script type=\"application\/ld+json\" class=\"yoast-schema-graph\">{\"@context\":\"https:\/\/schema.org\",\"@graph\":[{\"@type\":\"WebPage\",\"@id\":\"https:\/\/ev-charger-shop.com\/\",\"url\":\"https:\/\/ev-charger-shop.com\/\",\"name\":\"Charge EV and Electric Vehicle charger solutions from EVIG\",\"isPartOf\":{\"@id\":\"https:\/\/ev-charger-shop.com\/#website\"},\"primaryImageOfPage\":{\"@id\":\"https:\/\/ev-charger-shop.com\/#primaryimage\"},\"image\":{\"@id\":\"https:\/\/ev-charger-shop.com\/#primaryimage\"},\"thumbnailUrl\":\"https:\/\/ev-charger-shop.com\/wp-content\/uploads\/2019\/08\/evig-icon.svg\",\"datePublished\":\"2019-04-26T11:05:55+00:00\",\"dateModified\":\"2023-02-01T11:06:43+00:00\",\"description\":\"Charge EV and electrical vehicle charger and EV wallbox solutions from EVIG and online shop. Based in Hamburg Germany.\",\"breadcrumb\":{\"@id\":\"https:\/\/ev-charger-shop.com\/#breadcrumb\"},\"inLanguage\":\"de\",\"potentialAction\":[{\"@type\":\"ReadAction\",\"target\":[\"https:\/\/ev-charger-shop.com\/\"]}]},{\"@type\":\"ImageObject\",\"inLanguage\":\"de\",\"@id\":\"https:\/\/ev-charger-shop.com\/#primaryimage\",\"url\":\"https:\/\/ev-charger-shop.com\/wp-content\/uploads\/2019\/08\/evig-icon.svg\",\"contentUrl\":\"https:\/\/ev-charger-shop.com\/wp-content\/uploads\/2019\/08\/evig-icon.svg\"},{\"@type\":\"BreadcrumbList\",\"@id\":\"https:\/\/ev-charger-shop.com\/#breadcrumb\",\"itemListElement\":[{\"@type\":\"ListItem\",\"position\":1,\"name\":\"Home\",\"item\":\"https:\/\/ev-charger-shop.com\/\"},{\"@type\":\"ListItem\",\"position\":2,\"name\":\"Home\"}]},{\"@type\":\"WebSite\",\"@id\":\"https:\/\/ev-charger-shop.com\/#website\",\"url\":\"https:\/\/ev-charger-shop.com\/\",\"name\":\"EVIG\",\"description\":\"The EV Innovation Group\",\"publisher\":{\"@id\":\"https:\/\/ev-charger-shop.com\/#organization\"},\"potentialAction\":[{\"@type\":\"SearchAction\",\"target\":{\"@type\":\"EntryPoint\",\"urlTemplate\":\"https:\/\/ev-charger-shop.com\/?s={search_term_string}\"},\"query-input\":{\"@type\":\"PropertyValueSpecification\",\"valueRequired\":true,\"valueName\":\"search_term_string\"}}],\"inLanguage\":\"de\"},{\"@type\":\"Organization\",\"@id\":\"https:\/\/ev-charger-shop.com\/#organization\",\"name\":\"EVIG electric vehicle chargers\",\"url\":\"https:\/\/ev-charger-shop.com\/\",\"logo\":{\"@type\":\"ImageObject\",\"inLanguage\":\"de\",\"@id\":\"https:\/\/ev-charger-shop.com\/#\/schema\/logo\/image\/\",\"url\":\"https:\/\/ev-charger-shop.com\/wp-content\/uploads\/2019\/08\/evig-icon.svg\",\"contentUrl\":\"https:\/\/ev-charger-shop.com\/wp-content\/uploads\/2019\/08\/evig-icon.svg\",\"width\":66,\"height\":66,\"caption\":\"EVIG electric vehicle chargers\"},\"image\":{\"@id\":\"https:\/\/ev-charger-shop.com\/#\/schema\/logo\/image\/\"},\"sameAs\":[\"https:\/\/instagram.com\/eviggmbh?igshid=18y9i2pnmf79a\",\"https:\/\/www.linkedin.com\/company\/ev-ig\/\"]}]}<\/script>\n<!-- \/ Yoast SEO plugin. -->","yoast_head_json":{"title":"Charge EV and Electric Vehicle charger solutions from EVIG","description":"Charge EV and electrical vehicle charger and EV wallbox solutions from EVIG and online shop. Based in Hamburg Germany.","robots":{"index":"index","follow":"follow","max-snippet":"max-snippet:-1","max-image-preview":"max-image-preview:large","max-video-preview":"max-video-preview:-1"},"canonical":"https:\/\/ev-charger-shop.com\/de\/","og_locale":"de_DE","og_type":"article","og_title":"Charge EV and Electric Vehicle charger solutions from EVIG","og_description":"Charge EV and electrical vehicle charger and EV wallbox solutions from EVIG and online shop. Based in Hamburg Germany.","og_url":"https:\/\/ev-charger-shop.com\/de\/","og_site_name":"EVIG","article_modified_time":"2023-02-01T11:06:43+00:00","og_image":[{"url":"https:\/\/ev-charger-shop.com\/wp-content\/uploads\/2019\/08\/evig-icon.svg","type":"","width":"","height":""}],"twitter_card":"summary_large_image","twitter_misc":{"Gesch\u00e4tzte Lesezeit":"1\u00a0Minute"},"schema":{"@context":"https:\/\/schema.org","@graph":[{"@type":"WebPage","@id":"https:\/\/ev-charger-shop.com\/","url":"https:\/\/ev-charger-shop.com\/","name":"Charge EV and Electric Vehicle charger solutions from EVIG","isPartOf":{"@id":"https:\/\/ev-charger-shop.com\/#website"},"primaryImageOfPage":{"@id":"https:\/\/ev-charger-shop.com\/#primaryimage"},"image":{"@id":"https:\/\/ev-charger-shop.com\/#primaryimage"},"thumbnailUrl":"https:\/\/ev-charger-shop.com\/wp-content\/uploads\/2019\/08\/evig-icon.svg","datePublished":"2019-04-26T11:05:55+00:00","dateModified":"2023-02-01T11:06:43+00:00","description":"Charge EV and electrical vehicle charger and EV wallbox solutions from EVIG and online shop. Based in Hamburg Germany.","breadcrumb":{"@id":"https:\/\/ev-charger-shop.com\/#breadcrumb"},"inLanguage":"de","potentialAction":[{"@type":"ReadAction","target":["https:\/\/ev-charger-shop.com\/"]}]},{"@type":"ImageObject","inLanguage":"de","@id":"https:\/\/ev-charger-shop.com\/#primaryimage","url":"https:\/\/ev-charger-shop.com\/wp-content\/uploads\/2019\/08\/evig-icon.svg","contentUrl":"https:\/\/ev-charger-shop.com\/wp-content\/uploads\/2019\/08\/evig-icon.svg"},{"@type":"BreadcrumbList","@id":"https:\/\/ev-charger-shop.com\/#breadcrumb","itemListElement":[{"@type":"ListItem","position":1,"name":"Home","item":"https:\/\/ev-charger-shop.com\/"},{"@type":"ListItem","position":2,"name":"Home"}]},{"@type":"WebSite","@id":"https:\/\/ev-charger-shop.com\/#website","url":"https:\/\/ev-charger-shop.com\/","name":"EVIG","description":"The EV Innovation Group","publisher":{"@id":"https:\/\/ev-charger-shop.com\/#organization"},"potentialAction":[{"@type":"SearchAction","target":{"@type":"EntryPoint","urlTemplate":"https:\/\/ev-charger-shop.com\/?s={search_term_string}"},"query-input":{"@type":"PropertyValueSpecification","valueRequired":true,"valueName":"search_term_string"}}],"inLanguage":"de"},{"@type":"Organization","@id":"https:\/\/ev-charger-shop.com\/#organization","name":"EVIG electric vehicle chargers","url":"https:\/\/ev-charger-shop.com\/","logo":{"@type":"ImageObject","inLanguage":"de","@id":"https:\/\/ev-charger-shop.com\/#\/schema\/logo\/image\/","url":"https:\/\/ev-charger-shop.com\/wp-content\/uploads\/2019\/08\/evig-icon.svg","contentUrl":"https:\/\/ev-charger-shop.com\/wp-content\/uploads\/2019\/08\/evig-icon.svg","width":66,"height":66,"caption":"EVIG electric vehicle chargers"},"image":{"@id":"https:\/\/ev-charger-shop.com\/#\/schema\/logo\/image\/"},"sameAs":["https:\/\/instagram.com\/eviggmbh?igshid=18y9i2pnmf79a","https:\/\/www.linkedin.com\/company\/ev-ig\/"]}]}},"_links":{"self":[{"href":"https:\/\/ev-charger-shop.com\/de\/wp-json\/wp\/v2\/pages\/2","targetHints":{"allow":["GET"]}}],"collection":[{"href":"https:\/\/ev-charger-shop.com\/de\/wp-json\/wp\/v2\/pages"}],"about":[{"href":"https:\/\/ev-charger-shop.com\/de\/wp-json\/wp\/v2\/types\/page"}],"author":[{"embeddable":true,"href":"https:\/\/ev-charger-shop.com\/de\/wp-json\/wp\/v2\/users\/1"}],"replies":[{"embeddable":true,"href":"https:\/\/ev-charger-shop.com\/de\/wp-json\/wp\/v2\/comments?post=2"}],"version-history":[{"count":19,"href":"https:\/\/ev-charger-shop.com\/de\/wp-json\/wp\/v2\/pages\/2\/revisions"}],"predecessor-version":[{"id":42515,"href":"https:\/\/ev-charger-shop.com\/de\/wp-json\/wp\/v2\/pages\/2\/revisions\/42515"}],"wp:attachment":[{"href":"https:\/\/ev-charger-shop.com\/de\/wp-json\/wp\/v2\/media?parent=2"}],"curies":[{"name":"wp","href":"https:\/\/api.w.org\/{rel}","templated":true}]}}